{"id":2117,"date":"2021-03-08T15:57:11","date_gmt":"2021-03-08T07:57:11","guid":{"rendered":"https:\/\/avecobaggie.com\/?post_type=product&#038;p=2117"},"modified":"2021-03-30T10:48:14","modified_gmt":"2021-03-30T02:48:14","slug":"natural-linen-burlap-gift-bags-wholesale","status":"publish","type":"product","link":"https:\/\/avecobaggie.com\/fr\/produit\/natural-linen-burlap-gift-bags-wholesale\/","title":{"rendered":"Sacs cadeaux en toile de jute de lin naturel Wholesale"},"content":{"rendered":"<p>Aveco fournit principalement des sacs \u00e9cologiques personnalis\u00e9s avec un service de solution \u00e0 guichet unique. Nous avons \u00e9galement quelques formes de base de sacs pour un d\u00e9marrage facile, comme indiqu\u00e9 sur le site Web de\u00a0\u00a0<a href=\"https:\/\/avecobaggie.com\/fr\/categorie-produit\/bags-in-stock\/\"><strong> Sac en stock<\/strong> <\/a>. la plupart des sacs en stock sont vierges de toute impression, il est donc plus facile pour vous d'apposer un logo ou une \u00e9tiquette priv\u00e9e pour vos clients sans minimum.<\/p>\n<p>Les sacs \u00e0 cordon en toile de jute sont disponibles dans les 8 tailles ci-dessous, ils peuvent \u00eatre exp\u00e9di\u00e9s rapidement sous 3 jours. Tous les sacs d'\u00e9picerie en toile que nous fournissons ici sont fabriqu\u00e9s \u00e0 partir de mat\u00e9riaux non toxiques et respectueux de l'environnement.<span class=\"Apple-converted-space\">\u00a0 <\/span>ainsi que les grandes marques.<\/p>\n<p class=\"p1\"><span class=\"Apple-converted-space\">\u00a0 \u00a0 Si vous souhaitez personnaliser ces sacs \u00e9cologiques, c'est \u00e9galement facile, certains de ces sacs \u00e9tant m\u00eame dot\u00e9s d'un prix extr\u00eamement bas. <\/span>MOQ pour les surfaces personnalis\u00e9es. En particulier, les sacs en coton ou en toile sont extr\u00eamement bas, \u00e0 100 pi\u00e8ces ou m\u00eame moins, pour soutenir les d\u00e9butants. <a href=\"https:\/\/avecobaggie.com\/fr\/custom-solutions\/\"><strong>SOLUTIONS SUR MESURE<\/strong><\/a> pour en savoir plus sur les \u00e9tapes des sacs personnalis\u00e9s.<\/p>\n<h3 class=\"p1\"><span style=\"color: #333333;\"><span class=\"Apple-converted-space\">\u00a0\u00a0<\/span>Caract\u00e9ristiques du produit Sacs cadeaux en toile de jute en lin naturel Wholesale<\/span><\/h3>\n<ul>\n<li><strong>Style du sac<\/strong>:<span class=\"a-list-item\">Toile de jute en lin naturel lavable et r\u00e9utilisable<\/span><\/li>\n<li><strong>Type de mat\u00e9riau<\/strong>: Toile de jute -<span class=\"a-list-item\">le mat\u00e9riau du sac est la toile de jute, qui est durable et solide ; ils peuvent \u00eatre utilis\u00e9s pendant une longue p\u00e9riode ; la qualit\u00e9 du mat\u00e9riau et de la construction les rend pratiques<\/span><\/li>\n<li><strong>Couleur du mat\u00e9riau<\/strong>: Jute naturel<\/li>\n<li><strong>Taille du sac<\/strong>Les dimensions des sacs sont les suivantes : 7X9CM|10X15CM|13X18CM|15X20CM|17X23CM|20X25CM|20X30CM|30X40CM\uff08 liste des dimensions les plus courantes, nous acceptons les sacs de dimensions personnalis\u00e9es \uff09<\/li>\n<li><strong>Surface d'impression<\/strong>: 1 couleur | 2 couleurs | plus de couleurs| Impression compl\u00e8te, impression d'un c\u00f4t\u00e9 ou de deux c\u00f4t\u00e9s<\/li>\n<li><strong>Fermeture<\/strong>:\u00a0<span class=\"a-list-item\">La conception du cordon de serrage rend ces sacs en toile de jute plus faciles \u00e0 attacher pour \u00e9viter de perdre des objets. Suffisamment petits pour \u00eatre transport\u00e9s dans votre sac \u00e0 main, votre sac, votre voiture, votre sac \u00e0 cosm\u00e9tiques, ils sont pratiques \u00e0 transporter lorsque vous sortez, que vous vous promenez ou que vous voyagez.<\/span><\/li>\n<li><strong>Instructions d'entretien<\/strong>: Lavage \u00e0 la main recommand\u00e9, pas de lavage en machine.<\/li>\n<\/ul>","protected":false},"excerpt":{"rendered":"<p>Fabrication pr\u00e9cise et m\u00e9ticuleuse, couture nette et pr\u00e9cise, disponible en 8 tailles en stock, livraison sous 3 jours.<\/p>","protected":false},"featured_media":2122,"comment_status":"open","ping_status":"closed","template":"","meta":{"_seopress_robots_primary_cat":"none","_seopress_titles_title":"Natural Linen Burlap Gift Bags Wholesale - Bulk In Stock  - Fast Ship","_seopress_titles_desc":"Popular design &amp; Size - Fast Delivery in 3 Days - Flexible Shipping Courier - Added Value Service - Work with Aveco and be a Happy Burlap Gift Bag Importer","_seopress_robots_index":""},"product_brand":[],"product_cat":[113],"product_tag":[123],"class_list":{"0":"post-2117","1":"product","2":"type-product","3":"status-publish","4":"has-post-thumbnail","6":"product_cat-bags-in-stock","7":"product_tag-in-stock","9":"first","10":"instock","11":"taxable","12":"shipping-taxable","13":"product-type-simple"},"_links":{"self":[{"href":"https:\/\/avecobaggie.com\/fr\/wp-json\/wp\/v2\/product\/2117","targetHints":{"allow":["GET"]}}],"collection":[{"href":"https:\/\/avecobaggie.com\/fr\/wp-json\/wp\/v2\/product"}],"about":[{"href":"https:\/\/avecobaggie.com\/fr\/wp-json\/wp\/v2\/types\/product"}],"replies":[{"embeddable":true,"href":"https:\/\/avecobaggie.com\/fr\/wp-json\/wp\/v2\/comments?post=2117"}],"wp:featuredmedia":[{"embeddable":true,"href":"https:\/\/avecobaggie.com\/fr\/wp-json\/wp\/v2\/media\/2122"}],"wp:attachment":[{"href":"https:\/\/avecobaggie.com\/fr\/wp-json\/wp\/v2\/media?parent=2117"}],"wp:term":[{"taxonomy":"product_brand","embeddable":true,"href":"https:\/\/avecobaggie.com\/fr\/wp-json\/wp\/v2\/product_brand?post=2117"},{"taxonomy":"product_cat","embeddable":true,"href":"https:\/\/avecobaggie.com\/fr\/wp-json\/wp\/v2\/product_cat?post=2117"},{"taxonomy":"product_tag","embeddable":true,"href":"https:\/\/avecobaggie.com\/fr\/wp-json\/wp\/v2\/product_tag?post=2117"}],"curies":[{"name":"wp","href":"https:\/\/api.w.org\/{rel}","templated":true}]}}