{"id":2173,"date":"2021-03-09T15:23:22","date_gmt":"2021-03-09T07:23:22","guid":{"rendered":"https:\/\/avecobaggie.com\/?post_type=product&#038;p=2173"},"modified":"2021-03-30T10:47:22","modified_gmt":"2021-03-30T02:47:22","slug":"round-bottom-canvas-grocery-bag-in-bulk","status":"publish","type":"product","link":"https:\/\/avecobaggie.com\/fr\/produit\/round-bottom-canvas-grocery-bag-in-bulk\/","title":{"rendered":"Sac d'\u00e9picerie en toile \u00e0 fond rond en vrac"},"content":{"rendered":"<p>Aveco fournit principalement des sacs \u00e9cologiques personnalis\u00e9s avec un service de solution \u00e0 guichet unique. Nous avons \u00e9galement quelques formes de base de sacs pour un d\u00e9marrage facile, comme indiqu\u00e9 sur le site Web de\u00a0\u00a0<a href=\"https:\/\/avecobaggie.com\/fr\/categorie-produit\/bags-in-stock\/\"> Sacs en stock <\/a>. la plupart des sacs en stock sont vierges de toute impression, il est donc plus facile pour vous d'apposer un logo ou une \u00e9tiquette priv\u00e9e pour vos clients sans minimum.<\/p>\n<p>The listed Round bottom canvas grocery bags are available in below 6 sizes, they can ship fast within 3 days. All the canvas grocery bags we provided here are manufactured as Non-toxic eco friendly materials.We are happy to support small business<span class=\"Apple-converted-space\">\u00a0 <\/span>ainsi que les grandes marques.<\/p>\n<p class=\"p1\"><span class=\"Apple-converted-space\">\u00a0 \u00a0 Si vous souhaitez personnaliser ces sacs \u00e9cologiques, c'est \u00e9galement facile, certains de ces sacs \u00e9tant m\u00eame dot\u00e9s d'un prix extr\u00eamement bas. <\/span>MOQ pour les surfaces personnalis\u00e9es. En particulier, les sacs en coton ou en toile sont extr\u00eamement bas, \u00e0 100 pi\u00e8ces ou m\u00eame moins, pour soutenir les d\u00e9butants. <a href=\"https:\/\/avecobaggie.com\/fr\/custom-solutions\/\"><strong>SOLUTIONS SUR MESURE<\/strong><\/a> pour en savoir plus sur les \u00e9tapes des sacs personnalis\u00e9s.<\/p>\n<h3 class=\"p1\"><span style=\"color: #333333;\">\u00a0 \u00a0 \u00a0Caract\u00e9ristiques du produit pour le sac d'\u00e9picerie en toile \u00e0 fond rond en vrac<\/span><\/h3>\n<ul>\n<li><strong>Bag Style : <\/strong><span class=\"a-list-item\">canvas grocery bag\u00a0<\/span><\/li>\n<li>Material weight: 8oz for stock, can also custom other thickness.<\/li>\n<li><strong>Type de mat\u00e9riau<\/strong>: 8 oz canvas( 65%polyester+35% cotton) <span class=\"a-list-item\">\u00a0is durable and sturdy; They can use for a long time; Quality material and construction make them practical<\/span><\/li>\n<li><strong>Couleur du mat\u00e9riau<\/strong>: Beige naturel<\/li>\n<li><strong>Taille du sac<\/strong>: 7X29CM|8X35CM|10X30CM|13X25CM|13X29CM|17X39CM|\uff08 list with popular size, we accept customized size bag \uff09<\/li>\n<li><strong>Surface d'impression<\/strong>: Plain color in stock ,for custom ,it can be 1 color | 2 color | more color| Full printing, printing one side or two sides<\/li>\n<li><strong>Fermeture<\/strong>:\u00a0<span class=\"a-list-item\">Drawstring design make these canvas grocery bags easier to fasten so avoid objects lost. bag size from small to big to suit all your needs.<\/span><\/li>\n<li><strong>Instructions d'entretien<\/strong>: Hand wash recommend, machine wash is also ok, but hang dry, a little shrink is unavoidable.<\/li>\n<\/ul>\n<p>&nbsp;<\/p>","protected":false},"excerpt":{"rendered":"<p>Made of high quality canvas, round bottom make it stands well. Durable construction and good stitching of these bags will never let you down.Various sizes and it can be easily to DIY the logo or prints on these drawstring bags.<\/p>","protected":false},"featured_media":2174,"comment_status":"open","ping_status":"closed","template":"","meta":{"_seopress_robots_primary_cat":"none","_seopress_titles_title":"%%post_title%% %%sep%%Wholesale &amp; OEM","_seopress_titles_desc":"Durable Canvas,Various Size in Stock ,Ship within 3 Days,Custom with Avecobaggie, Your Reliable Eco Bag Wholesaler and Manufacturer","_seopress_robots_index":""},"product_brand":[],"product_cat":[92,102,109,113],"product_tag":[123],"class_list":{"0":"post-2173","1":"product","2":"type-product","3":"status-publish","4":"has-post-thumbnail","6":"product_cat-drawstring-bag","7":"product_cat-cotton-canvas-bag","8":"product_cat-everyday","9":"product_cat-bags-in-stock","10":"product_tag-in-stock","12":"first","13":"instock","14":"taxable","15":"shipping-taxable","16":"product-type-simple"},"_links":{"self":[{"href":"https:\/\/avecobaggie.com\/fr\/wp-json\/wp\/v2\/product\/2173","targetHints":{"allow":["GET"]}}],"collection":[{"href":"https:\/\/avecobaggie.com\/fr\/wp-json\/wp\/v2\/product"}],"about":[{"href":"https:\/\/avecobaggie.com\/fr\/wp-json\/wp\/v2\/types\/product"}],"replies":[{"embeddable":true,"href":"https:\/\/avecobaggie.com\/fr\/wp-json\/wp\/v2\/comments?post=2173"}],"wp:featuredmedia":[{"embeddable":true,"href":"https:\/\/avecobaggie.com\/fr\/wp-json\/wp\/v2\/media\/2174"}],"wp:attachment":[{"href":"https:\/\/avecobaggie.com\/fr\/wp-json\/wp\/v2\/media?parent=2173"}],"wp:term":[{"taxonomy":"product_brand","embeddable":true,"href":"https:\/\/avecobaggie.com\/fr\/wp-json\/wp\/v2\/product_brand?post=2173"},{"taxonomy":"product_cat","embeddable":true,"href":"https:\/\/avecobaggie.com\/fr\/wp-json\/wp\/v2\/product_cat?post=2173"},{"taxonomy":"product_tag","embeddable":true,"href":"https:\/\/avecobaggie.com\/fr\/wp-json\/wp\/v2\/product_tag?post=2173"}],"curies":[{"name":"wp","href":"https:\/\/api.w.org\/{rel}","templated":true}]}}