{"id":2184,"date":"2021-03-09T16:10:16","date_gmt":"2021-03-09T08:10:16","guid":{"rendered":"https:\/\/avecobaggie.com\/?post_type=product&#038;p=2184"},"modified":"2021-03-30T10:46:42","modified_gmt":"2021-03-30T02:46:42","slug":"burlap-wine-bottle-bags-with-window","status":"publish","type":"product","link":"https:\/\/avecobaggie.com\/fr\/produit\/burlap-wine-bottle-bags-with-window\/","title":{"rendered":"Sacs \u00e0 bouteilles de vin en toile de jute avec fen\u00eatre"},"content":{"rendered":"<p>Aveco mainly provide customized eco bags with one stop shop solution service. All the materials we use are eco-friendly including cotton, canvas, linen, jute, felt etc. We also have some basic shape of bags for an easy start as listed on the website of\u00a0\u00a0<a href=\"https:\/\/avecobaggie.com\/fr\/categorie-produit\/bags-in-stock\/\"> Sacs en stock <\/a>. la plupart des sacs en stock sont vierges de toute impression, ce qui vous permet d'apposer plus facilement un logo ou une \u00e9tiquette priv\u00e9e pour vos clients, sans minimum.<\/p>\n<p><span class=\"Apple-converted-space\">\u00a0 \u00a0 Si vous souhaitez personnaliser ces sacs \u00e9cologiques, c'est \u00e9galement facile, certains de ces sacs \u00e9tant m\u00eame dot\u00e9s d'un prix extr\u00eamement bas. <\/span>MOQ pour les surfaces personnalis\u00e9es. En particulier, les sacs en coton ou en toile sont extr\u00eamement bas, \u00e0 100 pi\u00e8ces ou m\u00eame moins, pour soutenir les d\u00e9butants. <a href=\"https:\/\/avecobaggie.com\/fr\/custom-solutions\/\"><strong>SOLUTIONS SUR MESURE<\/strong><\/a> pour en savoir plus sur les \u00e9tapes des sacs personnalis\u00e9s.<\/p>\n<p>The listed wine bag is unique with a transparent window display, perfect for party wine gift bags.<\/p>\n<h4 class=\"p1\"><span style=\"color: #333333;\">Caract\u00e9ristiques du produit<\/span><\/h4>\n<ul>\n<li><strong>Style du sac<\/strong>: Burlap wine bottle bags with clear window display<\/li>\n<li><strong>Type de mat\u00e9riau<\/strong>: burlap<\/li>\n<li><strong>Couleur du mat\u00e9riau<\/strong>: Natural Beige<\/li>\n<li><strong>Taille du sac<\/strong>: 10X10X32CM ( list with standard size, we accept customized size bag \uff09<\/li>\n<li><strong>Surface d'impression<\/strong>: 1 couleur | 2 couleurs | plus de couleurs| Impression compl\u00e8te, impression d'un c\u00f4t\u00e9 ou de deux c\u00f4t\u00e9s<\/li>\n<li><strong>Fermeture<\/strong>: Ouvrir<\/li>\n<li><strong>Instructions d'entretien<\/strong>: Hand wash ,no Machine wash , hang dry.<\/li>\n<\/ul>\n<p>&nbsp;<\/p>","protected":false},"excerpt":{"rendered":"<p><span class=\"a-list-item\">The reusable, recyclable burlap wine bags are great for rustic chic weddings, favors, arts &amp; crafts, and promotional needs. It also comes with transparent PVC window and full side and bottom gussets.<\/span><\/p>","protected":false},"featured_media":2190,"comment_status":"open","ping_status":"closed","template":"","meta":{"_seopress_robots_primary_cat":"none","_seopress_titles_title":"China Single Burlap Wine Bottle Bags With Clear Window","_seopress_titles_desc":"The reusable, burlap wine bottle bags are great for rustic chic weddings, favors, arts &amp; crafts, and promotional needs. Get Free Sample and offer Now!","_seopress_robots_index":""},"product_brand":[],"product_cat":[29,104,109],"product_tag":[124],"class_list":{"0":"post-2184","1":"product","2":"type-product","3":"status-publish","4":"has-post-thumbnail","6":"product_cat-tote-bag","7":"product_cat-jute-burlap-bag","8":"product_cat-everyday","9":"product_tag-wine-bag","11":"first","12":"instock","13":"taxable","14":"shipping-taxable","15":"product-type-simple"},"_links":{"self":[{"href":"https:\/\/avecobaggie.com\/fr\/wp-json\/wp\/v2\/product\/2184","targetHints":{"allow":["GET"]}}],"collection":[{"href":"https:\/\/avecobaggie.com\/fr\/wp-json\/wp\/v2\/product"}],"about":[{"href":"https:\/\/avecobaggie.com\/fr\/wp-json\/wp\/v2\/types\/product"}],"replies":[{"embeddable":true,"href":"https:\/\/avecobaggie.com\/fr\/wp-json\/wp\/v2\/comments?post=2184"}],"wp:featuredmedia":[{"embeddable":true,"href":"https:\/\/avecobaggie.com\/fr\/wp-json\/wp\/v2\/media\/2190"}],"wp:attachment":[{"href":"https:\/\/avecobaggie.com\/fr\/wp-json\/wp\/v2\/media?parent=2184"}],"wp:term":[{"taxonomy":"product_brand","embeddable":true,"href":"https:\/\/avecobaggie.com\/fr\/wp-json\/wp\/v2\/product_brand?post=2184"},{"taxonomy":"product_cat","embeddable":true,"href":"https:\/\/avecobaggie.com\/fr\/wp-json\/wp\/v2\/product_cat?post=2184"},{"taxonomy":"product_tag","embeddable":true,"href":"https:\/\/avecobaggie.com\/fr\/wp-json\/wp\/v2\/product_tag?post=2184"}],"curies":[{"name":"wp","href":"https:\/\/api.w.org\/{rel}","templated":true}]}}