{"id":2240,"date":"2021-03-09T17:11:33","date_gmt":"2021-03-09T09:11:33","guid":{"rendered":"https:\/\/avecobaggie.com\/?post_type=product&#038;p=2240"},"modified":"2021-03-24T07:30:06","modified_gmt":"2021-03-23T23:30:06","slug":"jute-beach-bag-tote-wholesale","status":"publish","type":"product","link":"https:\/\/avecobaggie.com\/fr\/produit\/jute-beach-bag-tote-wholesale\/","title":{"rendered":"Sac de plage en jute Tote Wholesale"},"content":{"rendered":"<p>La soci\u00e9t\u00e9 Aveco fournit principalement des sacs \u00e9cologiques personnalis\u00e9s de toutes sortes avec un service de solution \u00e0 guichet unique. Nous avons \u00e9galement quelques formes de base de sacs pour un d\u00e9marrage facile, comme indiqu\u00e9 sur le site Web de Aveco.\u00a0\u00a0<a href=\"https:\/\/avecobaggie.com\/fr\/categorie-produit\/bags-in-stock\/\"> Sacs en stock <\/a>. la plupart des sacs en stock sont vierges de toute impression, il est donc plus facile pour vous d'apposer un logo ou une \u00e9tiquette priv\u00e9e pour vos clients sans minimum. Nous mettrons \u00e0 jour les sacs en stock d\u00e8s qu'il y en aura de nouveaux.<\/p>\n<p><span class=\"Apple-converted-space\">\u00a0 \u00a0 Si vous souhaitez personnaliser le sac de plage, c'est tr\u00e8s facile, il vous suffit de cliquer sur le bouton Demander un devis et d'envoyer une demande de renseignements.\u00e9crivez les d\u00e9tails du sac de plage que vous souhaitez fabriquer, si vous pensez que la taille est encore trop petite, nous pouvons \u00e9galement produire <strong>sac de plage surdimensionn\u00e9<\/strong> Si vous aimez la taille et le style, mais que vous le voulez avec un soufflet inf\u00e9rieur, il suffit de nous informer de la largeur, et nous le ferons.Ou si vous voulez juste faire le m\u00eame sac mais que les mat\u00e9riaux seront de la toile, de l'oxford, cela peut \u00e9galement \u00eatre facilement appliqu\u00e9.les m\u00eames demandes OEM sur la longueur ou le mat\u00e9riau des parties de la poign\u00e9e, avec des poches int\u00e9rieures avec des doublures, etc.Apportez-nous l'id\u00e9e du sac que vous voulez faire, et ensuite nous vous aiderons \u00e0 le r\u00e9aliser. Apr\u00e8s la discussion initiale, nous pouvons passer \u00e0 l'\u00e9tape suivante, \u00e0 savoir l'\u00e9preuve de l'\u00e9chantillon. Nous produirons l'\u00e9chantillon tr\u00e8s rapidement, dans un d\u00e9lai de 3 \u00e0 7 jours, en fonction des diff\u00e9rents sacs \u00e9cologiques. Vous pouvez <\/span>aller \u00e0 <a href=\"https:\/\/avecobaggie.com\/fr\/custom-solutions\/\"><strong>SOLUTIONS SUR MESURE<\/strong><\/a> pour en savoir plus sur les \u00e9tapes des sacs personnalis\u00e9s.<\/p>\n<h4 class=\"p1\"><span style=\"color: #333333;\">Caract\u00e9ristiques du produit <\/span><\/h4>\n<ul>\n<li><strong>Style du sac :<\/strong>Sac de plage fourre-tout avec poign\u00e9e en cuir<\/li>\n<li><strong>Type de mat\u00e9riau<\/strong>: Jute+cuir<\/li>\n<li><strong>Couleur du mat\u00e9riau<\/strong>: Jute naturel ou autres couleurs demand\u00e9es<\/li>\n<li><strong>Taille du sac<\/strong>60X40CM (liste des dimensions standard, nous acceptons les dimensions personnalis\u00e9es) \uff09<\/li>\n<li><strong>Surface d'impression<\/strong>: 1 couleur | 2 couleurs | plus de couleurs| Impression compl\u00e8te, impression d'un c\u00f4t\u00e9 ou de deux c\u00f4t\u00e9s<\/li>\n<li><strong>Fermeture<\/strong>: Ouvrir<\/li>\n<li><strong>Instructions d'entretien<\/strong>: Lavage \u00e0 la main recommand\u00e9, lavage en machine d\u00e9conseill\u00e9, s\u00e9chage \u00e0 l'air libre.<\/li>\n<\/ul>\n<p>En plus de la liste des sacs de plage, nous avons aussi d'autres types de sacs, cliquez sur le tag Sac de plage, et vous pouvez explorer d'autres styles tels que les sacs de plage pour femme, pour homme, ou sp\u00e9cialement pour les enfants, afin qu'ils puissent ranger leurs jouets sur la plage, taille du sac petite, grande, moyenne ou surdimensionn\u00e9e, imperm\u00e9able ou simple, type sp\u00e9cial avec sac \u00e0 dos de plage. Il doit y avoir un type de sac que vous voulez fabriquer, sinon, envoyez-nous l'id\u00e9e et nous vous aiderons \u00e0 fabriquer votre sac de plage id\u00e9al.<\/p>","protected":false},"excerpt":{"rendered":"<p>Fabriqu\u00e9 en jute naturel, ce sac est \u00e9cologique et populaire. Le logo et le motif peuvent \u00eatre personnalis\u00e9s avec une faible quantit\u00e9 de pi\u00e8ces.<\/p>","protected":false},"featured_media":2241,"comment_status":"open","ping_status":"closed","template":"","meta":{"_seopress_robots_primary_cat":"none","_seopress_titles_title":"%%post_title%% %%sep%%Custom Now with Avecobaggie","_seopress_titles_desc":"","_seopress_robots_index":""},"product_brand":[],"product_cat":[29,104,110],"product_tag":[125],"class_list":{"0":"post-2240","1":"product","2":"type-product","3":"status-publish","4":"has-post-thumbnail","6":"product_cat-tote-bag","7":"product_cat-jute-burlap-bag","8":"product_cat-travel","9":"product_tag-beach-bag","11":"first","12":"instock","13":"taxable","14":"shipping-taxable","15":"product-type-simple"},"_links":{"self":[{"href":"https:\/\/avecobaggie.com\/fr\/wp-json\/wp\/v2\/product\/2240","targetHints":{"allow":["GET"]}}],"collection":[{"href":"https:\/\/avecobaggie.com\/fr\/wp-json\/wp\/v2\/product"}],"about":[{"href":"https:\/\/avecobaggie.com\/fr\/wp-json\/wp\/v2\/types\/product"}],"replies":[{"embeddable":true,"href":"https:\/\/avecobaggie.com\/fr\/wp-json\/wp\/v2\/comments?post=2240"}],"wp:featuredmedia":[{"embeddable":true,"href":"https:\/\/avecobaggie.com\/fr\/wp-json\/wp\/v2\/media\/2241"}],"wp:attachment":[{"href":"https:\/\/avecobaggie.com\/fr\/wp-json\/wp\/v2\/media?parent=2240"}],"wp:term":[{"taxonomy":"product_brand","embeddable":true,"href":"https:\/\/avecobaggie.com\/fr\/wp-json\/wp\/v2\/product_brand?post=2240"},{"taxonomy":"product_cat","embeddable":true,"href":"https:\/\/avecobaggie.com\/fr\/wp-json\/wp\/v2\/product_cat?post=2240"},{"taxonomy":"product_tag","embeddable":true,"href":"https:\/\/avecobaggie.com\/fr\/wp-json\/wp\/v2\/product_tag?post=2240"}],"curies":[{"name":"wp","href":"https:\/\/api.w.org\/{rel}","templated":true}]}}