{"id":2248,"date":"2021-03-10T10:46:35","date_gmt":"2021-03-10T02:46:35","guid":{"rendered":"https:\/\/avecobaggie.com\/?post_type=product&#038;p=2248"},"modified":"2021-03-30T10:43:36","modified_gmt":"2021-03-30T02:43:36","slug":"round-bottom-burlap-wine-bottle-bag","status":"publish","type":"product","link":"https:\/\/avecobaggie.com\/fr\/produit\/round-bottom-burlap-wine-bottle-bag\/","title":{"rendered":"Sac \u00e0 bouteilles de vin en toile de jute \u00e0 fond rond"},"content":{"rendered":"<p>Aveco fournit principalement des sacs \u00e9cologiques personnalis\u00e9s avec un service de solution \u00e0 guichet unique. Nos sacs sont durables, de haute qualit\u00e9 et abordables pour r\u00e9pondre \u00e0 diff\u00e9rents besoins. Tous les mat\u00e9riaux que nous utilisons sont respectueux de l'environnement, notamment le coton, la toile, le lin, le jute, le feutre, etc. Si vous cherchez \u00e0 fabriquer des sacs pour votre marque priv\u00e9e ou pour des \u00e9v\u00e9nements promotionnels, nous pouvons r\u00e9pondre \u00e0 vos besoins en vrac avec un MOQ assez bas et une livraison rapide.<\/p>\n<h3 class=\"p1\"><span style=\"color: #333333;\">\u00a0 \u00a0 Caract\u00e9ristiques du produit pour le sac \u00e0 bouteilles de vin en toile de jute \u00e0 fond rond<\/span><\/h3>\n<ul>\n<li><strong>Style du sac<\/strong>: Sac \u00e0 vin<\/li>\n<li><strong>Type de mat\u00e9riau<\/strong>: Toile de jute naturelle, faite de toile de jute naturelle 100%, rendant les sacs \u00e0 vin plus durables, r\u00e9utilisables et respectueux de l'environnement.<\/li>\n<li><strong>Mat\u00e9riau Poids<\/strong>:<\/li>\n<li><strong>Couleur du mat\u00e9riau<\/strong>: Naturel<\/li>\n<li><strong>Taille du sac<\/strong>: 12X30CM\uff08 liste avec taille populaire, nous acceptons les sacs de taille personnalis\u00e9e \uff09<\/li>\n<li><strong>Surface d'impression<\/strong>: 1 couleur | 2 couleurs | plus de couleurs| Impression compl\u00e8te, impression d'un c\u00f4t\u00e9 ou de deux c\u00f4t\u00e9s<\/li>\n<li><strong>Fermeture<\/strong>Le sac se ferme et s'ouvre facilement gr\u00e2ce \u00e0 son cordon de serrage. Il est pratique pour ranger les bouteilles de vin ou d'autres objets.<\/li>\n<li><strong>Instructions d'entretien<\/strong>: Lavage \u00e0 la main recommand\u00e9, s\u00e9chage \u00e0 l'air libre.<\/li>\n<\/ul>","protected":false},"excerpt":{"rendered":"<p class=\"a-spacing-mini\">Fabriqu\u00e9 en toile de jute naturelle 100%, enti\u00e8rement biod\u00e9gradable, le fond rond rend le sac plus solide. Id\u00e9e de cadeau id\u00e9ale pour les anniversaires, les mariages, les pendaisons de cr\u00e9maill\u00e8re, <span class=\"a-list-item\">Les sacs en toile de jute personnalis\u00e9s ou les commandes en gros sont les bienvenus.<\/span><\/p>","protected":false},"featured_media":2249,"comment_status":"open","ping_status":"closed","template":"","meta":{"_seopress_robots_primary_cat":"none","_seopress_titles_title":"Burlap Wine Bottle Bag Manufacturer -Custom with Aveco Now","_seopress_titles_desc":"OEM for different sizes of Wine bottle bag, including single wine bag and 2,6,12 wine tote bags, Nice ,portable and easy to carry, perfect for gift bags.","_seopress_robots_index":""},"product_brand":[],"product_cat":[92,104,109],"product_tag":[124],"class_list":{"0":"post-2248","1":"product","2":"type-product","3":"status-publish","4":"has-post-thumbnail","6":"product_cat-drawstring-bag","7":"product_cat-jute-burlap-bag","8":"product_cat-everyday","9":"product_tag-wine-bag","11":"first","12":"instock","13":"taxable","14":"shipping-taxable","15":"product-type-simple"},"_links":{"self":[{"href":"https:\/\/avecobaggie.com\/fr\/wp-json\/wp\/v2\/product\/2248","targetHints":{"allow":["GET"]}}],"collection":[{"href":"https:\/\/avecobaggie.com\/fr\/wp-json\/wp\/v2\/product"}],"about":[{"href":"https:\/\/avecobaggie.com\/fr\/wp-json\/wp\/v2\/types\/product"}],"replies":[{"embeddable":true,"href":"https:\/\/avecobaggie.com\/fr\/wp-json\/wp\/v2\/comments?post=2248"}],"wp:featuredmedia":[{"embeddable":true,"href":"https:\/\/avecobaggie.com\/fr\/wp-json\/wp\/v2\/media\/2249"}],"wp:attachment":[{"href":"https:\/\/avecobaggie.com\/fr\/wp-json\/wp\/v2\/media?parent=2248"}],"wp:term":[{"taxonomy":"product_brand","embeddable":true,"href":"https:\/\/avecobaggie.com\/fr\/wp-json\/wp\/v2\/product_brand?post=2248"},{"taxonomy":"product_cat","embeddable":true,"href":"https:\/\/avecobaggie.com\/fr\/wp-json\/wp\/v2\/product_cat?post=2248"},{"taxonomy":"product_tag","embeddable":true,"href":"https:\/\/avecobaggie.com\/fr\/wp-json\/wp\/v2\/product_tag?post=2248"}],"curies":[{"name":"wp","href":"https:\/\/api.w.org\/{rel}","templated":true}]}}