{"id":2261,"date":"2021-03-10T13:55:09","date_gmt":"2021-03-10T05:55:09","guid":{"rendered":"https:\/\/avecobaggie.com\/?post_type=product&#038;p=2261"},"modified":"2022-03-07T14:19:10","modified_gmt":"2022-03-07T06:19:10","slug":"drawstring-velvet-wine-bags-wholesale","status":"publish","type":"product","link":"https:\/\/avecobaggie.com\/fr\/produit\/drawstring-velvet-wine-bags-wholesale\/","title":{"rendered":"Sacs \u00e0 vin en velours avec cordon de serrage Wholesale"},"content":{"rendered":"<p>Aveco fournit principalement des sacs \u00e9cologiques personnalis\u00e9s avec un service de solution \u00e0 guichet unique. Nous avons \u00e9galement quelques formes de base de sacs pour un d\u00e9marrage facile, comme indiqu\u00e9 sur le site Web de\u00a0\u00a0<a href=\"https:\/\/avecobaggie.com\/fr\/categorie-produit\/bags-in-stock\/\"> Sacs en stock <\/a>. la plupart des sacs en stock sont vierges de toute impression, ce qui vous permet d'apposer plus facilement un logo ou une \u00e9tiquette priv\u00e9e pour vos clients, sans minimum.<\/p>\n<p><span class=\"Apple-converted-space\">\u00a0 \u00a0 Si vous souhaitez personnaliser ces sacs \u00e9cologiques, c'est \u00e9galement facile, certains de ces sacs \u00e9tant m\u00eame dot\u00e9s d'un prix extr\u00eamement bas. <\/span>MOQ pour les surfaces personnalis\u00e9es. En particulier, les sacs en coton ou en toile sont extr\u00eamement bas, \u00e0 100 pi\u00e8ces ou m\u00eame moins, pour soutenir les d\u00e9butants. <a href=\"https:\/\/avecobaggie.com\/fr\/custom-solutions\/\"><strong>SOLUTIONS SUR MESURE<\/strong><\/a> pour en savoir plus sur les \u00e9tapes des sacs personnalis\u00e9s.<\/p>\n<p>La liste des sacs \u00e0 vin en velours est disponible dans une vari\u00e9t\u00e9 de couleurs et peut convenir aux bouteilles de 750ML. Il est facile d'imprimer un simple logo ou une \u00e9tiquette sur le c\u00f4t\u00e9.<\/p>\n<h3 class=\"p1\"><span style=\"color: #333333;\">\u00a0 \u00a0 Caract\u00e9ristiques du produit Sacs \u00e0 vin en velours avec cordon de serrage Wholesale<\/span><\/h3>\n<ul>\n<li><strong>Style du sac<\/strong>: Sac \u00e0 cordon<\/li>\n<li><strong>Type de mat\u00e9riau<\/strong>: velours<\/li>\n<li><strong>Mat\u00e9riau Poids<\/strong>29g\/pcs<\/li>\n<li><strong>Couleur du mat\u00e9riau<\/strong>: Jaune, rouge vin, rouge, bleu, noir<\/li>\n<li><strong>Taille du sac<\/strong>: 15X37cm\uff08 liste avec la taille populaire, nous acceptons les sacs de taille personnalis\u00e9e \uff09<\/li>\n<li><strong>Surface d'impression<\/strong>: 1 couleur | 2 couleurs | plus de couleurs| Impression compl\u00e8te, impression d'un c\u00f4t\u00e9 ou de deux c\u00f4t\u00e9s<\/li>\n<li><strong>Fermeture<\/strong>: Cordon de serrage<\/li>\n<li><strong>Instructions d'entretien<\/strong>: Lavage \u00e0 la main recommand\u00e9, lavage en machine possible, s\u00e9chage \u00e0 plat.<\/li>\n<\/ul>\n<p><strong>Remarques : Pour les tissus en coton, il y aura un l\u00e9ger r\u00e9tr\u00e9cissement apr\u00e8s le lavage.<\/strong><\/p>","protected":false},"excerpt":{"rendered":"<p>Le sac \u00e0 vin en velours est disponible dans une vari\u00e9t\u00e9 de couleurs et peut convenir \u00e0 des bouteilles de 750ML. Il est facile d'imprimer un simple logo ou une \u00e9tiquette sur le c\u00f4t\u00e9.<\/p>","protected":false},"featured_media":2271,"comment_status":"closed","ping_status":"closed","template":"","meta":{"_seopress_robots_primary_cat":"none","_seopress_titles_title":"%%post_title%% Bulk In Stock  %%sep%% Fast Shipping","_seopress_titles_desc":"","_seopress_robots_index":""},"product_brand":[],"product_cat":[113],"product_tag":[124],"class_list":{"0":"post-2261","1":"product","2":"type-product","3":"status-publish","4":"has-post-thumbnail","6":"product_cat-bags-in-stock","7":"product_tag-wine-bag","9":"first","10":"instock","11":"taxable","12":"shipping-taxable","13":"product-type-simple"},"_links":{"self":[{"href":"https:\/\/avecobaggie.com\/fr\/wp-json\/wp\/v2\/product\/2261","targetHints":{"allow":["GET"]}}],"collection":[{"href":"https:\/\/avecobaggie.com\/fr\/wp-json\/wp\/v2\/product"}],"about":[{"href":"https:\/\/avecobaggie.com\/fr\/wp-json\/wp\/v2\/types\/product"}],"replies":[{"embeddable":true,"href":"https:\/\/avecobaggie.com\/fr\/wp-json\/wp\/v2\/comments?post=2261"}],"wp:featuredmedia":[{"embeddable":true,"href":"https:\/\/avecobaggie.com\/fr\/wp-json\/wp\/v2\/media\/2271"}],"wp:attachment":[{"href":"https:\/\/avecobaggie.com\/fr\/wp-json\/wp\/v2\/media?parent=2261"}],"wp:term":[{"taxonomy":"product_brand","embeddable":true,"href":"https:\/\/avecobaggie.com\/fr\/wp-json\/wp\/v2\/product_brand?post=2261"},{"taxonomy":"product_cat","embeddable":true,"href":"https:\/\/avecobaggie.com\/fr\/wp-json\/wp\/v2\/product_cat?post=2261"},{"taxonomy":"product_tag","embeddable":true,"href":"https:\/\/avecobaggie.com\/fr\/wp-json\/wp\/v2\/product_tag?post=2261"}],"curies":[{"name":"wp","href":"https:\/\/api.w.org\/{rel}","templated":true}]}}