{"id":2277,"date":"2021-03-10T14:50:05","date_gmt":"2021-03-10T06:50:05","guid":{"rendered":"https:\/\/avecobaggie.com\/?post_type=product&#038;p=2277"},"modified":"2021-03-30T10:41:18","modified_gmt":"2021-03-30T02:41:18","slug":"drawstring-cotton-mesh-bag","status":"publish","type":"product","link":"https:\/\/avecobaggie.com\/fr\/produit\/drawstring-cotton-mesh-bag\/","title":{"rendered":"Sac en coton \u00e0 cordon de serrage"},"content":{"rendered":"<p>Aveco fournit principalement des sacs \u00e9cologiques personnalis\u00e9s avec un service de solution \u00e0 guichet unique. Nos sacs sont durables, de haute qualit\u00e9 et abordables pour r\u00e9pondre \u00e0 diff\u00e9rents besoins.<\/p>\n<p>Les sacs \u00e0 cordon de serrage en coton sont en stock afin d'\u00eatre livr\u00e9s rapidement et de vous faciliter la t\u00e2che. Ils sont fabriqu\u00e9s \u00e0 partir de coton naturel, durable et non trait\u00e9. Ils peuvent \u00eatre achet\u00e9s \u00e0 l'unit\u00e9 ou en lot, chaque sac \u00e9tant normalement muni d'une \u00e9tiquette indiquant le poids \u00e0 vide et sur laquelle vous pouvez imprimer votre propre logo.<\/p>\n<p>Les sacs \u00e0 cordon en coton sont parfaits pour les aliments, les l\u00e9gumes, les jouets et d'autres applications.<\/p>\n<h3 class=\"p1\"><span style=\"color: #333333;\">Caract\u00e9ristiques du produit pour le sac en maille de coton \u00e0 cordon de serrage<\/span><\/h3>\n<ul>\n<li><strong>Style du sac<\/strong>: Sac \u00e0 produits en maille<\/li>\n<li><strong>Type de mat\u00e9riau<\/strong>: Maille de coton<\/li>\n<li><strong>Mat\u00e9riau Poids<\/strong>: &#8212;<\/li>\n<li><strong>Couleur du mat\u00e9riau<\/strong>: Blanc<\/li>\n<li><strong>Taille du sac<\/strong>Taille : 20X25CM|25X30CM|30X35CM | taille personnalis\u00e9e<\/li>\n<li><strong>Surface d'impression<\/strong>: couleur unie sans impression<\/li>\n<li><strong>Fermeture<\/strong>: Cordon de serrage<\/li>\n<li><strong>Instructions d'entretien<\/strong>: Lavage \u00e0 la main recommand\u00e9, lavage en machine possible, s\u00e9chage \u00e0 plat.<\/li>\n<\/ul>\n<p><strong>Remarques : Pour les tissus en coton, il y aura un l\u00e9ger r\u00e9tr\u00e9cissement apr\u00e8s le lavage.<\/strong><\/p>","protected":false},"excerpt":{"rendered":"<p>Taille unique ou paquet pour le sac r\u00e9utilisable \u00e0 cordon en coton,<span class=\"a-list-item\"><span class=\"a-size-base\">Lavable en machine,<\/span><\/span><span class=\"a-list-item\"><span class=\"a-size-base\">Maille respirante,<\/span><\/span><span class=\"a-list-item\"><span class=\"a-size-base\">Fabriqu\u00e9 avec des mat\u00e9riaux alimentaires de haute qualit\u00e9,<\/span><\/span><span class=\"a-list-item\"><span class=\"a-size-base\">Des \u00e9tiquettes de poids \u00e0 vide sont appos\u00e9es sur chaque sac,<\/span><\/span><span class=\"a-list-item\"><span class=\"a-size-base\">Fermeture par cordon de serrage pour garder le contenu en s\u00e9curit\u00e9.<\/span><\/span><\/p>","protected":false},"featured_media":2278,"comment_status":"open","ping_status":"closed","template":"","meta":{"_seopress_robots_primary_cat":"none","_seopress_titles_title":"%%post_title%%  %%sep%%In stock %%sep%%Deliver in 3 Days","_seopress_titles_desc":"Breathable mesh,Made with high-quality food safe materials,Tare weight tags on each drawstring cotton mesh bag,Contact for order single or bundle sizes","_seopress_robots_index":""},"product_brand":[],"product_cat":[113],"product_tag":[],"class_list":{"0":"post-2277","1":"product","2":"type-product","3":"status-publish","4":"has-post-thumbnail","6":"product_cat-bags-in-stock","8":"first","9":"instock","10":"taxable","11":"shipping-taxable","12":"product-type-simple"},"_links":{"self":[{"href":"https:\/\/avecobaggie.com\/fr\/wp-json\/wp\/v2\/product\/2277","targetHints":{"allow":["GET"]}}],"collection":[{"href":"https:\/\/avecobaggie.com\/fr\/wp-json\/wp\/v2\/product"}],"about":[{"href":"https:\/\/avecobaggie.com\/fr\/wp-json\/wp\/v2\/types\/product"}],"replies":[{"embeddable":true,"href":"https:\/\/avecobaggie.com\/fr\/wp-json\/wp\/v2\/comments?post=2277"}],"wp:featuredmedia":[{"embeddable":true,"href":"https:\/\/avecobaggie.com\/fr\/wp-json\/wp\/v2\/media\/2278"}],"wp:attachment":[{"href":"https:\/\/avecobaggie.com\/fr\/wp-json\/wp\/v2\/media?parent=2277"}],"wp:term":[{"taxonomy":"product_brand","embeddable":true,"href":"https:\/\/avecobaggie.com\/fr\/wp-json\/wp\/v2\/product_brand?post=2277"},{"taxonomy":"product_cat","embeddable":true,"href":"https:\/\/avecobaggie.com\/fr\/wp-json\/wp\/v2\/product_cat?post=2277"},{"taxonomy":"product_tag","embeddable":true,"href":"https:\/\/avecobaggie.com\/fr\/wp-json\/wp\/v2\/product_tag?post=2277"}],"curies":[{"name":"wp","href":"https:\/\/api.w.org\/{rel}","templated":true}]}}