{"id":2284,"date":"2021-03-10T15:31:59","date_gmt":"2021-03-10T07:31:59","guid":{"rendered":"https:\/\/avecobaggie.com\/?post_type=product&#038;p=2284"},"modified":"2021-03-30T10:27:40","modified_gmt":"2021-03-30T02:27:40","slug":"cotton-mesh-totes-beach-bag","status":"publish","type":"product","link":"https:\/\/avecobaggie.com\/fr\/produit\/cotton-mesh-totes-beach-bag\/","title":{"rendered":"Sac de plage en maille de coton"},"content":{"rendered":"<p>Aveco fournit principalement des sacs \u00e9cologiques personnalis\u00e9s avec un service de solution \u00e0 guichet unique. Nos sacs sont durables, de haute qualit\u00e9 et abordables pour r\u00e9pondre \u00e0 diff\u00e9rents besoins. Tous les mat\u00e9riaux que nous utilisons sont respectueux de l'environnement, notamment le coton, la toile, le lin, le jute, le feutre, etc. Si vous cherchez \u00e0 fabriquer des sacs pour votre marque priv\u00e9e ou pour des \u00e9v\u00e9nements promotionnels, nous pouvons r\u00e9pondre \u00e0 vos besoins en vrac avec un MOQ assez bas et une livraison rapide.<\/p>\n<p>Si vous voulez commencer de mani\u00e8re simple, vous pouvez simplement vous rendre sur notre site web. <a href=\"https:\/\/avecobaggie.com\/fr\/categorie-produit\/bags-in-stock\/\">sacs en stock<\/a> La plupart des sacs sont vierges et tr\u00e8s faciles \u00e0 bricoler.<\/p>\n<p>CARACT\u00c9RISTIQUES DU PRODUIT<\/p>\n<ul>\n<li><strong>Style du sac<\/strong>: Fourre-tout en maille<\/li>\n<li><strong>Type de mat\u00e9riau<\/strong>: Maille de coton, fabriqu\u00e9e en coton 100%, durable, respectueuse de l'environnement et tr\u00e8s respirante pour le stockage,<\/li>\n<li><strong>Mat\u00e9riau Poids<\/strong>L'\u00e9paisseur de l'emballage est de : 6oz \/ nous pouvons aussi faire d'autres \u00e9paisseurs selon votre demande, <a href=\"https:\/\/avecobaggie.com\/fr\/custom-solutions\/\">Cliquez pour voir le tableau des poids des tissus<\/a><\/li>\n<li><strong>Couleur du mat\u00e9riau<\/strong>: Beige naturel<\/li>\n<li><strong>Taille du sac<\/strong>: 40X45CM (liste avec la taille standard, nous acceptons les sacs de taille personnalis\u00e9e \uff09, la taille standard est de grande capacit\u00e9 : peut contenir jusqu'\u00e0 40lbs. Le filet en coton peut s'\u00e9tendre pour contenir un grand nombre de courses.<\/li>\n<li><strong>Surface d'impression<\/strong>: 1 couleur | 2 couleurs | plus de couleurs| Impression compl\u00e8te, impression d'un c\u00f4t\u00e9 ou de deux c\u00f4t\u00e9s<\/li>\n<li><strong>Fermeture<\/strong>: Ouvrir<\/li>\n<li><strong>Poign\u00e9e :<\/strong>Les poign\u00e9es longues et \u00e9largies vous permettent de croiser facilement vos \u00e9paules, et les poign\u00e9es plus larges soulagent la pression sur les \u00e9paules et facilitent vos achats.<\/li>\n<li><strong>Avantage :<\/strong>A l'ancienne, plusieurs couleurs, super mignon et rustique. Id\u00e9al pour les produits, les l\u00e9gumes, les fruits, les bo\u00eetes de conserve et les aliments surgel\u00e9s. C'est aussi un excellent cadeau pour la famille.<\/li>\n<li><strong>Instructions d'entretien<\/strong>: Lavage \u00e0 la main recommand\u00e9, lavage en machine possible, s\u00e9chage \u00e0 plat.<\/li>\n<\/ul>\n<p><strong>Remarques : Pour les tissus en coton, il y aura un l\u00e9ger r\u00e9tr\u00e9cissement apr\u00e8s le lavage.<\/strong><\/p>\n<p><span class=\"a-text-italic\"><span class=\"a-text-bold\">Aveco s'efforce de rendre chaque d\u00e9tail du produit aussi peu polluant que possible. Pas de taches, pas d'emballage plastique, pas d'\u00e9missions de dioxyde de carbone.<\/span><\/span><\/p>\n<p>&nbsp;<\/p>","protected":false},"excerpt":{"rendered":"<p>R\u00e9pond \u00e0 vos diff\u00e9rents besoins pour le shopping, les sorties \u00e0 la plage, les pique-niques, etc. L\u00e9ger et facile \u00e0 transporter, il suffit de le plier et de le glisser dans un sac ou une poche. Les poign\u00e9es longues et \u00e9paisses rendent votre \u00e9paule plus confortable.<\/p>","protected":false},"featured_media":2285,"comment_status":"open","ping_status":"closed","template":"","meta":{"_seopress_robots_primary_cat":"none","_seopress_titles_title":"","_seopress_titles_desc":"","_seopress_robots_index":""},"product_brand":[],"product_cat":[96,102,109],"product_tag":[],"class_list":{"0":"post-2284","1":"product","2":"type-product","3":"status-publish","4":"has-post-thumbnail","6":"product_cat-mesh-bag","7":"product_cat-cotton-canvas-bag","8":"product_cat-everyday","10":"first","11":"instock","12":"taxable","13":"shipping-taxable","14":"product-type-simple"},"_links":{"self":[{"href":"https:\/\/avecobaggie.com\/fr\/wp-json\/wp\/v2\/product\/2284","targetHints":{"allow":["GET"]}}],"collection":[{"href":"https:\/\/avecobaggie.com\/fr\/wp-json\/wp\/v2\/product"}],"about":[{"href":"https:\/\/avecobaggie.com\/fr\/wp-json\/wp\/v2\/types\/product"}],"replies":[{"embeddable":true,"href":"https:\/\/avecobaggie.com\/fr\/wp-json\/wp\/v2\/comments?post=2284"}],"wp:featuredmedia":[{"embeddable":true,"href":"https:\/\/avecobaggie.com\/fr\/wp-json\/wp\/v2\/media\/2285"}],"wp:attachment":[{"href":"https:\/\/avecobaggie.com\/fr\/wp-json\/wp\/v2\/media?parent=2284"}],"wp:term":[{"taxonomy":"product_brand","embeddable":true,"href":"https:\/\/avecobaggie.com\/fr\/wp-json\/wp\/v2\/product_brand?post=2284"},{"taxonomy":"product_cat","embeddable":true,"href":"https:\/\/avecobaggie.com\/fr\/wp-json\/wp\/v2\/product_cat?post=2284"},{"taxonomy":"product_tag","embeddable":true,"href":"https:\/\/avecobaggie.com\/fr\/wp-json\/wp\/v2\/product_tag?post=2284"}],"curies":[{"name":"wp","href":"https:\/\/api.w.org\/{rel}","templated":true}]}}