{"id":2291,"date":"2021-03-10T15:44:39","date_gmt":"2021-03-10T07:44:39","guid":{"rendered":"https:\/\/avecobaggie.com\/?post_type=product&#038;p=2291"},"modified":"2021-03-24T15:16:06","modified_gmt":"2021-03-24T07:16:06","slug":"cotton-portable-shopping-bag-with-net","status":"publish","type":"product","link":"https:\/\/avecobaggie.com\/fr\/produit\/cotton-portable-shopping-bag-with-net\/","title":{"rendered":"Sac \u00e0 provisions portable en coton avec filet"},"content":{"rendered":"<p>La soci\u00e9t\u00e9 Aveco con\u00e7oit et fabrique principalement toutes sortes de sacs \u00e9cologiques, tels que les sacs \u00e0 mailles, avec un service de solutions \u00e0 guichet unique. Nos sacs sont durables, de haute qualit\u00e9 et abordables pour r\u00e9pondre \u00e0 diff\u00e9rents besoins. Tous les mat\u00e9riaux que nous utilisons sont respectueux de l'environnement, notamment le coton, la toile, le lin, le jute, le feutre oxford, etc. Si vous cherchez \u00e0 fabriquer des sacs pour votre marque priv\u00e9e ou pour des \u00e9v\u00e9nements promotionnels, nous pouvons r\u00e9pondre \u00e0 vos besoins en vrac avec un MOQ assez bas et une livraison rapide.<\/p>\n<p>Ce sac en maille est spacieux et con\u00e7u pour des usages multiples, il peut \u00eatre utilis\u00e9 pour le transport des courses quotidiennes, la collecte des jouets des enfants, et convient \u00e9galement pour la plage. Le mat\u00e9riau est durable, facile \u00e0 laver et peut \u00eatre fabriqu\u00e9 en diff\u00e9rentes couleurs. Certains clients regroupent ce type de sac avec le sac \u00e0 cordon pour en faire un ensemble, ce qui est tr\u00e8s populaire sur le march\u00e9 du commerce \u00e9lectronique.<\/p>\n<p>CARACT\u00c9RISTIQUES DU PRODUIT<\/p>\n<ul>\n<li><strong>Style du sac<\/strong>: Sac en filet<\/li>\n<li><strong>Type de mat\u00e9riau<\/strong>: Maille de coton<\/li>\n<li><strong>Mat\u00e9riau Poids<\/strong>L'\u00e9paisseur de l'emballage est de : 6oz \/ nous pouvons aussi faire d'autres \u00e9paisseurs selon votre demande, <a href=\"https:\/\/avecobaggie.com\/fr\/custom-solutions\/\">Cliquez pour voir le tableau des poids des tissus<\/a><\/li>\n<li><strong>Couleur du mat\u00e9riau<\/strong>: Beige, bleu, noir, rouge, jaune, orange, vert ---<\/li>\n<li><strong>Taille du sac<\/strong>: 36X35X10CM | 36X35X25CM (liste des dimensions standard, nous acceptons les dimensions personnalis\u00e9es) \uff09<\/li>\n<li><strong>Surface d'impression<\/strong>: 1 couleur | 2 couleurs | plus de couleurs| Impression compl\u00e8te, impression d'un c\u00f4t\u00e9 ou de deux c\u00f4t\u00e9s<\/li>\n<li><strong>Fermeture<\/strong>: Ouvrir<\/li>\n<li><strong>Instructions d'entretien<\/strong>: Lavage \u00e0 la main recommand\u00e9, lavage en machine possible, s\u00e9chage \u00e0 plat.<\/li>\n<\/ul>\n<p><strong>Remarques : Pour les tissus en coton, il y aura un l\u00e9ger r\u00e9tr\u00e9cissement apr\u00e8s le lavage.<\/strong><\/p>","protected":false},"excerpt":{"rendered":"<p>Ce sac en filet est spacieux et con\u00e7u pour des usages multiples, il peut \u00eatre utilis\u00e9 pour le transport des courses quotidiennes, la collecte des jouets des enfants, et convient \u00e9galement pour la plage.<\/p>","protected":false},"featured_media":2292,"comment_status":"open","ping_status":"closed","template":"","meta":{"_seopress_robots_primary_cat":"none","_seopress_titles_title":"","_seopress_titles_desc":"","_seopress_robots_index":""},"product_brand":[],"product_cat":[96,102,109],"product_tag":[],"class_list":{"0":"post-2291","1":"product","2":"type-product","3":"status-publish","4":"has-post-thumbnail","6":"product_cat-mesh-bag","7":"product_cat-cotton-canvas-bag","8":"product_cat-everyday","10":"first","11":"instock","12":"taxable","13":"shipping-taxable","14":"product-type-simple"},"_links":{"self":[{"href":"https:\/\/avecobaggie.com\/fr\/wp-json\/wp\/v2\/product\/2291","targetHints":{"allow":["GET"]}}],"collection":[{"href":"https:\/\/avecobaggie.com\/fr\/wp-json\/wp\/v2\/product"}],"about":[{"href":"https:\/\/avecobaggie.com\/fr\/wp-json\/wp\/v2\/types\/product"}],"replies":[{"embeddable":true,"href":"https:\/\/avecobaggie.com\/fr\/wp-json\/wp\/v2\/comments?post=2291"}],"wp:featuredmedia":[{"embeddable":true,"href":"https:\/\/avecobaggie.com\/fr\/wp-json\/wp\/v2\/media\/2292"}],"wp:attachment":[{"href":"https:\/\/avecobaggie.com\/fr\/wp-json\/wp\/v2\/media?parent=2291"}],"wp:term":[{"taxonomy":"product_brand","embeddable":true,"href":"https:\/\/avecobaggie.com\/fr\/wp-json\/wp\/v2\/product_brand?post=2291"},{"taxonomy":"product_cat","embeddable":true,"href":"https:\/\/avecobaggie.com\/fr\/wp-json\/wp\/v2\/product_cat?post=2291"},{"taxonomy":"product_tag","embeddable":true,"href":"https:\/\/avecobaggie.com\/fr\/wp-json\/wp\/v2\/product_tag?post=2291"}],"curies":[{"name":"wp","href":"https:\/\/api.w.org\/{rel}","templated":true}]}}