{"id":2304,"date":"2021-03-10T16:28:48","date_gmt":"2021-03-10T08:28:48","guid":{"rendered":"https:\/\/avecobaggie.com\/?post_type=product&#038;p=2304"},"modified":"2021-03-24T13:59:50","modified_gmt":"2021-03-24T05:59:50","slug":"creative-coffee-cup-canvas-sleeve","status":"publish","type":"product","link":"https:\/\/avecobaggie.com\/fr\/produit\/creative-coffee-cup-canvas-sleeve\/","title":{"rendered":"Pochette cr\u00e9ative en toile pour tasse de caf\u00e9"},"content":{"rendered":"<p>Aveco Company ne se contente pas de fabriquer diff\u00e9rents types de sacs \u00e9cologiques, nous pouvons \u00e9galement fabriquer des produits connexes, tels que des manches et des tabliers. Aujourd'hui, la tasse \u00e0 caf\u00e9 et le th\u00e9 au lait sont tr\u00e8s populaires, les gens aiment les emporter, mais il est important de trouver le meilleur moyen de les transporter, nous devons nous assurer qu'ils ne se renversent pas et qu'ils sont faciles \u00e0 transporter.<\/p>\n<p>La pochette en toile r\u00e9sout ce probl\u00e8me, la pochette peut non seulement servir de bande r\u00e9sistante \u00e0 la chaleur, mais la longue courroie est \u00e9galement facile \u00e0 transporter.<\/p>\n<p>CARACT\u00c9RISTIQUES DU PRODUIT<\/p>\n<ul>\n<li><strong>Style du sac<\/strong>: manchon en forme de coupe.<\/li>\n<li><strong>Type de mat\u00e9riau<\/strong>: Toile<\/li>\n<li><strong>Mat\u00e9riau Poids<\/strong>La temp\u00e9rature de l'eau est de : 8oz \/ nous pouvons aussi faire d'autres \u00e9paisseurs selon votre demande, <a href=\"https:\/\/avecobaggie.com\/fr\/custom-solutions\/\">Cliquez pour voir le tableau des poids des tissus<\/a><\/li>\n<li><strong>Couleur du mat\u00e9riau<\/strong>: Beige naturel<\/li>\n<li><strong>Taille du sac<\/strong>: 10X17CM (liste des dimensions standard, nous acceptons les dimensions personnalis\u00e9es) \uff09<\/li>\n<li><strong>Surface d'impression<\/strong>: 1 couleur | 2 couleurs | plus de couleurs| Impression compl\u00e8te, impression d'un c\u00f4t\u00e9 ou de deux c\u00f4t\u00e9s<\/li>\n<li><strong>Fermeture<\/strong>: Ouvrir<\/li>\n<li><strong>Instructions d'entretien<\/strong>: Lavage \u00e0 la main recommand\u00e9, lavage en machine possible, s\u00e9chage \u00e0 plat.<\/li>\n<\/ul>\n<p><strong>Remarques : Pour les tissus en coton, il y aura un l\u00e9ger r\u00e9tr\u00e9cissement apr\u00e8s le lavage.<\/strong><\/p>","protected":false},"excerpt":{"rendered":"<p>Manchon cr\u00e9atif pour r\u00e9sister \u00e0 la chaleur, longues bretelles faciles \u00e0 porter.<\/p>","protected":false},"featured_media":2305,"comment_status":"open","ping_status":"closed","template":"","meta":{"_seopress_robots_primary_cat":"none","_seopress_titles_title":"","_seopress_titles_desc":"","_seopress_robots_index":""},"product_brand":[],"product_cat":[100,109],"product_tag":[],"class_list":{"0":"post-2304","1":"product","2":"type-product","3":"status-publish","4":"has-post-thumbnail","6":"product_cat-other-creative-bag","7":"product_cat-everyday","9":"first","10":"instock","11":"taxable","12":"shipping-taxable","13":"product-type-simple"},"_links":{"self":[{"href":"https:\/\/avecobaggie.com\/fr\/wp-json\/wp\/v2\/product\/2304","targetHints":{"allow":["GET"]}}],"collection":[{"href":"https:\/\/avecobaggie.com\/fr\/wp-json\/wp\/v2\/product"}],"about":[{"href":"https:\/\/avecobaggie.com\/fr\/wp-json\/wp\/v2\/types\/product"}],"replies":[{"embeddable":true,"href":"https:\/\/avecobaggie.com\/fr\/wp-json\/wp\/v2\/comments?post=2304"}],"wp:featuredmedia":[{"embeddable":true,"href":"https:\/\/avecobaggie.com\/fr\/wp-json\/wp\/v2\/media\/2305"}],"wp:attachment":[{"href":"https:\/\/avecobaggie.com\/fr\/wp-json\/wp\/v2\/media?parent=2304"}],"wp:term":[{"taxonomy":"product_brand","embeddable":true,"href":"https:\/\/avecobaggie.com\/fr\/wp-json\/wp\/v2\/product_brand?post=2304"},{"taxonomy":"product_cat","embeddable":true,"href":"https:\/\/avecobaggie.com\/fr\/wp-json\/wp\/v2\/product_cat?post=2304"},{"taxonomy":"product_tag","embeddable":true,"href":"https:\/\/avecobaggie.com\/fr\/wp-json\/wp\/v2\/product_tag?post=2304"}],"curies":[{"name":"wp","href":"https:\/\/api.w.org\/{rel}","templated":true}]}}