{"id":2351,"date":"2021-03-12T15:16:40","date_gmt":"2021-03-12T07:16:40","guid":{"rendered":"https:\/\/avecobaggie.com\/?post_type=product&#038;p=2351"},"modified":"2021-03-30T10:36:30","modified_gmt":"2021-03-30T02:36:30","slug":"portable-best-insulated-cooler-bag","status":"publish","type":"product","link":"https:\/\/avecobaggie.com\/fr\/produit\/portable-best-insulated-cooler-bag\/","title":{"rendered":"Sac isotherme portable"},"content":{"rendered":"<p>La soci\u00e9t\u00e9 Aveco fabrique principalement des sacs \u00e9cologiques et des sacs OEM de diff\u00e9rents types, avec un service de solutions \u00e0 guichet unique. Nos sacs sont durables, de haute qualit\u00e9 et abordables pour r\u00e9pondre \u00e0 diff\u00e9rents besoins.<\/p>\n<p>Tous les mat\u00e9riaux que nous utilisons sont respectueux de l'environnement, notamment le coton, la toile, le lin, le jute, le feutre, etc. Si vous cherchez \u00e0 fabriquer des sacs pour votre marque de distributeur ou pour des \u00e9v\u00e9nements promotionnels, nous pouvons r\u00e9pondre \u00e0 vos besoins en vrac avec un MOQ assez bas et une livraison rapide.<\/p>\n<p>For this portable cooler bag is designed with\u00a0 larger size ,outside is the non-woven material, inside is the Aluminum foil, for the outside material, you can also have a customized request on other materials such as RPET, oxford, polyester, or canvas. the straps can also OEM with a longer version ,or changing into\u00a0 a webbing strap with plain color ,or even with printed or woven letter on.<\/p>\n<p>The MOQ for those bags are 500 pieces.<\/p>\n<h5><span style=\"color: #333333;\">CARACT\u00c9RISTIQUES DU PRODUIT\u00a0<\/span><\/h5>\n<ul>\n<li><strong>Style du sac<\/strong>: Sac isotherme<\/li>\n<li><strong>Type de mat\u00e9riau<\/strong>: Non tiss\u00e9 avec feuille d'aluminium<\/li>\n<li><strong>Mat\u00e9riau Poids<\/strong>:\u00a0 70g \/ we can also do other thickness according to your request,<\/li>\n<li><strong>Couleur du mat\u00e9riau<\/strong>: Yellow<\/li>\n<li><strong>Taille du sac<\/strong>: 32X18X16CM ( list with standard size, we accept customized size bag \uff09<\/li>\n<li><strong>Surface d'impression<\/strong>: 1 couleur | 2 couleurs | plus de couleurs| Impression compl\u00e8te, impression d'un c\u00f4t\u00e9 ou de deux c\u00f4t\u00e9s<\/li>\n<li><strong>Fermeture<\/strong>: Avec fermeture \u00e0 glissi\u00e8re<\/li>\n<li><strong>Instructions d'entretien<\/strong>: Lavage \u00e0 la main recommand\u00e9, lavage en machine possible, s\u00e9chage \u00e0 plat.<\/li>\n<\/ul>\n<p>Avant de d\u00e9cider de fabriquer un sac isotherme, il convient de savoir ce qui suit<\/p>\n<p>&nbsp;<\/p>\n<p>&nbsp;<\/p>","protected":false},"excerpt":{"rendered":"<p>Ce sac isotherme est assez grand pour les voyages, les mat\u00e9riaux non-tiss\u00e9s \u00e0 l'ext\u00e9rieur peuvent \u00eatre personnalis\u00e9s en couleur ou en motif, l'int\u00e9rieur en aluminium garde la chaleur.<\/p>","protected":false},"featured_media":2352,"comment_status":"open","ping_status":"closed","template":"","meta":{"_seopress_robots_primary_cat":"none","_seopress_titles_title":"%%post_title%% %%sep%% OEM %%sep%% %%sitetitle%%","_seopress_titles_desc":"","_seopress_robots_index":""},"product_brand":[],"product_cat":[30,105,110],"product_tag":[],"class_list":{"0":"post-2351","1":"product","2":"type-product","3":"status-publish","4":"has-post-thumbnail","6":"product_cat-cooler-bag","7":"product_cat-non-woven-bag","8":"product_cat-travel","10":"first","11":"instock","12":"taxable","13":"shipping-taxable","14":"product-type-simple"},"_links":{"self":[{"href":"https:\/\/avecobaggie.com\/fr\/wp-json\/wp\/v2\/product\/2351","targetHints":{"allow":["GET"]}}],"collection":[{"href":"https:\/\/avecobaggie.com\/fr\/wp-json\/wp\/v2\/product"}],"about":[{"href":"https:\/\/avecobaggie.com\/fr\/wp-json\/wp\/v2\/types\/product"}],"replies":[{"embeddable":true,"href":"https:\/\/avecobaggie.com\/fr\/wp-json\/wp\/v2\/comments?post=2351"}],"wp:featuredmedia":[{"embeddable":true,"href":"https:\/\/avecobaggie.com\/fr\/wp-json\/wp\/v2\/media\/2352"}],"wp:attachment":[{"href":"https:\/\/avecobaggie.com\/fr\/wp-json\/wp\/v2\/media?parent=2351"}],"wp:term":[{"taxonomy":"product_brand","embeddable":true,"href":"https:\/\/avecobaggie.com\/fr\/wp-json\/wp\/v2\/product_brand?post=2351"},{"taxonomy":"product_cat","embeddable":true,"href":"https:\/\/avecobaggie.com\/fr\/wp-json\/wp\/v2\/product_cat?post=2351"},{"taxonomy":"product_tag","embeddable":true,"href":"https:\/\/avecobaggie.com\/fr\/wp-json\/wp\/v2\/product_tag?post=2351"}],"curies":[{"name":"wp","href":"https:\/\/api.w.org\/{rel}","templated":true}]}}