{"id":2363,"date":"2021-03-12T16:03:13","date_gmt":"2021-03-12T08:03:13","guid":{"rendered":"https:\/\/avecobaggie.com\/?post_type=product&#038;p=2363"},"modified":"2021-03-24T13:51:10","modified_gmt":"2021-03-24T05:51:10","slug":"small-insulated-lunch-cooler-bag","status":"publish","type":"product","link":"https:\/\/avecobaggie.com\/fr\/produit\/small-insulated-lunch-cooler-bag\/","title":{"rendered":"Petit sac isotherme isol\u00e9 pour le d\u00e9jeuner"},"content":{"rendered":"<p>Aveco mainly provide customized eco friendly bags with one stop shop solution service. Our\u00a0 bags are durable, high quality and affordable to meet different purposes. All the materials we use are eco-friendly including cotton, canvas, linen, jute, felt etc. and If you are looking to make bags with your private label brand or promotional events, then we can serve your bulk needs with quite a low MOQ and fast delivery.<\/p>\n<p>CARACT\u00c9RISTIQUES DU PRODUIT<\/p>\n<ul>\n<li><strong>Style du sac<\/strong>: sac \u00e0 dos pour le d\u00e9jeuner<\/li>\n<li><strong>Type de mat\u00e9riau<\/strong>: Oxford cloth<\/li>\n<li><strong>Mat\u00e9riau Poids<\/strong>:\u00a0 600D<\/li>\n<li><strong>Couleur du mat\u00e9riau<\/strong>: Blue, black, pink, gray<\/li>\n<li><strong>Taille du sac<\/strong>: 27X16X25CM ( list with standard size, we accept customized size bag \uff09<\/li>\n<li><strong>Surface d'impression<\/strong>: 1 couleur | 2 couleurs | plus de couleurs| Impression compl\u00e8te, impression d'un c\u00f4t\u00e9 ou de deux c\u00f4t\u00e9s<\/li>\n<li><strong>Fermeture<\/strong>: Avec fermeture \u00e0 glissi\u00e8re<\/li>\n<li><strong>Instructions d'entretien<\/strong>: Lavage \u00e0 la main recommand\u00e9, lavage en machine possible, s\u00e9chage \u00e0 plat.<\/li>\n<\/ul>\n<p><strong>Remarques : Pour les tissus en coton, il y aura un l\u00e9ger r\u00e9tr\u00e9cissement apr\u00e8s le lavage.<\/strong><\/p>","protected":false},"excerpt":{"rendered":"<p>Small, portable, Simple design, compact but also make full use of space,4\u00a0 standard color with customized color available<\/p>","protected":false},"featured_media":2378,"comment_status":"open","ping_status":"closed","template":"","meta":{"_seopress_robots_primary_cat":"none","_seopress_titles_title":"","_seopress_titles_desc":"","_seopress_robots_index":""},"product_brand":[],"product_cat":[30,108],"product_tag":[130],"class_list":{"0":"post-2363","1":"product","2":"type-product","3":"status-publish","4":"has-post-thumbnail","6":"product_cat-cooler-bag","7":"product_cat-work-school","8":"product_tag-lunch-bag","10":"first","11":"instock","12":"taxable","13":"shipping-taxable","14":"product-type-simple"},"_links":{"self":[{"href":"https:\/\/avecobaggie.com\/fr\/wp-json\/wp\/v2\/product\/2363","targetHints":{"allow":["GET"]}}],"collection":[{"href":"https:\/\/avecobaggie.com\/fr\/wp-json\/wp\/v2\/product"}],"about":[{"href":"https:\/\/avecobaggie.com\/fr\/wp-json\/wp\/v2\/types\/product"}],"replies":[{"embeddable":true,"href":"https:\/\/avecobaggie.com\/fr\/wp-json\/wp\/v2\/comments?post=2363"}],"wp:featuredmedia":[{"embeddable":true,"href":"https:\/\/avecobaggie.com\/fr\/wp-json\/wp\/v2\/media\/2378"}],"wp:attachment":[{"href":"https:\/\/avecobaggie.com\/fr\/wp-json\/wp\/v2\/media?parent=2363"}],"wp:term":[{"taxonomy":"product_brand","embeddable":true,"href":"https:\/\/avecobaggie.com\/fr\/wp-json\/wp\/v2\/product_brand?post=2363"},{"taxonomy":"product_cat","embeddable":true,"href":"https:\/\/avecobaggie.com\/fr\/wp-json\/wp\/v2\/product_cat?post=2363"},{"taxonomy":"product_tag","embeddable":true,"href":"https:\/\/avecobaggie.com\/fr\/wp-json\/wp\/v2\/product_tag?post=2363"}],"curies":[{"name":"wp","href":"https:\/\/api.w.org\/{rel}","templated":true}]}}