{"id":2438,"date":"2021-03-12T17:37:03","date_gmt":"2021-03-12T09:37:03","guid":{"rendered":"https:\/\/avecobaggie.com\/?post_type=product&#038;p=2438"},"modified":"2025-06-19T16:47:55","modified_gmt":"2025-06-19T08:47:55","slug":"6-can-cooler-bag-in-bulk","status":"publish","type":"product","link":"https:\/\/avecobaggie.com\/fr\/produit\/6-can-cooler-bag-in-bulk\/","title":{"rendered":"Sac isotherme 6 canettes en vrac"},"content":{"rendered":"<p>Aveco\u00a0 Company specialized in eco-friendly material based bags such as cotton canvas bag, muslin bag, jute burlap bag,rPET bag,Non-woven bag ,etc. All the bags can be customized or personalized with your own requests.we offer\u00a0 one stop shop solution service from material sourcing till shipment.. ur\u00a0 bags are durable, high quality and affordable to meet different purposes, we can serve your bulk needs with quite a low MOQ and fast delivery.<\/p>\n<p>La liste des sacs r\u00e9frig\u00e9rants est con\u00e7ue pour 6 canettes \u00e0 l'int\u00e9rieur, nous avons \u00e9galement des tailles pour 12 canettes, ou bouteilles, ou vins. Nous pouvons concevoir et fabriquer selon vos demandes sp\u00e9cifiques.<\/p>\n<p>CARACT\u00c9RISTIQUES DU PRODUIT<\/p>\n<ul>\n<li><strong>Style du sac<\/strong>: Sac isotherme<\/li>\n<li><strong>Type de mat\u00e9riau<\/strong>: Non-woven + Aluminium foil<\/li>\n<li><strong>Mat\u00e9riau Poids<\/strong>: 70g<\/li>\n<li><strong>Couleur du mat\u00e9riau<\/strong>: Bleu ou autre couleur personnalis\u00e9e<\/li>\n<li><strong>Taille du sac<\/strong>24X16X14CM (liste des dimensions standard, nous acceptons les dimensions personnalis\u00e9es) \uff09<\/li>\n<li><strong>Surface d'impression<\/strong>: 1 couleur | 2 couleurs | plus de couleurs| Impression compl\u00e8te, impression d'un c\u00f4t\u00e9 ou de deux c\u00f4t\u00e9s<\/li>\n<li><strong>Fermeture<\/strong>: Avec fermeture \u00e0 glissi\u00e8re<\/li>\n<li><strong>Instructions d'entretien<\/strong>: Lavage \u00e0 la main recommand\u00e9, lavage en machine possible, s\u00e9chage \u00e0 plat.<\/li>\n<\/ul>\n\n\n<p><\/p>","protected":false},"excerpt":{"rendered":"<p>Con\u00e7u avec 6 canettes \u00e0 l'int\u00e9rieur, pour garder les boissons au frais, le logo ou le motif peut \u00eatre personnalis\u00e9 selon vos besoins.<\/p>","protected":false},"featured_media":2530,"comment_status":"open","ping_status":"closed","template":"","meta":{"_seopress_robots_primary_cat":"none","_seopress_titles_title":"%%post_title%% %%sep%% %%sitetitle%%","_seopress_titles_desc":"","_seopress_robots_index":""},"product_brand":[],"product_cat":[30,109],"product_tag":[],"class_list":{"0":"post-2438","1":"product","2":"type-product","3":"status-publish","4":"has-post-thumbnail","6":"product_cat-cooler-bag","7":"product_cat-everyday","9":"first","10":"instock","11":"taxable","12":"shipping-taxable","13":"product-type-simple"},"_links":{"self":[{"href":"https:\/\/avecobaggie.com\/fr\/wp-json\/wp\/v2\/product\/2438","targetHints":{"allow":["GET"]}}],"collection":[{"href":"https:\/\/avecobaggie.com\/fr\/wp-json\/wp\/v2\/product"}],"about":[{"href":"https:\/\/avecobaggie.com\/fr\/wp-json\/wp\/v2\/types\/product"}],"replies":[{"embeddable":true,"href":"https:\/\/avecobaggie.com\/fr\/wp-json\/wp\/v2\/comments?post=2438"}],"wp:featuredmedia":[{"embeddable":true,"href":"https:\/\/avecobaggie.com\/fr\/wp-json\/wp\/v2\/media\/2530"}],"wp:attachment":[{"href":"https:\/\/avecobaggie.com\/fr\/wp-json\/wp\/v2\/media?parent=2438"}],"wp:term":[{"taxonomy":"product_brand","embeddable":true,"href":"https:\/\/avecobaggie.com\/fr\/wp-json\/wp\/v2\/product_brand?post=2438"},{"taxonomy":"product_cat","embeddable":true,"href":"https:\/\/avecobaggie.com\/fr\/wp-json\/wp\/v2\/product_cat?post=2438"},{"taxonomy":"product_tag","embeddable":true,"href":"https:\/\/avecobaggie.com\/fr\/wp-json\/wp\/v2\/product_tag?post=2438"}],"curies":[{"name":"wp","href":"https:\/\/api.w.org\/{rel}","templated":true}]}}