{"id":2550,"date":"2021-03-16T10:36:36","date_gmt":"2021-03-16T02:36:36","guid":{"rendered":"https:\/\/avecobaggie.com\/?post_type=product&#038;p=2550"},"modified":"2021-03-30T10:32:45","modified_gmt":"2021-03-30T02:32:45","slug":"white-canvas-insulated-lunch-bag","status":"publish","type":"product","link":"https:\/\/avecobaggie.com\/fr\/produit\/white-canvas-insulated-lunch-bag\/","title":{"rendered":"Sac \u00e0 lunch isolant en toile blanche"},"content":{"rendered":"<p>La soci\u00e9t\u00e9 Aveco fournit principalement des sacs fourre-tout \u00e9cologiques personnalis\u00e9s avec un service de solution \u00e0 guichet unique. Nos sacs sont durables, de haute qualit\u00e9 et abordables pour r\u00e9pondre \u00e0 diff\u00e9rents besoins. Tous les mat\u00e9riaux que nous utilisons sont respectueux de l'environnement, notamment le coton, la toile, le lin, le jute, le feutre, etc. Si vous cherchez \u00e0 fabriquer des sacs pour votre marque priv\u00e9e ou pour des \u00e9v\u00e9nements promotionnels, nous pouvons r\u00e9pondre \u00e0 vos besoins en vrac avec un MOQ assez bas et une livraison rapide.<\/p>\n<h4 class=\"p1\"><span style=\"color: #333333;\">Caract\u00e9ristiques du produit<\/span><\/h4>\n<ul>\n<li><strong>Style du sac<\/strong>: sac \u00e0 dos pour le d\u00e9jeuner<\/li>\n<li><strong>Type de mat\u00e9riau<\/strong>: coton<\/li>\n<li><strong>Mat\u00e9riau Poids<\/strong>:  12oz \/ nous pouvons \u00e9galement r\u00e9aliser d'autres \u00e9paisseurs selon votre demande, <a href=\"https:\/\/avecobaggie.com\/fr\/custom-solutions\/\">Cliquez pour voir le tableau des poids des tissus<\/a><\/li>\n<li><strong>Couleur du mat\u00e9riau<\/strong>: Beige naturel<\/li>\n<li><strong>Taille du sac<\/strong>22X24.5X16CM (liste avec taille standard, nous acceptons les tailles personnalis\u00e9es) \uff09<\/li>\n<li><strong>Surface d'impression<\/strong>: 1 couleur | 2 couleurs | plus de couleurs| Impression compl\u00e8te, impression d'un c\u00f4t\u00e9 ou de deux c\u00f4t\u00e9s<\/li>\n<li><strong>Fermeture<\/strong>: Avec aimant<\/li>\n<li><strong>Instructions d'entretien<\/strong>: Lavage \u00e0 la main recommand\u00e9, lavage en machine possible, s\u00e9chage \u00e0 plat.<\/li>\n<\/ul>\n<p><strong>Remarques : Pour les tissus en coton, il y aura un l\u00e9ger r\u00e9tr\u00e9cissement apr\u00e8s le lavage.<\/strong><\/p>","protected":false},"excerpt":{"rendered":"<p>Ce sac est en toile, sans doublure, il n'est donc pas thermique.<\/p>","protected":false},"featured_media":2551,"comment_status":"open","ping_status":"closed","template":"","meta":{"_seopress_robots_primary_cat":"none","_seopress_titles_title":"%%post_title%% - OEM &amp; ODM - Avecobaggie","_seopress_titles_desc":"","_seopress_robots_index":""},"product_brand":[],"product_cat":[102,108,109],"product_tag":[130],"class_list":{"0":"post-2550","1":"product","2":"type-product","3":"status-publish","4":"has-post-thumbnail","6":"product_cat-cotton-canvas-bag","7":"product_cat-work-school","8":"product_cat-everyday","9":"product_tag-lunch-bag","11":"first","12":"instock","13":"taxable","14":"shipping-taxable","15":"product-type-simple"},"_links":{"self":[{"href":"https:\/\/avecobaggie.com\/fr\/wp-json\/wp\/v2\/product\/2550","targetHints":{"allow":["GET"]}}],"collection":[{"href":"https:\/\/avecobaggie.com\/fr\/wp-json\/wp\/v2\/product"}],"about":[{"href":"https:\/\/avecobaggie.com\/fr\/wp-json\/wp\/v2\/types\/product"}],"replies":[{"embeddable":true,"href":"https:\/\/avecobaggie.com\/fr\/wp-json\/wp\/v2\/comments?post=2550"}],"wp:featuredmedia":[{"embeddable":true,"href":"https:\/\/avecobaggie.com\/fr\/wp-json\/wp\/v2\/media\/2551"}],"wp:attachment":[{"href":"https:\/\/avecobaggie.com\/fr\/wp-json\/wp\/v2\/media?parent=2550"}],"wp:term":[{"taxonomy":"product_brand","embeddable":true,"href":"https:\/\/avecobaggie.com\/fr\/wp-json\/wp\/v2\/product_brand?post=2550"},{"taxonomy":"product_cat","embeddable":true,"href":"https:\/\/avecobaggie.com\/fr\/wp-json\/wp\/v2\/product_cat?post=2550"},{"taxonomy":"product_tag","embeddable":true,"href":"https:\/\/avecobaggie.com\/fr\/wp-json\/wp\/v2\/product_tag?post=2550"}],"curies":[{"name":"wp","href":"https:\/\/api.w.org\/{rel}","templated":true}]}}