{"id":2563,"date":"2021-03-16T11:28:49","date_gmt":"2021-03-16T03:28:49","guid":{"rendered":"https:\/\/avecobaggie.com\/?post_type=product&#038;p=2563"},"modified":"2021-03-30T10:12:49","modified_gmt":"2021-03-30T02:12:49","slug":"customized-oxford-insulted-bento-bag","status":"publish","type":"product","link":"https:\/\/avecobaggie.com\/fr\/produit\/customized-oxford-insulted-bento-bag\/","title":{"rendered":"Sac Bento Insult\u00e9 en Oxford personnalis\u00e9"},"content":{"rendered":"<p>Aveco mainly provide customized eco friendly material based bag with one stop shop solution service. Our\u00a0 bags are durable, high quality and affordable to meet different purposes. All the materials we use are eco-friendly including cotton, canvas, linen, jute, oxford, felt, etc. and If you are looking to make bags with your private label brand or promotional events, then we can serve your bulk needs with quite a low MOQ and fast delivery.<\/p>\n<p>The listing Oxford Insulted bento bag is a basic and simple style ,but many customer like it.It has 3 sizes and easy to carry.<\/p>\n<p>The logo can be print, woven or stamp.The color can also change ,there is liner inside to keep it warm.<\/p>\n<p>CARACT\u00c9RISTIQUES DU PRODUIT<\/p>\n<ul>\n<li><strong>Style du sac<\/strong>: Lunch bag<\/li>\n<li><strong>Type de mat\u00e9riau<\/strong>: Oxford<\/li>\n<li><strong>Mat\u00e9riau Poids<\/strong>:\u00a0 Oxford 600D<\/li>\n<li><strong>Couleur du mat\u00e9riau<\/strong>: gray, pink\u00a0 or other customized color<\/li>\n<li><strong>Taille du sac<\/strong>: 23X16X7CM|27X19X7CM|31X24X7CM( list with standard size, we accept customized size bag \uff09<\/li>\n<li><strong>Surface d'impression<\/strong>: 1 couleur | 2 couleurs | plus de couleurs| Impression compl\u00e8te, impression d'un c\u00f4t\u00e9 ou de deux c\u00f4t\u00e9s<\/li>\n<li><strong>Fermeture<\/strong>: Avec fermeture \u00e0 glissi\u00e8re<\/li>\n<li><strong>Instructions d'entretien<\/strong>: Lavage \u00e0 la main recommand\u00e9, lavage en machine possible, s\u00e9chage \u00e0 plat.<\/li>\n<\/ul>","protected":false},"excerpt":{"rendered":"<p>3 sizes for the insulted bento bag, with liner inside, it can well preserve your food.<\/p>","protected":false},"featured_media":2564,"comment_status":"open","ping_status":"closed","template":"","meta":{"_seopress_robots_primary_cat":"none","_seopress_titles_title":"%%post_title%% %%sep%% %%sitetitle%%","_seopress_titles_desc":"","_seopress_robots_index":""},"product_brand":[],"product_cat":[106,108],"product_tag":[130],"class_list":{"0":"post-2563","1":"product","2":"type-product","3":"status-publish","4":"has-post-thumbnail","6":"product_cat-oxford-bag","7":"product_cat-work-school","8":"product_tag-lunch-bag","10":"first","11":"instock","12":"taxable","13":"shipping-taxable","14":"product-type-simple"},"_links":{"self":[{"href":"https:\/\/avecobaggie.com\/fr\/wp-json\/wp\/v2\/product\/2563","targetHints":{"allow":["GET"]}}],"collection":[{"href":"https:\/\/avecobaggie.com\/fr\/wp-json\/wp\/v2\/product"}],"about":[{"href":"https:\/\/avecobaggie.com\/fr\/wp-json\/wp\/v2\/types\/product"}],"replies":[{"embeddable":true,"href":"https:\/\/avecobaggie.com\/fr\/wp-json\/wp\/v2\/comments?post=2563"}],"wp:featuredmedia":[{"embeddable":true,"href":"https:\/\/avecobaggie.com\/fr\/wp-json\/wp\/v2\/media\/2564"}],"wp:attachment":[{"href":"https:\/\/avecobaggie.com\/fr\/wp-json\/wp\/v2\/media?parent=2563"}],"wp:term":[{"taxonomy":"product_brand","embeddable":true,"href":"https:\/\/avecobaggie.com\/fr\/wp-json\/wp\/v2\/product_brand?post=2563"},{"taxonomy":"product_cat","embeddable":true,"href":"https:\/\/avecobaggie.com\/fr\/wp-json\/wp\/v2\/product_cat?post=2563"},{"taxonomy":"product_tag","embeddable":true,"href":"https:\/\/avecobaggie.com\/fr\/wp-json\/wp\/v2\/product_tag?post=2563"}],"curies":[{"name":"wp","href":"https:\/\/api.w.org\/{rel}","templated":true}]}}