{"id":3860,"date":"2021-06-29T15:35:13","date_gmt":"2021-06-29T07:35:13","guid":{"rendered":"https:\/\/avecobaggie.com\/?post_type=product&#038;p=3860"},"modified":"2021-06-29T17:27:34","modified_gmt":"2021-06-29T09:27:34","slug":"large-best-yoga-bag-with-straps","status":"publish","type":"product","link":"https:\/\/avecobaggie.com\/fr\/produit\/large-best-yoga-bag-with-straps\/","title":{"rendered":"Grand sac de yoga avec sangles"},"content":{"rendered":"<p>This Large Yoga Bag is Perfect\u00a0 to keep your mat stored beautifully when not in use. The materials are from eco friendly canvas ,it&#8217;s durable and reusable,when you are using it,you will feel you are touching the nature,and this is how you feel when you are doing yoga. All the colors can be customized.And you can also design your personal style with painting or using some accessories for DIY your personal Yoga bag.<\/p>\n<p>Your mat will breathe easy with metal eyelets at each end, and stay snug with a zip closure. Other features include a 28\u201d adjustable strap, one interior zip pocket and two interior open pockets, with a breathable cotton blend fabric lining.And the drawstring at the end keep the bag easy to close.<\/p>\n<h4 class=\"p1\">\u00a0 \u00a0 Caract\u00e9ristiques du produit<\/h4>\n<ul>\n<li><strong>Style du sac<\/strong>: yoga bag<\/li>\n<li><strong>Type de mat\u00e9riau<\/strong>: Toile<\/li>\n<li><strong>Mat\u00e9riau Poids<\/strong>: 12oz<\/li>\n<li><strong>Couleur du mat\u00e9riau<\/strong>: Couleur personnalis\u00e9e<\/li>\n<li><strong>Sac Taille du stock<\/strong>: 68X13CM<\/li>\n<li><strong>Surface d'impression<\/strong>: pas d'impression<\/li>\n<li><strong>Fermeture<\/strong>: drawstring closure\uff0c It&#8217;s easy to put your mat in the bag and keep it clean and organized.<\/li>\n<li><strong>Instructions d'entretien<\/strong>: Lavage \u00e0 la main recommand\u00e9, lavage en machine possible, s\u00e9chage \u00e0 plat.<\/li>\n<\/ul>\n<p><strong>\u00a0 \u00a0 Remarques : Pour les tissus en coton ou en toile, il y aura un l\u00e9ger r\u00e9tr\u00e9cissement apr\u00e8s le lavage.<\/strong><\/p>","protected":false},"excerpt":{"rendered":"<p>All customizable canvas yoga mat bag,easy to wash,eco friendly and renewable.<\/p>","protected":false},"featured_media":3855,"comment_status":"open","ping_status":"closed","template":"","meta":{"_seopress_robots_primary_cat":"none","_seopress_titles_title":"","_seopress_titles_desc":"","_seopress_robots_index":""},"product_brand":[],"product_cat":[100,102,112],"product_tag":[],"class_list":{"0":"post-3860","1":"product","2":"type-product","3":"status-publish","4":"has-post-thumbnail","6":"product_cat-other-creative-bag","7":"product_cat-cotton-canvas-bag","8":"product_cat-sports","10":"first","11":"instock","12":"taxable","13":"shipping-taxable","14":"product-type-simple"},"_links":{"self":[{"href":"https:\/\/avecobaggie.com\/fr\/wp-json\/wp\/v2\/product\/3860","targetHints":{"allow":["GET"]}}],"collection":[{"href":"https:\/\/avecobaggie.com\/fr\/wp-json\/wp\/v2\/product"}],"about":[{"href":"https:\/\/avecobaggie.com\/fr\/wp-json\/wp\/v2\/types\/product"}],"replies":[{"embeddable":true,"href":"https:\/\/avecobaggie.com\/fr\/wp-json\/wp\/v2\/comments?post=3860"}],"wp:featuredmedia":[{"embeddable":true,"href":"https:\/\/avecobaggie.com\/fr\/wp-json\/wp\/v2\/media\/3855"}],"wp:attachment":[{"href":"https:\/\/avecobaggie.com\/fr\/wp-json\/wp\/v2\/media?parent=3860"}],"wp:term":[{"taxonomy":"product_brand","embeddable":true,"href":"https:\/\/avecobaggie.com\/fr\/wp-json\/wp\/v2\/product_brand?post=3860"},{"taxonomy":"product_cat","embeddable":true,"href":"https:\/\/avecobaggie.com\/fr\/wp-json\/wp\/v2\/product_cat?post=3860"},{"taxonomy":"product_tag","embeddable":true,"href":"https:\/\/avecobaggie.com\/fr\/wp-json\/wp\/v2\/product_tag?post=3860"}],"curies":[{"name":"wp","href":"https:\/\/api.w.org\/{rel}","templated":true}]}}