{"id":3884,"date":"2021-06-29T16:40:29","date_gmt":"2021-06-29T08:40:29","guid":{"rendered":"https:\/\/avecobaggie.com\/?post_type=product&#038;p=3884"},"modified":"2021-07-01T11:56:20","modified_gmt":"2021-07-01T03:56:20","slug":"tyvek-bag-dupont-paper-drawstring-bag","status":"publish","type":"product","link":"https:\/\/avecobaggie.com\/fr\/produit\/tyvek-bag-dupont-paper-drawstring-bag\/","title":{"rendered":"Sac Tyvek Sac \u00e0 cordon en papier Dupont"},"content":{"rendered":"<p>Aveco fournit principalement des sacs \u00e9cologiques personnalis\u00e9s avec un service de solution \u00e0 guichet unique. Nous avons \u00e9galement quelques formes de base de sacs pour un d\u00e9marrage facile, comme indiqu\u00e9 sur le site Web de\u00a0\u00a0<a href=\"https:\/\/avecobaggie.com\/fr\/categorie-produit\/bags-in-stock\/\"> Sacs en stock <\/a>. la plupart des sacs en stock sont vierges de toute impression, il est donc plus facile pour vous d'apposer un logo ou une \u00e9tiquette priv\u00e9e pour vos clients sans minimum.<\/p>\n<p>The listed Round bottom canvas grocery bags are available in below 6 sizes, they can ship fast within 3 days. All the canvas grocery bags we provided here are manufactured as Non-toxic eco friendly materials.We are happy to support small business<span class=\"Apple-converted-space\">\u00a0 <\/span>ainsi que les grandes marques.<\/p>\n<p class=\"p1\"><span class=\"Apple-converted-space\">\u00a0 \u00a0 Si vous souhaitez personnaliser ces sacs \u00e9cologiques, c'est \u00e9galement facile, certains de ces sacs \u00e9tant m\u00eame dot\u00e9s d'un prix extr\u00eamement bas. <\/span>MOQ pour les surfaces personnalis\u00e9es. En particulier, les sacs en coton ou en toile sont extr\u00eamement bas, \u00e0 100 pi\u00e8ces ou m\u00eame moins, pour soutenir les d\u00e9butants. <a href=\"https:\/\/avecobaggie.com\/fr\/custom-solutions\/\"><strong>SOLUTIONS SUR MESURE<\/strong><\/a> pour en savoir plus sur les \u00e9tapes des sacs personnalis\u00e9s.<\/p>\n<h3 class=\"p1\"><span style=\"color: #333333;\">\u00a0 \u00a0 \u00a0Caract\u00e9ristiques du produit<\/span><\/h3>\n<ul>\n<li><strong>Bag Style : <\/strong><span class=\"a-list-item\">drawstring bag<\/span><\/li>\n<li><strong>Type de mat\u00e9riau<\/strong>: Dupont<\/li>\n<li><strong>Couleur du mat\u00e9riau<\/strong>: Natural brown<\/li>\n<li><strong>Taille du sac<\/strong>: 24X29CM\uff08 list with popular size, we accept customized size bag \uff09<\/li>\n<li><strong>Surface d'impression<\/strong>: Plain color in stock ,for custom ,it can be 1 color | 2 color | more color| Full printing, printing one side or two sides<\/li>\n<li><strong>Fermeture<\/strong>:\u00a0<span class=\"a-list-item\">Drawstring design make these canvas grocery bags easier to fasten so avoid objects lost. bag size from small to big to suit all your needs.<\/span><\/li>\n<\/ul>\n<p>&nbsp;<\/p>","protected":false},"excerpt":{"rendered":"<p>Aveco mainly provide customized eco bags with one stop shop solution service. We also have some basic shape of bags for an easy start as listed on the website of\u00a0\u00a0 Bags in Stock . most stocked bags are blank without any printing, so it&#8217;s easier for you to do a private logo or label for [&hellip;]<\/p>","protected":false},"featured_media":3886,"comment_status":"open","ping_status":"closed","template":"","meta":{"_seopress_robots_primary_cat":"none","_seopress_titles_title":"","_seopress_titles_desc":"","_seopress_robots_index":""},"product_brand":[],"product_cat":[92,103,112],"product_tag":[136],"class_list":{"0":"post-3884","1":"product","2":"type-product","3":"status-publish","4":"has-post-thumbnail","6":"product_cat-drawstring-bag","7":"product_cat-other-fabric-bag","8":"product_cat-sports","9":"product_tag-dupont-bag","11":"first","12":"instock","13":"taxable","14":"shipping-taxable","15":"product-type-simple"},"_links":{"self":[{"href":"https:\/\/avecobaggie.com\/fr\/wp-json\/wp\/v2\/product\/3884","targetHints":{"allow":["GET"]}}],"collection":[{"href":"https:\/\/avecobaggie.com\/fr\/wp-json\/wp\/v2\/product"}],"about":[{"href":"https:\/\/avecobaggie.com\/fr\/wp-json\/wp\/v2\/types\/product"}],"replies":[{"embeddable":true,"href":"https:\/\/avecobaggie.com\/fr\/wp-json\/wp\/v2\/comments?post=3884"}],"wp:featuredmedia":[{"embeddable":true,"href":"https:\/\/avecobaggie.com\/fr\/wp-json\/wp\/v2\/media\/3886"}],"wp:attachment":[{"href":"https:\/\/avecobaggie.com\/fr\/wp-json\/wp\/v2\/media?parent=3884"}],"wp:term":[{"taxonomy":"product_brand","embeddable":true,"href":"https:\/\/avecobaggie.com\/fr\/wp-json\/wp\/v2\/product_brand?post=3884"},{"taxonomy":"product_cat","embeddable":true,"href":"https:\/\/avecobaggie.com\/fr\/wp-json\/wp\/v2\/product_cat?post=3884"},{"taxonomy":"product_tag","embeddable":true,"href":"https:\/\/avecobaggie.com\/fr\/wp-json\/wp\/v2\/product_tag?post=3884"}],"curies":[{"name":"wp","href":"https:\/\/api.w.org\/{rel}","templated":true}]}}