{"id":3930,"date":"2021-06-30T13:55:42","date_gmt":"2021-06-30T05:55:42","guid":{"rendered":"https:\/\/avecobaggie.com\/?post_type=product&#038;p=3930"},"modified":"2021-07-01T12:00:34","modified_gmt":"2021-07-01T04:00:34","slug":"extra-large-dupont-backpacks-for-men","status":"publish","type":"product","link":"https:\/\/avecobaggie.com\/fr\/produit\/extra-large-dupont-backpacks-for-men\/","title":{"rendered":"Sacs \u00e0 dos Dupont extra-larges pour hommes"},"content":{"rendered":"<h4 class=\"p1\">\u00a0 \u00a0 Caract\u00e9ristiques du produit<\/h4>\n<ul>\n<li><strong>Style du sac<\/strong>: backpacks<\/li>\n<li><strong>Type de mat\u00e9riau<\/strong>: Dupont backpack<\/li>\n<li><strong>Couleur du mat\u00e9riau<\/strong>: Couleur personnalis\u00e9e<\/li>\n<li><strong>Sac Taille du stock<\/strong>: 28X57X9CM<\/li>\n<li><strong>Surface d'impression<\/strong>: pas d'impression<\/li>\n<li><strong>Instructions d'entretien<\/strong>: Lavage \u00e0 la main recommand\u00e9, lavage en machine possible, s\u00e9chage en suspension.<\/li>\n<\/ul>","protected":false},"excerpt":{"rendered":"<p>Extra large eco friendly washable backpack for man , light weight,waterproof.<\/p>","protected":false},"featured_media":3931,"comment_status":"open","ping_status":"closed","template":"","meta":{"_seopress_robots_primary_cat":"none","_seopress_titles_title":"","_seopress_titles_desc":"","_seopress_robots_index":""},"product_brand":[],"product_cat":[98,103,110],"product_tag":[136],"class_list":{"0":"post-3930","1":"product","2":"type-product","3":"status-publish","4":"has-post-thumbnail","6":"product_cat-backpack-bag","7":"product_cat-other-fabric-bag","8":"product_cat-travel","9":"product_tag-dupont-bag","11":"first","12":"instock","13":"taxable","14":"shipping-taxable","15":"product-type-simple"},"_links":{"self":[{"href":"https:\/\/avecobaggie.com\/fr\/wp-json\/wp\/v2\/product\/3930","targetHints":{"allow":["GET"]}}],"collection":[{"href":"https:\/\/avecobaggie.com\/fr\/wp-json\/wp\/v2\/product"}],"about":[{"href":"https:\/\/avecobaggie.com\/fr\/wp-json\/wp\/v2\/types\/product"}],"replies":[{"embeddable":true,"href":"https:\/\/avecobaggie.com\/fr\/wp-json\/wp\/v2\/comments?post=3930"}],"wp:featuredmedia":[{"embeddable":true,"href":"https:\/\/avecobaggie.com\/fr\/wp-json\/wp\/v2\/media\/3931"}],"wp:attachment":[{"href":"https:\/\/avecobaggie.com\/fr\/wp-json\/wp\/v2\/media?parent=3930"}],"wp:term":[{"taxonomy":"product_brand","embeddable":true,"href":"https:\/\/avecobaggie.com\/fr\/wp-json\/wp\/v2\/product_brand?post=3930"},{"taxonomy":"product_cat","embeddable":true,"href":"https:\/\/avecobaggie.com\/fr\/wp-json\/wp\/v2\/product_cat?post=3930"},{"taxonomy":"product_tag","embeddable":true,"href":"https:\/\/avecobaggie.com\/fr\/wp-json\/wp\/v2\/product_tag?post=3930"}],"curies":[{"name":"wp","href":"https:\/\/api.w.org\/{rel}","templated":true}]}}