{"id":3954,"date":"2021-06-30T16:17:56","date_gmt":"2021-06-30T08:17:56","guid":{"rendered":"https:\/\/avecobaggie.com\/?post_type=product&#038;p=3954"},"modified":"2021-06-30T17:26:18","modified_gmt":"2021-06-30T09:26:18","slug":"dupont-tyvek-thermal-bag-for-hot-food","status":"publish","type":"product","link":"https:\/\/avecobaggie.com\/fr\/produit\/dupont-tyvek-thermal-bag-for-hot-food\/","title":{"rendered":"Sac thermique Dupont Tyvek pour aliments chauds"},"content":{"rendered":"<p>Aveco\u00a0 Company specialized in eco-friendly material-based bags such as cotton canvas bag, muslin bag, jute burlap bag,Non-woven bag ,etc. All the bags can be customized or personalized with your own requests.we offer\u00a0 one stop shop solution service from material sourcing till shipment.. ur\u00a0 bags are durable, high quality and affordable to meet different purposes, we can serve your bulk needs with quite a low MOQ and fast delivery.<\/p>\n<p>CARACT\u00c9RISTIQUES DU PRODUIT<\/p>\n<ul>\n<li><strong>Style du sac<\/strong>: Thermal Cooler Bag<\/li>\n<li><strong>Type de mat\u00e9riau<\/strong>: Dupont<\/li>\n<li><strong>Couleur du mat\u00e9riau<\/strong>: Bleu ou autre couleur personnalis\u00e9e<\/li>\n<li><strong>Taille du sac<\/strong>: 22X16X17CM ( list with standard size, we accept customized size bag \uff09<\/li>\n<li><strong>Surface d'impression<\/strong>: 1 couleur | 2 couleurs | plus de couleurs| Impression compl\u00e8te, impression d'un c\u00f4t\u00e9 ou de deux c\u00f4t\u00e9s<\/li>\n<li><strong>Fermeture<\/strong>: Avec fermeture \u00e0 glissi\u00e8re<\/li>\n<li><strong>Instructions d'entretien<\/strong>: Lavage \u00e0 la main recommand\u00e9, lavage en machine possible, s\u00e9chage en suspension.<\/li>\n<\/ul>","protected":false},"excerpt":{"rendered":"<p>Fashionable Thermal bag,perfect for keeping you food hot and easy to carry .<\/p>","protected":false},"featured_media":3955,"comment_status":"open","ping_status":"closed","template":"","meta":{"_seopress_robots_primary_cat":"none","_seopress_titles_title":"%%post_title%% %%sep%% %%sitetitle%%","_seopress_titles_desc":"","_seopress_robots_index":""},"product_brand":[],"product_cat":[30,103,109],"product_tag":[136,130],"class_list":{"0":"post-3954","1":"product","2":"type-product","3":"status-publish","4":"has-post-thumbnail","6":"product_cat-cooler-bag","7":"product_cat-other-fabric-bag","8":"product_cat-everyday","9":"product_tag-dupont-bag","10":"product_tag-lunch-bag","12":"first","13":"instock","14":"taxable","15":"shipping-taxable","16":"product-type-simple"},"_links":{"self":[{"href":"https:\/\/avecobaggie.com\/fr\/wp-json\/wp\/v2\/product\/3954","targetHints":{"allow":["GET"]}}],"collection":[{"href":"https:\/\/avecobaggie.com\/fr\/wp-json\/wp\/v2\/product"}],"about":[{"href":"https:\/\/avecobaggie.com\/fr\/wp-json\/wp\/v2\/types\/product"}],"replies":[{"embeddable":true,"href":"https:\/\/avecobaggie.com\/fr\/wp-json\/wp\/v2\/comments?post=3954"}],"wp:featuredmedia":[{"embeddable":true,"href":"https:\/\/avecobaggie.com\/fr\/wp-json\/wp\/v2\/media\/3955"}],"wp:attachment":[{"href":"https:\/\/avecobaggie.com\/fr\/wp-json\/wp\/v2\/media?parent=3954"}],"wp:term":[{"taxonomy":"product_brand","embeddable":true,"href":"https:\/\/avecobaggie.com\/fr\/wp-json\/wp\/v2\/product_brand?post=3954"},{"taxonomy":"product_cat","embeddable":true,"href":"https:\/\/avecobaggie.com\/fr\/wp-json\/wp\/v2\/product_cat?post=3954"},{"taxonomy":"product_tag","embeddable":true,"href":"https:\/\/avecobaggie.com\/fr\/wp-json\/wp\/v2\/product_tag?post=3954"}],"curies":[{"name":"wp","href":"https:\/\/api.w.org\/{rel}","templated":true}]}}