{"id":397,"date":"2021-02-01T16:10:34","date_gmt":"2021-02-01T08:10:34","guid":{"rendered":"https:\/\/avecobaggie.com\/?post_type=product&#038;p=397"},"modified":"2025-04-25T15:16:32","modified_gmt":"2025-04-25T07:16:32","slug":"cotton-mesh-produce-bag","status":"publish","type":"product","link":"https:\/\/avecobaggie.com\/fr\/produit\/cotton-mesh-produce-bag\/","title":{"rendered":"Sac r\u00e9utilisable en maille de coton pour les fruits et l\u00e9gumes"},"content":{"rendered":"<p>Aveco mainly provide customized eco bags with one stop shop solution service. Our\u00a0 bags are durable, high quality and affordable to meet different purposes.<\/p>\n<p>The listing Reusable Mesh Produce bags are made of 100% cotton, which is pollution-free ,compostable and very friendly to the environment.Each bag is well sewed with double-stitched, which can bear heavy weights.Besides, the bag itself is lightweight and easy to fold.<\/p>\n<p>The bags are sold normally in a bundle, with 3pcs ,6 pcs or 9pcs in a set,size from S,M,L(8X10&#8243;,10X12&#8243;,12X14&#8243;),each bag with a tare weight label and your logo if needed.\u00a0 other sizes can also be customized if required.<\/p>\n<p>The bags are extremely stretchy, heavy duty and big strong, and they can carry more than their size.They are easy to clean, absolutely safe in the dishwasher, and reusable.<\/p>\n<p>These bags are designed to be multi functional, you can use them to store vegetables and fruits in the fridge.They also work great for laundry delicates, small sports equipment, beach trips, gym clothes, school lunches, toys, office supplies, camping trips, road trips, and virtually any form of household organizing you can imagine.<\/p>\n<p>CARACT\u00c9RISTIQUES DU PRODUIT<\/p>\n<ul>\n<li><strong>Style du sac<\/strong>: Cotton Mesh Produce Bag<\/li>\n<li><strong>Type de mat\u00e9riau<\/strong>: 100% cotton fabric<\/li>\n<li><strong>Couleur du mat\u00e9riau<\/strong>: Naturel<\/li>\n<li><strong>Taille du sac<\/strong>: S,M,L(8X10&#8243;,10X12&#8243;,12X14&#8243;)(list with standard size, we accept customized size bag \uff09<\/li>\n<li><strong>Surface d'impression<\/strong>: Normally mesh bag with tare weight label on the side, and it can also be sewed in the middle with bigger logo size.<\/li>\n<li><strong>Fermeture<\/strong>: Drawstring with plastic end closure, metal ,or other end closure<\/li>\n<li><strong>Instructions d'entretien<\/strong>: Lavage \u00e0 la main recommand\u00e9, lavage en machine possible, s\u00e9chage \u00e0 plat.<\/li>\n<\/ul>\n<p><strong>Remarques : Pour les tissus en coton, il y aura un l\u00e9ger r\u00e9tr\u00e9cissement apr\u00e8s le lavage.<\/strong><\/p>\n<p>&nbsp;<\/p>\n<p>&nbsp;<\/p>","protected":false},"excerpt":{"rendered":"<p>Made of 100%\u00a0 organic cotton, our reusable mesh produce bags are zero-waste, Lead, BPA and Mercury Free, full biodegradable. and it&#8217;s especially quite popular on e-commerce retail business<\/p>","protected":false},"featured_media":398,"comment_status":"closed","ping_status":"closed","template":"","meta":{"_seopress_robots_primary_cat":"none","_seopress_titles_title":"","_seopress_titles_desc":"","_seopress_robots_index":""},"product_brand":[185],"product_cat":[188,96,109],"product_tag":[],"class_list":{"0":"post-397","1":"product","2":"type-product","3":"status-publish","4":"has-post-thumbnail","6":"product_brand-avecobaggie","7":"product_cat-custom-canvas-bag","8":"product_cat-mesh-bag","9":"product_cat-everyday","11":"first","12":"instock","13":"taxable","14":"shipping-taxable","15":"product-type-simple"},"_links":{"self":[{"href":"https:\/\/avecobaggie.com\/fr\/wp-json\/wp\/v2\/product\/397","targetHints":{"allow":["GET"]}}],"collection":[{"href":"https:\/\/avecobaggie.com\/fr\/wp-json\/wp\/v2\/product"}],"about":[{"href":"https:\/\/avecobaggie.com\/fr\/wp-json\/wp\/v2\/types\/product"}],"replies":[{"embeddable":true,"href":"https:\/\/avecobaggie.com\/fr\/wp-json\/wp\/v2\/comments?post=397"}],"wp:featuredmedia":[{"embeddable":true,"href":"https:\/\/avecobaggie.com\/fr\/wp-json\/wp\/v2\/media\/398"}],"wp:attachment":[{"href":"https:\/\/avecobaggie.com\/fr\/wp-json\/wp\/v2\/media?parent=397"}],"wp:term":[{"taxonomy":"product_brand","embeddable":true,"href":"https:\/\/avecobaggie.com\/fr\/wp-json\/wp\/v2\/product_brand?post=397"},{"taxonomy":"product_cat","embeddable":true,"href":"https:\/\/avecobaggie.com\/fr\/wp-json\/wp\/v2\/product_cat?post=397"},{"taxonomy":"product_tag","embeddable":true,"href":"https:\/\/avecobaggie.com\/fr\/wp-json\/wp\/v2\/product_tag?post=397"}],"curies":[{"name":"wp","href":"https:\/\/api.w.org\/{rel}","templated":true}]}}