{"id":3970,"date":"2021-06-30T17:10:12","date_gmt":"2021-06-30T09:10:12","guid":{"rendered":"https:\/\/avecobaggie.com\/?post_type=product&#038;p=3970"},"modified":"2021-06-30T18:09:39","modified_gmt":"2021-06-30T10:09:39","slug":"dupont-tyvek-small-cool-lunch-bags-for-adults","status":"publish","type":"product","link":"https:\/\/avecobaggie.com\/fr\/produit\/dupont-tyvek-small-cool-lunch-bags-for-adults\/","title":{"rendered":"Dupont Tyvek - Petits sacs \u00e0 lunch r\u00e9frig\u00e9r\u00e9s pour adultes"},"content":{"rendered":"<p>Aveco Company est sp\u00e9cialis\u00e9e dans les sacs \u00e0 base de mat\u00e9riaux respectueux de l'environnement, tels que les sacs en toile de coton, les sacs en mousseline, les sacs en toile de jute, les sacs en non-tiss\u00e9, etc. Tous les sacs peuvent \u00eatre personnalis\u00e9s selon vos propres demandes. Nous offrons un service de solution unique, de l'approvisionnement en mat\u00e9riaux \u00e0 l'exp\u00e9dition. Nos sacs sont durables, de haute qualit\u00e9 et abordables pour r\u00e9pondre \u00e0 diff\u00e9rents besoins, nous pouvons r\u00e9pondre \u00e0 vos besoins en vrac avec un MOQ assez bas et une livraison rapide.<\/p>\n<p>CARACT\u00c9RISTIQUES DU PRODUIT<\/p>\n<ul>\n<li><strong>Style du sac<\/strong>: sac \u00e0 lunch insult\u00e9<\/li>\n<li><strong>Type de mat\u00e9riau<\/strong>: Dupont + feuille d'aluminium<\/li>\n<li><strong>Couleur du mat\u00e9riau<\/strong>: Marron ou autre couleur personnalis\u00e9e<\/li>\n<li><strong>Taille du sac<\/strong>21X16X13CM (liste des dimensions standard, nous acceptons les dimensions personnalis\u00e9es) \uff09<\/li>\n<li><strong>Surface d'impression<\/strong>: 1 couleur | 2 couleurs | plus de couleurs| Impression compl\u00e8te, impression d'un c\u00f4t\u00e9 ou de deux c\u00f4t\u00e9s<\/li>\n<li><strong>Fermeture<\/strong>: Avec fermeture \u00e0 glissi\u00e8re<\/li>\n<li><strong>Instructions d'entretien<\/strong>: Lavage \u00e0 la main recommand\u00e9, lavage en machine possible, s\u00e9chage \u00e0 plat.<\/li>\n<\/ul>","protected":false},"excerpt":{"rendered":"<p>Ce sac \u00e0 lunch insult\u00e9 est adapt\u00e9 aux femmes, avec fermeture \u00e9clair, et peut s'adapter \u00e0 la bo\u00eete \u00e0 lunch tiffin. Le sac peut \u00e9galement \u00eatre imprim\u00e9 d'un logo ou d'un motif.<\/p>","protected":false},"featured_media":3972,"comment_status":"open","ping_status":"closed","template":"","meta":{"_seopress_robots_primary_cat":"none","_seopress_titles_title":"%%post_title%% %%sep%% %%sitetitle%%","_seopress_titles_desc":"","_seopress_robots_index":""},"product_brand":[],"product_cat":[30,108],"product_tag":[],"class_list":{"0":"post-3970","1":"product","2":"type-product","3":"status-publish","4":"has-post-thumbnail","6":"product_cat-cooler-bag","7":"product_cat-work-school","9":"first","10":"instock","11":"taxable","12":"shipping-taxable","13":"product-type-simple"},"_links":{"self":[{"href":"https:\/\/avecobaggie.com\/fr\/wp-json\/wp\/v2\/product\/3970","targetHints":{"allow":["GET"]}}],"collection":[{"href":"https:\/\/avecobaggie.com\/fr\/wp-json\/wp\/v2\/product"}],"about":[{"href":"https:\/\/avecobaggie.com\/fr\/wp-json\/wp\/v2\/types\/product"}],"replies":[{"embeddable":true,"href":"https:\/\/avecobaggie.com\/fr\/wp-json\/wp\/v2\/comments?post=3970"}],"wp:featuredmedia":[{"embeddable":true,"href":"https:\/\/avecobaggie.com\/fr\/wp-json\/wp\/v2\/media\/3972"}],"wp:attachment":[{"href":"https:\/\/avecobaggie.com\/fr\/wp-json\/wp\/v2\/media?parent=3970"}],"wp:term":[{"taxonomy":"product_brand","embeddable":true,"href":"https:\/\/avecobaggie.com\/fr\/wp-json\/wp\/v2\/product_brand?post=3970"},{"taxonomy":"product_cat","embeddable":true,"href":"https:\/\/avecobaggie.com\/fr\/wp-json\/wp\/v2\/product_cat?post=3970"},{"taxonomy":"product_tag","embeddable":true,"href":"https:\/\/avecobaggie.com\/fr\/wp-json\/wp\/v2\/product_tag?post=3970"}],"curies":[{"name":"wp","href":"https:\/\/api.w.org\/{rel}","templated":true}]}}