{"id":3976,"date":"2021-06-30T17:22:51","date_gmt":"2021-06-30T09:22:51","guid":{"rendered":"https:\/\/avecobaggie.com\/?post_type=product&#038;p=3976"},"modified":"2021-06-30T18:14:04","modified_gmt":"2021-06-30T10:14:04","slug":"cute-dupont-lunch-bags-for-women","status":"publish","type":"product","link":"https:\/\/avecobaggie.com\/fr\/produit\/cute-dupont-lunch-bags-for-women\/","title":{"rendered":"Sacs \u00e0 lunch Dupont pour femmes"},"content":{"rendered":"<p>Aveco Company est sp\u00e9cialis\u00e9e dans les sacs \u00e0 base de mat\u00e9riaux respectueux de l'environnement, tels que les sacs en toile de coton, les sacs en mousseline, les sacs en toile de jute, les sacs en non-tiss\u00e9, etc. Tous les sacs peuvent \u00eatre personnalis\u00e9s selon vos propres demandes. Nous offrons un service de solution unique, de l'approvisionnement en mat\u00e9riaux \u00e0 l'exp\u00e9dition. Nos sacs sont durables, de haute qualit\u00e9 et abordables pour r\u00e9pondre \u00e0 diff\u00e9rents besoins, nous pouvons r\u00e9pondre \u00e0 vos besoins en vrac avec un MOQ assez bas et une livraison rapide.<\/p>\n<p>CARACT\u00c9RISTIQUES DU PRODUIT<\/p>\n<ul>\n<li><strong>Style du sac<\/strong>:Glaci\u00e8re pour le d\u00e9jeuner<\/li>\n<li><strong>Type de mat\u00e9riau<\/strong>: Dupont + feuille d'aluminium<\/li>\n<li><strong>Mat\u00e9riau Poids<\/strong>: 70g<\/li>\n<li><strong>Couleur du mat\u00e9riau<\/strong>: Bleu ou autre couleur personnalis\u00e9e<\/li>\n<li><strong>Taille du sac<\/strong>20X18X12CM (liste des dimensions standard, nous acceptons les dimensions personnalis\u00e9es) \uff09<\/li>\n<li><strong>Surface d'impression<\/strong>: 1 couleur | 2 couleurs | plus de couleurs| Impression compl\u00e8te, impression d'un c\u00f4t\u00e9 ou de deux c\u00f4t\u00e9s<\/li>\n<li><strong>Fermeture<\/strong>: Avec fermeture \u00e0 glissi\u00e8re<\/li>\n<li><strong>Instructions d'entretien<\/strong>: Lavage \u00e0 la main recommand\u00e9, lavage en machine possible, s\u00e9chage en suspension.<\/li>\n<\/ul>","protected":false},"excerpt":{"rendered":"<p>Aveco\u00a0 Company specialized in eco-friendly material based bags such as cotton canvas bag, muslin bag, jute burlap bag,Non-woven bag ,etc. All the bags can be customized or personalized with your own requests.we offer\u00a0 one stop shop solution service from material sourcing till shipment.. ur\u00a0 bags are durable, high quality and affordable to meet different purposes, [&hellip;]<\/p>","protected":false},"featured_media":3977,"comment_status":"open","ping_status":"closed","template":"","meta":{"_seopress_robots_primary_cat":"none","_seopress_titles_title":"%%post_title%% %%sep%% %%sitetitle%%","_seopress_titles_desc":"","_seopress_robots_index":""},"product_brand":[],"product_cat":[30,108,109],"product_tag":[136],"class_list":{"0":"post-3976","1":"product","2":"type-product","3":"status-publish","4":"has-post-thumbnail","6":"product_cat-cooler-bag","7":"product_cat-work-school","8":"product_cat-everyday","9":"product_tag-dupont-bag","11":"first","12":"instock","13":"taxable","14":"shipping-taxable","15":"product-type-simple"},"_links":{"self":[{"href":"https:\/\/avecobaggie.com\/fr\/wp-json\/wp\/v2\/product\/3976","targetHints":{"allow":["GET"]}}],"collection":[{"href":"https:\/\/avecobaggie.com\/fr\/wp-json\/wp\/v2\/product"}],"about":[{"href":"https:\/\/avecobaggie.com\/fr\/wp-json\/wp\/v2\/types\/product"}],"replies":[{"embeddable":true,"href":"https:\/\/avecobaggie.com\/fr\/wp-json\/wp\/v2\/comments?post=3976"}],"wp:featuredmedia":[{"embeddable":true,"href":"https:\/\/avecobaggie.com\/fr\/wp-json\/wp\/v2\/media\/3977"}],"wp:attachment":[{"href":"https:\/\/avecobaggie.com\/fr\/wp-json\/wp\/v2\/media?parent=3976"}],"wp:term":[{"taxonomy":"product_brand","embeddable":true,"href":"https:\/\/avecobaggie.com\/fr\/wp-json\/wp\/v2\/product_brand?post=3976"},{"taxonomy":"product_cat","embeddable":true,"href":"https:\/\/avecobaggie.com\/fr\/wp-json\/wp\/v2\/product_cat?post=3976"},{"taxonomy":"product_tag","embeddable":true,"href":"https:\/\/avecobaggie.com\/fr\/wp-json\/wp\/v2\/product_tag?post=3976"}],"curies":[{"name":"wp","href":"https:\/\/api.w.org\/{rel}","templated":true}]}}