{"id":3983,"date":"2021-06-30T17:34:26","date_gmt":"2021-06-30T09:34:26","guid":{"rendered":"https:\/\/avecobaggie.com\/?post_type=product&#038;p=3983"},"modified":"2021-06-30T22:27:43","modified_gmt":"2021-06-30T14:27:43","slug":"tyvek-brown-crossbody-sling-bag","status":"publish","type":"product","link":"https:\/\/avecobaggie.com\/fr\/produit\/tyvek-brown-crossbody-sling-bag\/","title":{"rendered":"Tyvek Brown Crossbody Sling Bag"},"content":{"rendered":"<h4 class=\"p1\">\u00a0Caract\u00e9ristiques du produit<\/h4>\n<ul>\n<li><strong>Style du sac<\/strong>: Sac \u00e0 bandouli\u00e8re<\/li>\n<li><strong>Type de mat\u00e9riau<\/strong>: Dupont Tyrek<\/li>\n<li><strong>Couleur du mat\u00e9riau<\/strong>: Couleur marron ou couleur personnalis\u00e9e<\/li>\n<li><strong>Sac Taille du stock<\/strong>: 18X18X5CM<\/li>\n<li><strong>Surface d'impression<\/strong>Pas d'impression ou possibilit\u00e9 d'impression personnalis\u00e9e<\/li>\n<li><strong>Instructions d'entretien<\/strong>: Lavage \u00e0 la main recommand\u00e9, lavage en machine possible, s\u00e9chage \u00e0 plat.<\/li>\n<\/ul>\n<p><strong>\u00a0 \u00a0 Remarques : Pour les tissus en coton ou en toile, il y aura un l\u00e9ger r\u00e9tr\u00e9cissement apr\u00e8s le lavage.<\/strong><\/p>","protected":false},"excerpt":{"rendered":"<p>A la mode, facile \u00e0 laver, r\u00e9sistant aux d\u00e9chirures, respectueux de l'environnement et biod\u00e9gradable.<\/p>","protected":false},"featured_media":3984,"comment_status":"open","ping_status":"closed","template":"","meta":{"_seopress_robots_primary_cat":"none","_seopress_titles_title":"","_seopress_titles_desc":"","_seopress_robots_index":""},"product_brand":[],"product_cat":[29,103,108,109],"product_tag":[136],"class_list":{"0":"post-3983","1":"product","2":"type-product","3":"status-publish","4":"has-post-thumbnail","6":"product_cat-tote-bag","7":"product_cat-other-fabric-bag","8":"product_cat-work-school","9":"product_cat-everyday","10":"product_tag-dupont-bag","12":"first","13":"instock","14":"taxable","15":"shipping-taxable","16":"product-type-simple"},"_links":{"self":[{"href":"https:\/\/avecobaggie.com\/fr\/wp-json\/wp\/v2\/product\/3983","targetHints":{"allow":["GET"]}}],"collection":[{"href":"https:\/\/avecobaggie.com\/fr\/wp-json\/wp\/v2\/product"}],"about":[{"href":"https:\/\/avecobaggie.com\/fr\/wp-json\/wp\/v2\/types\/product"}],"replies":[{"embeddable":true,"href":"https:\/\/avecobaggie.com\/fr\/wp-json\/wp\/v2\/comments?post=3983"}],"wp:featuredmedia":[{"embeddable":true,"href":"https:\/\/avecobaggie.com\/fr\/wp-json\/wp\/v2\/media\/3984"}],"wp:attachment":[{"href":"https:\/\/avecobaggie.com\/fr\/wp-json\/wp\/v2\/media?parent=3983"}],"wp:term":[{"taxonomy":"product_brand","embeddable":true,"href":"https:\/\/avecobaggie.com\/fr\/wp-json\/wp\/v2\/product_brand?post=3983"},{"taxonomy":"product_cat","embeddable":true,"href":"https:\/\/avecobaggie.com\/fr\/wp-json\/wp\/v2\/product_cat?post=3983"},{"taxonomy":"product_tag","embeddable":true,"href":"https:\/\/avecobaggie.com\/fr\/wp-json\/wp\/v2\/product_tag?post=3983"}],"curies":[{"name":"wp","href":"https:\/\/api.w.org\/{rel}","templated":true}]}}