{"id":4042,"date":"2021-07-01T15:44:05","date_gmt":"2021-07-01T07:44:05","guid":{"rendered":"https:\/\/avecobaggie.com\/?post_type=product&#038;p=4042"},"modified":"2021-07-02T17:34:42","modified_gmt":"2021-07-02T09:34:42","slug":"washable-paper-women-tote-bag","status":"publish","type":"product","link":"https:\/\/avecobaggie.com\/fr\/produit\/washable-paper-women-tote-bag\/","title":{"rendered":"Papier lavable Sac \u00e0 main pour femmes"},"content":{"rendered":"<p>La soci\u00e9t\u00e9 Aveco peut personnaliser et vendre en gros des sacs fourre-tout en toile avec un service de solution unique. Nous avons \u00e9galement quelques formes de base de sacs pour un d\u00e9marrage facile, comme indiqu\u00e9 sur le site Web de la soci\u00e9t\u00e9 Aveco.\u00a0\u00a0<a href=\"https:\/\/avecobaggie.com\/fr\/categorie-produit\/bags-in-stock\/\"> Sacs en stock <\/a>. la plupart des sacs en stock sont vierges de toute impression, ce qui vous permet d'apposer plus facilement un logo ou une \u00e9tiquette priv\u00e9e pour vos clients, sans minimum.<\/p>\n<p><span class=\"Apple-converted-space\">\u00a0 \u00a0 Si vous souhaitez personnaliser ces sacs \u00e9cologiques, c'est \u00e9galement facile, certains de ces sacs \u00e9tant m\u00eame dot\u00e9s d'un prix extr\u00eamement bas. <\/span>MOQ pour les surfaces personnalis\u00e9es. En particulier, les sacs en coton ou en toile sont extr\u00eamement bas, \u00e0 100 pi\u00e8ces ou m\u00eame moins, pour soutenir les d\u00e9butants. <a href=\"https:\/\/avecobaggie.com\/fr\/custom-solutions\/\"><strong>SOLUTIONS SUR MESURE<\/strong><\/a> pour en savoir plus sur les \u00e9tapes des sacs personnalis\u00e9s.<\/p>\n<h4 class=\"p1\"><span style=\"color: #333333;\">Caract\u00e9ristiques du produit<\/span><\/h4>\n<ul>\n<li><strong>Style du sac<\/strong>: Sac fourre-tout<\/li>\n<li><strong>Type de mat\u00e9riau<\/strong>: Papier lavable<\/li>\n<li><strong>Couleur du mat\u00e9riau<\/strong>: Beige naturel<\/li>\n<li><strong>Taille du sac<\/strong>:30X41X13CM (liste des dimensions standard, nous acceptons les dimensions personnalis\u00e9es) \uff09<\/li>\n<li><strong>Surface d'impression<\/strong>: 1 couleur | 2 couleurs | plus de couleurs| Impression compl\u00e8te, impression d'un c\u00f4t\u00e9 ou de deux c\u00f4t\u00e9s<\/li>\n<li><strong>Fermeture<\/strong>: ouvert<\/li>\n<li><strong>Fonctionnalit\u00e9 :<\/strong><\/li>\n<li>r\u00e9utilisable, recyclable, durable et \u00e0 longue dur\u00e9e de vie, grand espace pour votre ipad, vos livres, votre t\u00e9l\u00e9phone portable et vos objets essentiels<\/li>\n<li><span class=\"a-list-item\">***MAT\u00c9RIAU NATUREL : Le papier Tyvek Dupont est fabriqu\u00e9 \u00e0 partir de fibres de papier naturelles, d\u00e9gradables et respectueuses de l'environnement, imperm\u00e9ables, r\u00e9sistantes aux taches et aux d\u00e9chirures et durables, l'int\u00e9rieur adopte une toile de coton 100%, douce et respirante pour la main, sans odeur et tr\u00e8s confortable.<\/span><\/li>\n<li><span class=\"a-list-item\">***LIGHTWEITHT &amp;COMFORTABLE : Ultra-l\u00e9ger, incroyablement durable. Ils sont souples au toucher, pas aussi rugueux et rigides que le papier kraft, en fait des sacs en cuir souple au sens visuel, mais ce sont des produits \"papier\" respectueux de l'environnement.<\/span><\/li>\n<li><span class=\"a-list-item\">***MAT\u00c9RIAUX EXCELLENTS, FABRICATION FINE : Papier Tyvek DuPont vintage et toile de coton. Impression \u00e0 la mode, portable renforc\u00e9 de type X de haute qualit\u00e9 et magnifique ; boucle magn\u00e9tique en cuivre de bonne qualit\u00e9 et commutation soign\u00e9e.<\/span><\/li>\n<li><span class=\"a-list-item\">***Petite taille, grande capacit\u00e9 : comprend un sac principal, un sac d'identification, un sac pour t\u00e9l\u00e9phone portable et une poche interne \u00e0 fermeture \u00e9clair. Il peut contenir vos magazines, \u00e9tuis \u00e0 crayons, t\u00e9l\u00e9phones portables, portefeuilles, cl\u00e9s - suffisamment pour r\u00e9pondre \u00e0 vos besoins de voyage.<\/span><\/li>\n<li><span class=\"a-list-item\">***Cadeaux parfaits : pour les bien-aim\u00e9s, les amis, les parents, la fille, la petite amie, pour No\u00ebl, l'anniversaire, la f\u00eate des m\u00e8res, le nouvel an, Thanksgiving, etc.<\/span><\/li>\n<\/ul>","protected":false},"excerpt":{"rendered":"<p>R\u00e9utilisable, recyclable, durable et \u00e0 longue dur\u00e9e de vie, grand espace pour votre ipad, vos livres, votre t\u00e9l\u00e9phone portable et vos objets essentiels.<\/p>","protected":false},"featured_media":4043,"comment_status":"open","ping_status":"closed","template":"","meta":{"_seopress_robots_primary_cat":"none","_seopress_titles_title":"","_seopress_titles_desc":"","_seopress_robots_index":""},"product_brand":[],"product_cat":[29,103,109],"product_tag":[136],"class_list":{"0":"post-4042","1":"product","2":"type-product","3":"status-publish","4":"has-post-thumbnail","6":"product_cat-tote-bag","7":"product_cat-other-fabric-bag","8":"product_cat-everyday","9":"product_tag-dupont-bag","11":"first","12":"instock","13":"taxable","14":"shipping-taxable","15":"product-type-simple"},"_links":{"self":[{"href":"https:\/\/avecobaggie.com\/fr\/wp-json\/wp\/v2\/product\/4042","targetHints":{"allow":["GET"]}}],"collection":[{"href":"https:\/\/avecobaggie.com\/fr\/wp-json\/wp\/v2\/product"}],"about":[{"href":"https:\/\/avecobaggie.com\/fr\/wp-json\/wp\/v2\/types\/product"}],"replies":[{"embeddable":true,"href":"https:\/\/avecobaggie.com\/fr\/wp-json\/wp\/v2\/comments?post=4042"}],"wp:featuredmedia":[{"embeddable":true,"href":"https:\/\/avecobaggie.com\/fr\/wp-json\/wp\/v2\/media\/4043"}],"wp:attachment":[{"href":"https:\/\/avecobaggie.com\/fr\/wp-json\/wp\/v2\/media?parent=4042"}],"wp:term":[{"taxonomy":"product_brand","embeddable":true,"href":"https:\/\/avecobaggie.com\/fr\/wp-json\/wp\/v2\/product_brand?post=4042"},{"taxonomy":"product_cat","embeddable":true,"href":"https:\/\/avecobaggie.com\/fr\/wp-json\/wp\/v2\/product_cat?post=4042"},{"taxonomy":"product_tag","embeddable":true,"href":"https:\/\/avecobaggie.com\/fr\/wp-json\/wp\/v2\/product_tag?post=4042"}],"curies":[{"name":"wp","href":"https:\/\/api.w.org\/{rel}","templated":true}]}}