{"id":4067,"date":"2021-07-01T16:50:31","date_gmt":"2021-07-01T08:50:31","guid":{"rendered":"https:\/\/avecobaggie.com\/?post_type=product&#038;p=4067"},"modified":"2021-07-01T22:21:34","modified_gmt":"2021-07-01T14:21:34","slug":"washable-paper-mini-crossbody-bag-with-leather-strap","status":"publish","type":"product","link":"https:\/\/avecobaggie.com\/fr\/produit\/washable-paper-mini-crossbody-bag-with-leather-strap\/","title":{"rendered":"Mini sac en papier lavable avec bandouli\u00e8re en cuir"},"content":{"rendered":"<h4 class=\"p1\">\u00a0Caract\u00e9ristiques du produit<\/h4>\n<ul>\n<li><strong>Style du sac<\/strong>: Corps crois\u00e9<\/li>\n<li><strong>Type de mat\u00e9riau<\/strong>: Dupont Tyrek<\/li>\n<li><strong>Couleur du mat\u00e9riau<\/strong>: Couleur marron ou couleur personnalis\u00e9e<\/li>\n<li><strong>Sac Taille du stock<\/strong>: 30X24X15CM<\/li>\n<li><strong>Surface d'impression<\/strong>Pas d'impression ou possibilit\u00e9 d'impression personnalis\u00e9e<\/li>\n<li><strong>Instructions d'entretien<\/strong>: Lavage \u00e0 la main recommand\u00e9, lavage en machine possible, s\u00e9chage \u00e0 plat.<\/li>\n<\/ul>\n<p><strong>\u00a0 \u00a0 Remarques : Pour les tissus en coton ou en toile, il y aura un l\u00e9ger r\u00e9tr\u00e9cissement apr\u00e8s le lavage.<\/strong><\/p>","protected":false},"excerpt":{"rendered":"<p>A la mode, facile \u00e0 laver, r\u00e9sistant aux d\u00e9chirures, respectueux de l'environnement et biod\u00e9gradable.<\/p>","protected":false},"featured_media":4068,"comment_status":"open","ping_status":"closed","template":"","meta":{"_seopress_robots_primary_cat":"none","_seopress_titles_title":"","_seopress_titles_desc":"","_seopress_robots_index":""},"product_brand":[],"product_cat":[100,103,108,109],"product_tag":[136],"class_list":{"0":"post-4067","1":"product","2":"type-product","3":"status-publish","4":"has-post-thumbnail","6":"product_cat-other-creative-bag","7":"product_cat-other-fabric-bag","8":"product_cat-work-school","9":"product_cat-everyday","10":"product_tag-dupont-bag","12":"first","13":"instock","14":"taxable","15":"shipping-taxable","16":"product-type-simple"},"_links":{"self":[{"href":"https:\/\/avecobaggie.com\/fr\/wp-json\/wp\/v2\/product\/4067","targetHints":{"allow":["GET"]}}],"collection":[{"href":"https:\/\/avecobaggie.com\/fr\/wp-json\/wp\/v2\/product"}],"about":[{"href":"https:\/\/avecobaggie.com\/fr\/wp-json\/wp\/v2\/types\/product"}],"replies":[{"embeddable":true,"href":"https:\/\/avecobaggie.com\/fr\/wp-json\/wp\/v2\/comments?post=4067"}],"wp:featuredmedia":[{"embeddable":true,"href":"https:\/\/avecobaggie.com\/fr\/wp-json\/wp\/v2\/media\/4068"}],"wp:attachment":[{"href":"https:\/\/avecobaggie.com\/fr\/wp-json\/wp\/v2\/media?parent=4067"}],"wp:term":[{"taxonomy":"product_brand","embeddable":true,"href":"https:\/\/avecobaggie.com\/fr\/wp-json\/wp\/v2\/product_brand?post=4067"},{"taxonomy":"product_cat","embeddable":true,"href":"https:\/\/avecobaggie.com\/fr\/wp-json\/wp\/v2\/product_cat?post=4067"},{"taxonomy":"product_tag","embeddable":true,"href":"https:\/\/avecobaggie.com\/fr\/wp-json\/wp\/v2\/product_tag?post=4067"}],"curies":[{"name":"wp","href":"https:\/\/api.w.org\/{rel}","templated":true}]}}