{"id":411,"date":"2021-02-01T17:29:16","date_gmt":"2021-02-01T09:29:16","guid":{"rendered":"https:\/\/avecobaggie.com\/?post_type=product&#038;p=411"},"modified":"2025-04-25T15:16:55","modified_gmt":"2025-04-25T07:16:55","slug":"heavy-duty-canvas-yoga-mat-bag","status":"publish","type":"product","link":"https:\/\/avecobaggie.com\/fr\/produit\/heavy-duty-canvas-yoga-mat-bag\/","title":{"rendered":"Sac pour tapis de yoga en toile tr\u00e8s r\u00e9sistante"},"content":{"rendered":"<p>Aveco fournit principalement des sacs \u00e9cologiques personnalis\u00e9s avec un service de solution unique.Mais nous avons \u00e9galement quelques mod\u00e8les de sacs de base en stock afin que vous puissiez commencer facilement.les sacs en stock sont pour la plupart vierges sans aucune impression.si vous voulez les personnaliser, cliquez ici : <strong><em><a href=\"https:\/\/avecobaggie.com\/fr\/produit\/\">sacs personnalis\u00e9s cat\u00e9gorie.<\/a><\/em><\/strong><\/p>\n<p>The yoga mat bag\u00a0 is made with heavy duty canvas material, eco friendly, sustainable.<\/p>\n<h4 class=\"p1\">\u00a0 \u00a0 Caract\u00e9ristiques du produit<\/h4>\n<ul>\n<li><strong>Style du sac<\/strong>: yoga mat bag<\/li>\n<li><strong>Type de mat\u00e9riau<\/strong>: Toile<\/li>\n<li><strong>Mat\u00e9riau Poids<\/strong>: 12oz<\/li>\n<li><strong>Couleur du mat\u00e9riau<\/strong>: Beige naturel<\/li>\n<li><strong>Sac Taille du stock<\/strong>: 69X16CM<\/li>\n<li><strong>Surface d'impression<\/strong>: pas d'impression<\/li>\n<li><strong>Fermeture<\/strong>: drawstring closure\uff0c It&#8217;s easy to put your mat in the bag and keep it clean and organized.<\/li>\n<li><strong>Instructions d'entretien<\/strong>: Lavage \u00e0 la main recommand\u00e9, lavage en machine possible, s\u00e9chage \u00e0 plat.<\/li>\n<\/ul>\n<p><strong>\u00a0 \u00a0 Remarques : Pour les tissus en coton ou en toile, il y aura un l\u00e9ger r\u00e9tr\u00e9cissement apr\u00e8s le lavage.<\/strong><\/p>","protected":false},"excerpt":{"rendered":"<p>he yoga mat bag\u00a0 is made with heavy duty canvas material, eco friendly, sustainable, easy to carry<\/p>","protected":false},"featured_media":414,"comment_status":"closed","ping_status":"closed","template":"","meta":{"_seopress_robots_primary_cat":"none","_seopress_titles_title":"","_seopress_titles_desc":"","_seopress_robots_index":""},"product_brand":[185],"product_cat":[188,100,102,112],"product_tag":[],"class_list":{"0":"post-411","1":"product","2":"type-product","3":"status-publish","4":"has-post-thumbnail","6":"product_brand-avecobaggie","7":"product_cat-custom-canvas-bag","8":"product_cat-other-creative-bag","9":"product_cat-cotton-canvas-bag","10":"product_cat-sports","12":"first","13":"instock","14":"taxable","15":"shipping-taxable","16":"product-type-simple"},"_links":{"self":[{"href":"https:\/\/avecobaggie.com\/fr\/wp-json\/wp\/v2\/product\/411","targetHints":{"allow":["GET"]}}],"collection":[{"href":"https:\/\/avecobaggie.com\/fr\/wp-json\/wp\/v2\/product"}],"about":[{"href":"https:\/\/avecobaggie.com\/fr\/wp-json\/wp\/v2\/types\/product"}],"replies":[{"embeddable":true,"href":"https:\/\/avecobaggie.com\/fr\/wp-json\/wp\/v2\/comments?post=411"}],"wp:featuredmedia":[{"embeddable":true,"href":"https:\/\/avecobaggie.com\/fr\/wp-json\/wp\/v2\/media\/414"}],"wp:attachment":[{"href":"https:\/\/avecobaggie.com\/fr\/wp-json\/wp\/v2\/media?parent=411"}],"wp:term":[{"taxonomy":"product_brand","embeddable":true,"href":"https:\/\/avecobaggie.com\/fr\/wp-json\/wp\/v2\/product_brand?post=411"},{"taxonomy":"product_cat","embeddable":true,"href":"https:\/\/avecobaggie.com\/fr\/wp-json\/wp\/v2\/product_cat?post=411"},{"taxonomy":"product_tag","embeddable":true,"href":"https:\/\/avecobaggie.com\/fr\/wp-json\/wp\/v2\/product_tag?post=411"}],"curies":[{"name":"wp","href":"https:\/\/api.w.org\/{rel}","templated":true}]}}