{"id":4125,"date":"2021-07-02T11:49:06","date_gmt":"2021-07-02T03:49:06","guid":{"rendered":"https:\/\/avecobaggie.com\/?post_type=product&#038;p=4125"},"modified":"2021-07-02T17:32:04","modified_gmt":"2021-07-02T09:32:04","slug":"stylish-extra-large-school-backpack-for-man","status":"publish","type":"product","link":"https:\/\/avecobaggie.com\/fr\/produit\/stylish-extra-large-school-backpack-for-man\/","title":{"rendered":"Sac \u00e0 dos scolaire extra large pour homme"},"content":{"rendered":"<p>Aveco fournit principalement des sacs \u00e9cologiques personnalis\u00e9s avec un service de solution \u00e0 guichet unique. Nous avons \u00e9galement quelques formes de base de sacs pour un d\u00e9marrage facile, comme indiqu\u00e9 sur le site Web de\u00a0\u00a0<a href=\"https:\/\/avecobaggie.com\/fr\/categorie-produit\/bags-in-stock\/\"> Sacs en stock <\/a>. la plupart des sacs en stock sont vierges de toute impression, ce qui vous permet d'apposer plus facilement un logo ou une \u00e9tiquette priv\u00e9e pour vos clients, sans minimum.<\/p>\n<p><span class=\"Apple-converted-space\">\u00a0 \u00a0Si vous souhaitez personnaliser ces sacs \u00e9cologiques, c'est \u00e9galement facile, certains de ces sacs \u00e9tant m\u00eame dot\u00e9s d'un prix extr\u00eamement bas. <\/span>MOQ pour les surfaces personnalis\u00e9es. En particulier, les sacs en coton ou en toile sont extr\u00eamement bas, \u00e0 100 pi\u00e8ces ou m\u00eame moins, pour soutenir les d\u00e9butants. <a href=\"https:\/\/avecobaggie.com\/fr\/custom-solutions\/\"><strong>SOLUTIONS SUR MESURE<\/strong><\/a> pour en savoir plus sur les \u00e9tapes des sacs personnalis\u00e9s.<\/p>\n<p>Le sac \u00e0 dos Dupont est fabriqu\u00e9 en tissu TYVEK :<span style=\"font-family: Arial;\">\u00a0nom commercial d'un mat\u00e9riau non tiss\u00e9 mis au point par DuPont, sous lequel une famille de tissus r\u00e9sistants et durables est fournie, dont l'aspect ressemble \u00e0 celui du papier.<\/span><\/p>\n<h3 class=\"p1\"><span style=\"color: #333333;\">Caract\u00e9ristiques du sac \u00e0 dos Dupont en papier craft lavable marron <\/span><\/h3>\n<ul>\n<li><strong>Style du sac<\/strong>: Dupont Backpack<\/li>\n<li><strong>Type de mat\u00e9riau<\/strong>: Tyvek, il est durable, tr\u00e8s difficile \u00e0 d\u00e9chirer et imperm\u00e9able. Il est \u00e9galement l\u00e9ger et tr\u00e8s facile \u00e0 plier. Le mat\u00e9riau lui-m\u00eame est respectueux de l'environnement.<\/li>\n<li><strong>Couleur du mat\u00e9riau<\/strong>: Couleur brune naturelle ou autre couleur personnalis\u00e9e<\/li>\n<li><strong>Taille du sac<\/strong>: 31X37X11.5CM\uff08 list with popular size, we accept customized size bag \uff09<\/li>\n<li><strong>Surface d'impression<\/strong>Impression : vierge, 1 couleur, 2 couleurs, plus de couleurs, impression compl\u00e8te, impression d'un c\u00f4t\u00e9 ou de deux c\u00f4t\u00e9s.<\/li>\n<li><strong>Instructions d'entretien<\/strong>: Lavage \u00e0 la main recommand\u00e9, lavage en machine possible, s\u00e9chage \u00e0 plat.<\/li>\n<li><span class=\"a-list-item\">Belle et durable :<\/span><span style=\"font-family: Arial;\">conserve sa r\u00e9sistance et sa flexibilit\u00e9 \u00e0 -75 \u00b0C. Il commence \u00e0 r\u00e9tr\u00e9cir \u00e0 118 \u00b0C et fond \u00e0 135 \u00b0C. Il peut \u00eatre lav\u00e9 en machine.<\/span><\/li>\n<\/ul>\n<p>&nbsp;<\/p>","protected":false},"excerpt":{"rendered":"<p><strong><span data-spm-anchor-id=\"2114.12057483.0.i27.78455ac5eyqclA\">Lavable\uff0cCapable de se d\u00e9chirer\uff0cMat\u00e9riel imperm\u00e9able et ultra-l\u00e9ger<\/span><\/strong><\/p>","protected":false},"featured_media":4126,"comment_status":"open","ping_status":"closed","template":"","meta":{"_seopress_robots_primary_cat":"none","_seopress_titles_title":"","_seopress_titles_desc":"","_seopress_robots_index":""},"product_brand":[],"product_cat":[98,103,109],"product_tag":[136],"class_list":{"0":"post-4125","1":"product","2":"type-product","3":"status-publish","4":"has-post-thumbnail","6":"product_cat-backpack-bag","7":"product_cat-other-fabric-bag","8":"product_cat-everyday","9":"product_tag-dupont-bag","11":"first","12":"instock","13":"taxable","14":"shipping-taxable","15":"product-type-simple"},"_links":{"self":[{"href":"https:\/\/avecobaggie.com\/fr\/wp-json\/wp\/v2\/product\/4125","targetHints":{"allow":["GET"]}}],"collection":[{"href":"https:\/\/avecobaggie.com\/fr\/wp-json\/wp\/v2\/product"}],"about":[{"href":"https:\/\/avecobaggie.com\/fr\/wp-json\/wp\/v2\/types\/product"}],"replies":[{"embeddable":true,"href":"https:\/\/avecobaggie.com\/fr\/wp-json\/wp\/v2\/comments?post=4125"}],"wp:featuredmedia":[{"embeddable":true,"href":"https:\/\/avecobaggie.com\/fr\/wp-json\/wp\/v2\/media\/4126"}],"wp:attachment":[{"href":"https:\/\/avecobaggie.com\/fr\/wp-json\/wp\/v2\/media?parent=4125"}],"wp:term":[{"taxonomy":"product_brand","embeddable":true,"href":"https:\/\/avecobaggie.com\/fr\/wp-json\/wp\/v2\/product_brand?post=4125"},{"taxonomy":"product_cat","embeddable":true,"href":"https:\/\/avecobaggie.com\/fr\/wp-json\/wp\/v2\/product_cat?post=4125"},{"taxonomy":"product_tag","embeddable":true,"href":"https:\/\/avecobaggie.com\/fr\/wp-json\/wp\/v2\/product_tag?post=4125"}],"curies":[{"name":"wp","href":"https:\/\/api.w.org\/{rel}","templated":true}]}}