{"id":4679,"date":"2021-10-09T16:52:47","date_gmt":"2021-10-09T08:52:47","guid":{"rendered":"https:\/\/avecobaggie.com\/?post_type=product&#038;p=4679"},"modified":"2021-10-13T15:37:12","modified_gmt":"2021-10-13T07:37:12","slug":"wholesale-d-cut-shape-shopping-non-woven-bag","status":"publish","type":"product","link":"https:\/\/avecobaggie.com\/fr\/produit\/wholesale-d-cut-shape-shopping-non-woven-bag\/","title":{"rendered":"Sac non tiss\u00e9 pour achats en gros en forme de D"},"content":{"rendered":"<p>La soci\u00e9t\u00e9 Aveco est sp\u00e9cialis\u00e9e dans les sacs r\u00e9utilisables de haute qualit\u00e9. Diff\u00e9rentes personnalisations r\u00e9pondent \u00e0 votre demande : 1. tissu de couleur Pantone 2. logo de la marque imprim\u00e9 sur le sac 3. Ajout d'une poche \u00e0 l'int\u00e9rieur ou \u00e0 l'ext\u00e9rieur 4. Diff\u00e9rentes formes de cordes,<\/p>\n<p>En outre, Aveco propose plus de 10 mat\u00e9riaux au choix. Tels que le sac en coton 100%, le sac en toile lourde, le sac en lin naturel, le sac en jute \u00e9cologique, le sac en non-tiss\u00e9 bon march\u00e9 ...<\/p>\n<p>CARACT\u00c9RISTIQUES DU PRODUIT<\/p>\n<ul>\n<li><strong>Style du sac<\/strong>: Sac fourre-tout non tiss\u00e9 pour le shopping<\/li>\n<li><strong>Type de mat\u00e9riau<\/strong>Non-tiss\u00e9 65 g\/m\u00b2.<\/li>\n<li><strong>Couleur du mat\u00e9riau<\/strong>: Jaune, vert, orange, bleu ou autres couleurs personnalis\u00e9es<\/li>\n<li><strong>Taille du sac<\/strong>: 30X23CM (liste des dimensions standard, nous acceptons les dimensions personnalis\u00e9es) \uff09<\/li>\n<li><strong>Surface d'impression<\/strong>: 1 couleur | 2 couleurs | plus de couleurs| Impression compl\u00e8te, impression d'un c\u00f4t\u00e9 ou de deux c\u00f4t\u00e9s<\/li>\n<li><strong>Instructions d'entretien<\/strong>: Lavage \u00e0 la main uniquement.<\/li>\n<\/ul>","protected":false},"excerpt":{"rendered":"<p>Le sac de shopping non tiss\u00e9 \u00e0 d\u00e9coupe en D convient aux projets promotionnels. Il est possible de personnaliser le tissu en couleur Pantone ou d'imprimer les deux motifs,<br \/>\nBon march\u00e9 et l\u00e9ger, si vous cherchez des cadeaux pour une nouvelle entreprise ou une c\u00e9l\u00e9bration, les sacs en non-tiss\u00e9 seront votre meilleur choix.<\/p>\n<p>&nbsp;<\/p>","protected":false},"featured_media":4680,"comment_status":"open","ping_status":"closed","template":"","meta":{"_seopress_robots_primary_cat":"none","_seopress_titles_title":"Wholesale D-cut shape shopping non-woven bag","_seopress_titles_desc":"","_seopress_robots_index":""},"product_brand":[],"product_cat":[29,105,111],"product_tag":[139],"class_list":{"0":"post-4679","1":"product","2":"type-product","3":"status-publish","4":"has-post-thumbnail","6":"product_cat-tote-bag","7":"product_cat-non-woven-bag","8":"product_cat-promotional-events","9":"product_tag-non-woven-bag","11":"first","12":"instock","13":"taxable","14":"shipping-taxable","15":"product-type-simple"},"_links":{"self":[{"href":"https:\/\/avecobaggie.com\/fr\/wp-json\/wp\/v2\/product\/4679","targetHints":{"allow":["GET"]}}],"collection":[{"href":"https:\/\/avecobaggie.com\/fr\/wp-json\/wp\/v2\/product"}],"about":[{"href":"https:\/\/avecobaggie.com\/fr\/wp-json\/wp\/v2\/types\/product"}],"replies":[{"embeddable":true,"href":"https:\/\/avecobaggie.com\/fr\/wp-json\/wp\/v2\/comments?post=4679"}],"wp:featuredmedia":[{"embeddable":true,"href":"https:\/\/avecobaggie.com\/fr\/wp-json\/wp\/v2\/media\/4680"}],"wp:attachment":[{"href":"https:\/\/avecobaggie.com\/fr\/wp-json\/wp\/v2\/media?parent=4679"}],"wp:term":[{"taxonomy":"product_brand","embeddable":true,"href":"https:\/\/avecobaggie.com\/fr\/wp-json\/wp\/v2\/product_brand?post=4679"},{"taxonomy":"product_cat","embeddable":true,"href":"https:\/\/avecobaggie.com\/fr\/wp-json\/wp\/v2\/product_cat?post=4679"},{"taxonomy":"product_tag","embeddable":true,"href":"https:\/\/avecobaggie.com\/fr\/wp-json\/wp\/v2\/product_tag?post=4679"}],"curies":[{"name":"wp","href":"https:\/\/api.w.org\/{rel}","templated":true}]}}