{"id":4711,"date":"2021-10-13T14:36:50","date_gmt":"2021-10-13T06:36:50","guid":{"rendered":"https:\/\/avecobaggie.com\/?post_type=product&#038;p=4711"},"modified":"2021-10-15T14:45:32","modified_gmt":"2021-10-15T06:45:32","slug":"unicolor-non-woven-tote-bag","status":"publish","type":"product","link":"https:\/\/avecobaggie.com\/fr\/produit\/unicolor-non-woven-tote-bag\/","title":{"rendered":"Sac fourre-tout en non-tiss\u00e9 unicolore"},"content":{"rendered":"<p>Le sac fourre-tout non tiss\u00e9 est courant dans la vie quotidienne,<br \/>\nvous pouvez voir des sacs fourre-tout non tiss\u00e9s dans la vitrine avec la mention \"GRANDE VENTE\",<br \/>\nM\u00eame certaines entreprises de restauration rapide, comme Burger King, utilisent des sacs fourre-tout non tiss\u00e9s pour emballer les plats \u00e0 emporter.<br \/>\nEn outre, les magasins de marques personnelles qui viennent d'ouvrir leurs portes utilisent des sacs fourre-tout non tiss\u00e9s comme cadeaux pour les nouveaux membres.<br \/>\nPour les sacs en non-tiss\u00e9, il y a le laminage et le non-laminage,<br \/>\nLes \u00e9v\u00e9nements promotionnels peuvent utiliser des sacs non-tiss\u00e9s non-lamin\u00e9s, ce qui permet de contr\u00f4ler le budget et de fournir un bon fourre-tout promotionnel.<\/p>\n<p>&nbsp;<\/p>\n<p>CARACT\u00c9RISTIQUES DU PRODUIT<\/p>\n<ul>\n<li><strong>Style du sac<\/strong>: Sac fourre-tout non tiss\u00e9<\/li>\n<li><strong>Type de mat\u00e9riau<\/strong>Non-tiss\u00e9 65 g\/m\u00b2.<\/li>\n<li><strong>Couleur du mat\u00e9riau<\/strong>: Blanc, nous pouvons personnaliser d'autres couleurs Pantone.<\/li>\n<li><strong>Taille du sac<\/strong>: 40X30CM (liste des dimensions standard, nous acceptons les dimensions personnalis\u00e9es) \uff09<\/li>\n<li><strong>Surface d'impression<\/strong>: 1 couleur | 2 couleurs | plus de couleurs| Impression compl\u00e8te, impression d'un c\u00f4t\u00e9 ou de deux c\u00f4t\u00e9s<\/li>\n<li><strong>Instructions d'entretien<\/strong>: Lavage \u00e0 la main uniquement.<\/li>\n<\/ul>","protected":false},"excerpt":{"rendered":"<p>Le sac fourre-tout en non-tiss\u00e9 unicolore avec logo permettra \u00e0 votre sac promotionnel en non-tiss\u00e9 de se d\u00e9marquer lors d'\u00e9v\u00e9nements.<\/p>","protected":false},"featured_media":4712,"comment_status":"open","ping_status":"closed","template":"","meta":{"_seopress_robots_primary_cat":"none","_seopress_titles_title":"Unicolor non-woven shopping tote bag","_seopress_titles_desc":"","_seopress_robots_index":""},"product_brand":[],"product_cat":[29,105,112,110],"product_tag":[139],"class_list":{"0":"post-4711","1":"product","2":"type-product","3":"status-publish","4":"has-post-thumbnail","6":"product_cat-tote-bag","7":"product_cat-non-woven-bag","8":"product_cat-sports","9":"product_cat-travel","10":"product_tag-non-woven-bag","12":"first","13":"instock","14":"taxable","15":"shipping-taxable","16":"product-type-simple"},"_links":{"self":[{"href":"https:\/\/avecobaggie.com\/fr\/wp-json\/wp\/v2\/product\/4711","targetHints":{"allow":["GET"]}}],"collection":[{"href":"https:\/\/avecobaggie.com\/fr\/wp-json\/wp\/v2\/product"}],"about":[{"href":"https:\/\/avecobaggie.com\/fr\/wp-json\/wp\/v2\/types\/product"}],"replies":[{"embeddable":true,"href":"https:\/\/avecobaggie.com\/fr\/wp-json\/wp\/v2\/comments?post=4711"}],"wp:featuredmedia":[{"embeddable":true,"href":"https:\/\/avecobaggie.com\/fr\/wp-json\/wp\/v2\/media\/4712"}],"wp:attachment":[{"href":"https:\/\/avecobaggie.com\/fr\/wp-json\/wp\/v2\/media?parent=4711"}],"wp:term":[{"taxonomy":"product_brand","embeddable":true,"href":"https:\/\/avecobaggie.com\/fr\/wp-json\/wp\/v2\/product_brand?post=4711"},{"taxonomy":"product_cat","embeddable":true,"href":"https:\/\/avecobaggie.com\/fr\/wp-json\/wp\/v2\/product_cat?post=4711"},{"taxonomy":"product_tag","embeddable":true,"href":"https:\/\/avecobaggie.com\/fr\/wp-json\/wp\/v2\/product_tag?post=4711"}],"curies":[{"name":"wp","href":"https:\/\/api.w.org\/{rel}","templated":true}]}}