{"id":4727,"date":"2021-10-15T14:43:58","date_gmt":"2021-10-15T06:43:58","guid":{"rendered":"https:\/\/avecobaggie.com\/?post_type=product&#038;p=4727"},"modified":"2022-09-05T11:02:32","modified_gmt":"2022-09-05T03:02:32","slug":"black-nylon-non-woven-bag","status":"publish","type":"product","link":"https:\/\/avecobaggie.com\/fr\/produit\/black-nylon-non-woven-bag\/","title":{"rendered":"Sac en nylon non tiss\u00e9 noir"},"content":{"rendered":"<p>Vous \u00eates-vous d\u00e9j\u00e0 sentis g\u00ean\u00e9s lorsque vous faisiez des achats pour de petites choses, mais que vous n'aviez pas de sac appropri\u00e9 ?<br \/>\nLe sac fourre-tout standard est trop grand pour deux pommes de terre, mais aucun sac ne peut contenir des pommes de terre \u00e0 port\u00e9e de main.<br \/>\nPourquoi ne pas mettre des sacs en nylon non tiss\u00e9 dans votre sac de tous les jours ?<br \/>\nIl est pliable et l\u00e9ger, ce qui permet de le ranger dans un sac de transport si l'on n'en a pas besoin.<br \/>\nEn raison du mat\u00e9riau et du processus de production, le prix des sacs non tiss\u00e9s est inf\u00e9rieur \u00e0 celui des sacs en coton naturel, en lin ou en jute.<br \/>\nEn tant que sac d'\u00e9picerie, il peut \u00eatre vendu sous forme de combinaison, par exemple 10 ou 20 pi\u00e8ces avec des informations diff\u00e9rentes, ce qui aidera les utilisateurs \u00e0 le reconna\u00eetre.<\/p>\n<p>&nbsp;<\/p>\n<p>&nbsp;<\/p>\n<p>CARACT\u00c9RISTIQUES DU PRODUIT<\/p>\n<ul>\n<li><strong>Style du sac<\/strong>: Sac en nylon non tiss\u00e9<\/li>\n<li><strong>Type de mat\u00e9riau<\/strong>Non-tiss\u00e9 65 g\/m\u00b2.<\/li>\n<li><strong>Couleur du mat\u00e9riau<\/strong>: Noir, nous pouvons personnaliser d'autres couleurs Pantone.<\/li>\n<li><strong>Taille du sac<\/strong>: 30X20CM (liste des dimensions standard, nous acceptons les dimensions personnalis\u00e9es) \uff09<\/li>\n<li><strong>Surface d'impression<\/strong>: 1 couleur | 2 couleurs | plus de couleurs| Impression compl\u00e8te, impression d'un c\u00f4t\u00e9 ou de deux c\u00f4t\u00e9s<\/li>\n<li><strong>Instructions d'entretien<\/strong>: Lavage \u00e0 la main uniquement.<\/li>\n<\/ul>","protected":false},"excerpt":{"rendered":"<p>Le sac pliable en nylon non tiss\u00e9 a la m\u00eame forme que le sac en nylon plastique,<br \/>\nmais il est r\u00e9utilisable, recyclable et d\u00e9gradable.<\/p>","protected":false},"featured_media":4728,"comment_status":"open","ping_status":"closed","template":"","meta":{"_seopress_robots_primary_cat":"none","_seopress_titles_title":"Black nylon non-woven bag","_seopress_titles_desc":"","_seopress_robots_index":""},"product_brand":[],"product_cat":[29,105,109],"product_tag":[139],"class_list":{"0":"post-4727","1":"product","2":"type-product","3":"status-publish","4":"has-post-thumbnail","6":"product_cat-tote-bag","7":"product_cat-non-woven-bag","8":"product_cat-everyday","9":"product_tag-non-woven-bag","11":"first","12":"instock","13":"taxable","14":"shipping-taxable","15":"product-type-simple"},"_links":{"self":[{"href":"https:\/\/avecobaggie.com\/fr\/wp-json\/wp\/v2\/product\/4727","targetHints":{"allow":["GET"]}}],"collection":[{"href":"https:\/\/avecobaggie.com\/fr\/wp-json\/wp\/v2\/product"}],"about":[{"href":"https:\/\/avecobaggie.com\/fr\/wp-json\/wp\/v2\/types\/product"}],"replies":[{"embeddable":true,"href":"https:\/\/avecobaggie.com\/fr\/wp-json\/wp\/v2\/comments?post=4727"}],"wp:featuredmedia":[{"embeddable":true,"href":"https:\/\/avecobaggie.com\/fr\/wp-json\/wp\/v2\/media\/4728"}],"wp:attachment":[{"href":"https:\/\/avecobaggie.com\/fr\/wp-json\/wp\/v2\/media?parent=4727"}],"wp:term":[{"taxonomy":"product_brand","embeddable":true,"href":"https:\/\/avecobaggie.com\/fr\/wp-json\/wp\/v2\/product_brand?post=4727"},{"taxonomy":"product_cat","embeddable":true,"href":"https:\/\/avecobaggie.com\/fr\/wp-json\/wp\/v2\/product_cat?post=4727"},{"taxonomy":"product_tag","embeddable":true,"href":"https:\/\/avecobaggie.com\/fr\/wp-json\/wp\/v2\/product_tag?post=4727"}],"curies":[{"name":"wp","href":"https:\/\/api.w.org\/{rel}","templated":true}]}}