{"id":7496,"date":"2022-11-07T10:45:05","date_gmt":"2022-11-07T02:45:05","guid":{"rendered":"https:\/\/avecobaggie.com\/?post_type=product&#038;p=7496"},"modified":"2022-11-07T10:59:22","modified_gmt":"2022-11-07T02:59:22","slug":"solid-color-patterned-tote-bag","status":"publish","type":"product","link":"https:\/\/avecobaggie.com\/fr\/produit\/solid-color-patterned-tote-bag\/","title":{"rendered":"Sac fourre-tout \u00e0 motifs de couleur unie"},"content":{"rendered":"<h4 class=\"p1\">\u00a0Caract\u00e9ristiques du produit<\/h4>\n<ul>\n<li><strong>Style du sac<\/strong>: Fourre-tout<\/li>\n<li><strong>Type de mat\u00e9riau<\/strong>: Toile<\/li>\n<li><strong>Couleur du mat\u00e9riau<\/strong>: Couleur personnalis\u00e9e<\/li>\n<li><strong>Sac Taille du stock<\/strong>: 40*35cm,45*40cm,37*35*10cm,45*35*10cm,Customize Size<\/li>\n<li><strong>Surface d'impression<\/strong>Pas d'impression ou possibilit\u00e9 d'impression personnalis\u00e9e<\/li>\n<li><strong>Instructions d'entretien<\/strong>: Lavage \u00e0 la main recommand\u00e9, lavage en machine possible, s\u00e9chage en suspension.<\/li>\n<\/ul>","protected":false},"excerpt":{"rendered":"<p>Sac fourre-tout \u00e9l\u00e9gant en toile avec une poche ext\u00e9rieure, facile \u00e0 ranger pour les petites choses.Fermeture \u00e0 glissi\u00e8re sur le dessus pour assurer votre s\u00e9curit\u00e9.Le fond est dot\u00e9 d'un soufflet pour le rendre plus spacieux.Forme populaire et fabrication exquise.Facile \u00e0 personnaliser avec des logos ou des motifs.<\/p>","protected":false},"featured_media":7500,"comment_status":"open","ping_status":"closed","template":"","meta":{"_seopress_robots_primary_cat":"none","_seopress_titles_title":"","_seopress_titles_desc":"","_seopress_robots_index":""},"product_brand":[],"product_cat":[29,100,102],"product_tag":[],"class_list":{"0":"post-7496","1":"product","2":"type-product","3":"status-publish","4":"has-post-thumbnail","6":"product_cat-tote-bag","7":"product_cat-other-creative-bag","8":"product_cat-cotton-canvas-bag","10":"first","11":"instock","12":"taxable","13":"shipping-taxable","14":"product-type-simple"},"_links":{"self":[{"href":"https:\/\/avecobaggie.com\/fr\/wp-json\/wp\/v2\/product\/7496","targetHints":{"allow":["GET"]}}],"collection":[{"href":"https:\/\/avecobaggie.com\/fr\/wp-json\/wp\/v2\/product"}],"about":[{"href":"https:\/\/avecobaggie.com\/fr\/wp-json\/wp\/v2\/types\/product"}],"replies":[{"embeddable":true,"href":"https:\/\/avecobaggie.com\/fr\/wp-json\/wp\/v2\/comments?post=7496"}],"wp:featuredmedia":[{"embeddable":true,"href":"https:\/\/avecobaggie.com\/fr\/wp-json\/wp\/v2\/media\/7500"}],"wp:attachment":[{"href":"https:\/\/avecobaggie.com\/fr\/wp-json\/wp\/v2\/media?parent=7496"}],"wp:term":[{"taxonomy":"product_brand","embeddable":true,"href":"https:\/\/avecobaggie.com\/fr\/wp-json\/wp\/v2\/product_brand?post=7496"},{"taxonomy":"product_cat","embeddable":true,"href":"https:\/\/avecobaggie.com\/fr\/wp-json\/wp\/v2\/product_cat?post=7496"},{"taxonomy":"product_tag","embeddable":true,"href":"https:\/\/avecobaggie.com\/fr\/wp-json\/wp\/v2\/product_tag?post=7496"}],"curies":[{"name":"wp","href":"https:\/\/api.w.org\/{rel}","templated":true}]}}