{"id":7507,"date":"2022-11-07T11:55:54","date_gmt":"2022-11-07T03:55:54","guid":{"rendered":"https:\/\/avecobaggie.com\/?post_type=product&#038;p=7507"},"modified":"2022-11-07T11:59:53","modified_gmt":"2022-11-07T03:59:53","slug":"canvas-bag-with-logo-and-thick-streamer-canvas-bag","status":"publish","type":"product","link":"https:\/\/avecobaggie.com\/fr\/produit\/canvas-bag-with-logo-and-thick-streamer-canvas-bag\/","title":{"rendered":"Sac en toile avec logo et sac en toile \u00e0 banderoles \u00e9paisses"},"content":{"rendered":"<h4 class=\"p1\">\u00a0Caract\u00e9ristiques du produit<\/h4>\n<ul>\n<li><strong>Style du sac<\/strong>: Fourre-tout<\/li>\n<li><strong>Type de mat\u00e9riau<\/strong>: Toile, coton<\/li>\n<li><strong>Couleur du mat\u00e9riau<\/strong>: Couleur personnalis\u00e9e<\/li>\n<li><strong>Sac Taille du stock<\/strong>: Personnaliser la taille<\/li>\n<li><strong>Surface d'impression<\/strong>Pas d'impression ou possibilit\u00e9 d'impression personnalis\u00e9e<\/li>\n<li><strong>Instructions d'entretien<\/strong>: Lavage \u00e0 la main recommand\u00e9, lavage en machine possible, s\u00e9chage en suspension.<\/li>\n<\/ul>","protected":false},"excerpt":{"rendered":"<p>Sac fourre-tout \u00e9l\u00e9gant en toile avec une poche ext\u00e9rieure, facile \u00e0 ranger pour les petites choses.Fermeture \u00e0 glissi\u00e8re sur le dessus pour assurer votre s\u00e9curit\u00e9.La forme populaire et la fabrication exquise.Facile \u00e0 personnaliser avec des logos ou des motifs.<\/p>","protected":false},"featured_media":7511,"comment_status":"open","ping_status":"closed","template":"","meta":{"_seopress_robots_primary_cat":"none","_seopress_titles_title":"","_seopress_titles_desc":"","_seopress_robots_index":""},"product_brand":[],"product_cat":[29,100,102],"product_tag":[],"class_list":{"0":"post-7507","1":"product","2":"type-product","3":"status-publish","4":"has-post-thumbnail","6":"product_cat-tote-bag","7":"product_cat-other-creative-bag","8":"product_cat-cotton-canvas-bag","10":"first","11":"instock","12":"taxable","13":"shipping-taxable","14":"product-type-simple"},"_links":{"self":[{"href":"https:\/\/avecobaggie.com\/fr\/wp-json\/wp\/v2\/product\/7507","targetHints":{"allow":["GET"]}}],"collection":[{"href":"https:\/\/avecobaggie.com\/fr\/wp-json\/wp\/v2\/product"}],"about":[{"href":"https:\/\/avecobaggie.com\/fr\/wp-json\/wp\/v2\/types\/product"}],"replies":[{"embeddable":true,"href":"https:\/\/avecobaggie.com\/fr\/wp-json\/wp\/v2\/comments?post=7507"}],"wp:featuredmedia":[{"embeddable":true,"href":"https:\/\/avecobaggie.com\/fr\/wp-json\/wp\/v2\/media\/7511"}],"wp:attachment":[{"href":"https:\/\/avecobaggie.com\/fr\/wp-json\/wp\/v2\/media?parent=7507"}],"wp:term":[{"taxonomy":"product_brand","embeddable":true,"href":"https:\/\/avecobaggie.com\/fr\/wp-json\/wp\/v2\/product_brand?post=7507"},{"taxonomy":"product_cat","embeddable":true,"href":"https:\/\/avecobaggie.com\/fr\/wp-json\/wp\/v2\/product_cat?post=7507"},{"taxonomy":"product_tag","embeddable":true,"href":"https:\/\/avecobaggie.com\/fr\/wp-json\/wp\/v2\/product_tag?post=7507"}],"curies":[{"name":"wp","href":"https:\/\/api.w.org\/{rel}","templated":true}]}}