{"id":7512,"date":"2022-11-07T14:54:56","date_gmt":"2022-11-07T06:54:56","guid":{"rendered":"https:\/\/avecobaggie.com\/?post_type=product&#038;p=7512"},"modified":"2022-11-07T15:11:05","modified_gmt":"2022-11-07T07:11:05","slug":"coffee-mug-cover-drink-strap-canvas-bag","status":"publish","type":"product","link":"https:\/\/avecobaggie.com\/fr\/produit\/coffee-mug-cover-drink-strap-canvas-bag\/","title":{"rendered":"Housse de tasse \u00e0 caf\u00e9 sac en toile"},"content":{"rendered":"<h4 class=\"p1\">\u00a0Caract\u00e9ristiques du produit<\/h4>\n<ul>\n<li><strong>Style du sac<\/strong>: Fourre-tout<\/li>\n<li><strong>Type de mat\u00e9riau<\/strong>: Toile<\/li>\n<li><strong>Couleur du mat\u00e9riau<\/strong>: Couleur personnalis\u00e9e<\/li>\n<li><strong>Sac Taille du stock<\/strong>: Personnaliser la taille<\/li>\n<li><strong>Surface d'impression<\/strong>Pas d'impression ou possibilit\u00e9 d'impression personnalis\u00e9e<\/li>\n<li><strong>Instructions d'entretien<\/strong>: Lavage \u00e0 la main recommand\u00e9, lavage en machine possible, s\u00e9chage en suspension.<\/li>\n<\/ul>","protected":false},"excerpt":{"rendered":"<p>Manchon cr\u00e9atif pour r\u00e9sister \u00e0 la chaleur, longues bretelles faciles \u00e0 porter.<\/p>","protected":false},"featured_media":7515,"comment_status":"open","ping_status":"closed","template":"","meta":{"_seopress_robots_primary_cat":"none","_seopress_titles_title":"","_seopress_titles_desc":"","_seopress_robots_index":""},"product_brand":[],"product_cat":[29,100,102,109],"product_tag":[],"class_list":{"0":"post-7512","1":"product","2":"type-product","3":"status-publish","4":"has-post-thumbnail","6":"product_cat-tote-bag","7":"product_cat-other-creative-bag","8":"product_cat-cotton-canvas-bag","9":"product_cat-everyday","11":"first","12":"instock","13":"taxable","14":"shipping-taxable","15":"product-type-simple"},"_links":{"self":[{"href":"https:\/\/avecobaggie.com\/fr\/wp-json\/wp\/v2\/product\/7512","targetHints":{"allow":["GET"]}}],"collection":[{"href":"https:\/\/avecobaggie.com\/fr\/wp-json\/wp\/v2\/product"}],"about":[{"href":"https:\/\/avecobaggie.com\/fr\/wp-json\/wp\/v2\/types\/product"}],"replies":[{"embeddable":true,"href":"https:\/\/avecobaggie.com\/fr\/wp-json\/wp\/v2\/comments?post=7512"}],"wp:featuredmedia":[{"embeddable":true,"href":"https:\/\/avecobaggie.com\/fr\/wp-json\/wp\/v2\/media\/7515"}],"wp:attachment":[{"href":"https:\/\/avecobaggie.com\/fr\/wp-json\/wp\/v2\/media?parent=7512"}],"wp:term":[{"taxonomy":"product_brand","embeddable":true,"href":"https:\/\/avecobaggie.com\/fr\/wp-json\/wp\/v2\/product_brand?post=7512"},{"taxonomy":"product_cat","embeddable":true,"href":"https:\/\/avecobaggie.com\/fr\/wp-json\/wp\/v2\/product_cat?post=7512"},{"taxonomy":"product_tag","embeddable":true,"href":"https:\/\/avecobaggie.com\/fr\/wp-json\/wp\/v2\/product_tag?post=7512"}],"curies":[{"name":"wp","href":"https:\/\/api.w.org\/{rel}","templated":true}]}}