{"id":7518,"date":"2022-11-07T17:35:51","date_gmt":"2022-11-07T09:35:51","guid":{"rendered":"https:\/\/avecobaggie.com\/?post_type=product&#038;p=7518"},"modified":"2022-11-16T11:47:25","modified_gmt":"2022-11-16T03:47:25","slug":"folding-portable-shopping-bag-reusable-bag-waterproof-storage-oxford-cloth-bag-can-be-printed-with-logo","status":"publish","type":"product","link":"https:\/\/avecobaggie.com\/fr\/produit\/folding-portable-shopping-bag-reusable-bag-waterproof-storage-oxford-cloth-bag-can-be-printed-with-logo\/","title":{"rendered":"Sac \u00e0 provisions portable pliable sac r\u00e9utilisable sac de stockage imperm\u00e9able sac en tissu Oxford peut \u00eatre imprim\u00e9 avec LOGO"},"content":{"rendered":"<p>CARACT\u00c9RISTIQUES DU PRODUIT<\/p>\n<ul>\n<li><strong>Style du sac<\/strong>: Sac \u00e0 provisions portable pliable<\/li>\n<li><strong>Type de mat\u00e9riau<\/strong>: <a class=\"color_pc_blue_text\" data-keyword=\"oxford cloth\">tissu oxford<\/a><\/li>\n<li><strong>Couleur du mat\u00e9riau<\/strong>: Jaune, violet, orange, noir ou autres couleurs personnalis\u00e9es<\/li>\n<li><strong>Taille du sac<\/strong>: 35X30CM (liste des dimensions standard, nous acceptons les dimensions personnalis\u00e9es) \uff09<\/li>\n<li><strong>Surface d'impression<\/strong>: 1 couleur | 2 couleurs | plus de couleurs| Impression compl\u00e8te, impression d'un c\u00f4t\u00e9 ou de deux c\u00f4t\u00e9s<\/li>\n<li><strong>Instructions d'entretien<\/strong>: Lavage \u00e0 la main uniquement.<\/li>\n<\/ul>","protected":false},"excerpt":{"rendered":"<p>Les sacs d'Halloween en non-tiss\u00e9 avec des motifs et des \u00e9l\u00e9ments de dessins anim\u00e9s donneront aux sacs-cadeaux un aspect mignon, mais pas effrayant. L'emballage cr\u00e9atif avec des jouets en forme de bonbons est luxueux.<br \/>\nSi vous souhaitez cr\u00e9er votre propre sac non tiss\u00e9 pour Halloween, envoyez votre fichier de conception et vous recevrez vos cadeaux d'Halloween dans les 15 jours.<\/p>","protected":false},"featured_media":7519,"comment_status":"open","ping_status":"closed","template":"","meta":{"_seopress_robots_primary_cat":"none","_seopress_titles_title":"","_seopress_titles_desc":"","_seopress_robots_index":""},"product_brand":[],"product_cat":[29,105,111],"product_tag":[139],"class_list":{"0":"post-7518","1":"product","2":"type-product","3":"status-publish","4":"has-post-thumbnail","6":"product_cat-tote-bag","7":"product_cat-non-woven-bag","8":"product_cat-promotional-events","9":"product_tag-non-woven-bag","11":"first","12":"instock","13":"taxable","14":"shipping-taxable","15":"product-type-simple"},"_links":{"self":[{"href":"https:\/\/avecobaggie.com\/fr\/wp-json\/wp\/v2\/product\/7518","targetHints":{"allow":["GET"]}}],"collection":[{"href":"https:\/\/avecobaggie.com\/fr\/wp-json\/wp\/v2\/product"}],"about":[{"href":"https:\/\/avecobaggie.com\/fr\/wp-json\/wp\/v2\/types\/product"}],"replies":[{"embeddable":true,"href":"https:\/\/avecobaggie.com\/fr\/wp-json\/wp\/v2\/comments?post=7518"}],"wp:featuredmedia":[{"embeddable":true,"href":"https:\/\/avecobaggie.com\/fr\/wp-json\/wp\/v2\/media\/7519"}],"wp:attachment":[{"href":"https:\/\/avecobaggie.com\/fr\/wp-json\/wp\/v2\/media?parent=7518"}],"wp:term":[{"taxonomy":"product_brand","embeddable":true,"href":"https:\/\/avecobaggie.com\/fr\/wp-json\/wp\/v2\/product_brand?post=7518"},{"taxonomy":"product_cat","embeddable":true,"href":"https:\/\/avecobaggie.com\/fr\/wp-json\/wp\/v2\/product_cat?post=7518"},{"taxonomy":"product_tag","embeddable":true,"href":"https:\/\/avecobaggie.com\/fr\/wp-json\/wp\/v2\/product_tag?post=7518"}],"curies":[{"name":"wp","href":"https:\/\/api.w.org\/{rel}","templated":true}]}}