{"id":7561,"date":"2022-11-17T16:08:01","date_gmt":"2022-11-17T08:08:01","guid":{"rendered":"https:\/\/avecobaggie.com\/?post_type=product&#038;p=7561"},"modified":"2022-11-17T16:22:08","modified_gmt":"2022-11-17T08:22:08","slug":"custom-thick-canvas-tote-bag-with-leather-logo","status":"publish","type":"product","link":"https:\/\/avecobaggie.com\/fr\/produit\/custom-thick-canvas-tote-bag-with-leather-logo\/","title":{"rendered":"Fourre-tout personnalis\u00e9 en toile \u00e9paisse avec logo en cuir"},"content":{"rendered":"<p>La soci\u00e9t\u00e9 Aveco peut personnaliser et vendre en gros des sacs fourre-tout en toile avec un service de solution unique. Nous avons \u00e9galement quelques formes de base de sacs pour un d\u00e9marrage facile, comme indiqu\u00e9 sur le site Web de la soci\u00e9t\u00e9 Aveco.\u00a0\u00a0<a href=\"https:\/\/avecobaggie.com\/fr\/categorie-produit\/bags-in-stock\/\"> Sacs en stock <\/a>. la plupart des sacs en stock sont vierges de toute impression, ce qui vous permet d'apposer plus facilement un logo ou une \u00e9tiquette priv\u00e9e pour vos clients, sans minimum.<\/p>\n<p><span class=\"Apple-converted-space\">\u00a0 \u00a0 Si vous souhaitez personnaliser ces sacs \u00e9cologiques, c'est \u00e9galement facile, certains de ces sacs \u00e9tant m\u00eame dot\u00e9s d'un prix extr\u00eamement bas. <\/span>MOQ pour les surfaces personnalis\u00e9es. En particulier, les sacs en coton ou en toile sont extr\u00eamement bas, \u00e0 100 pi\u00e8ces ou m\u00eame moins, pour soutenir les d\u00e9butants. <a href=\"https:\/\/avecobaggie.com\/fr\/custom-solutions\/\"><strong>SOLUTIONS SUR MESURE<\/strong><\/a> pour en savoir plus sur les \u00e9tapes des sacs personnalis\u00e9s.<\/p>\n<h4 class=\"p1\"><span style=\"color: #333333;\">Caract\u00e9ristiques du produit<\/span><\/h4>\n<ul>\n<li><strong>Style du sac<\/strong>: Fourre-tout<\/li>\n<li><strong>Type de mat\u00e9riau<\/strong>: Toile<\/li>\n<li><strong>Mat\u00e9riau Poids<\/strong>:  12oz \/ nous pouvons \u00e9galement r\u00e9aliser d'autres \u00e9paisseurs selon votre demande, <a href=\"https:\/\/avecobaggie.com\/fr\/custom-solutions\/\">Cliquez pour voir le tableau des poids des tissus, <\/a>Le fil est \u00e9pais, avec un point de croix au niveau de la poign\u00e9e pour un maximum de fermet\u00e9.<\/li>\n<li><strong>Couleur du mat\u00e9riau<\/strong>: Beige naturel<\/li>\n<li><strong>Taille du sac<\/strong>35.5*36*10.5CM (liste avec taille standard, nous acceptons les tailles personnalis\u00e9es) \uff09<\/li>\n<li><strong>Surface d'impression<\/strong>: 1 couleur | 2 couleurs | plus de couleurs| Impression compl\u00e8te, impression d'un c\u00f4t\u00e9 ou de deux c\u00f4t\u00e9s<\/li>\n<li><strong>Fermeture<\/strong>: Fermeture \u00e0 glissi\u00e8re sur le dessus<\/li>\n<\/ul>\n<h4 class=\"a-spacing-mini\">Polyvalent<\/h4>\n<p>Le sac peut \u00eatre enti\u00e8rement vierge, sans impression ni logo, si vous souhaitez vendre des sacs en toile vierge \u00e0 des fins de bricolage. Il est id\u00e9al pour les projets de peinture et de d\u00e9coration \u00e0 la maison, \u00e0 l'\u00e9cole, au camp ou dans le cadre d'activit\u00e9s caritatives. Vous pouvez \u00e9galement vendre le sac avec des outils de peinture.<\/p>\n<p>Une autre fa\u00e7on de bricoler est de vendre en gros un paquet de papier vinyle de transfert de chaleur \u00e0 thermocoller, de sorte qu'il puisse \u00eatre transf\u00e9r\u00e9 sur le sac.<\/p>\n<p>Ce sac est id\u00e9al pour le transport quotidien, l'\u00e9cole, le travail, la plage, le pique-nique, la f\u00eate, la salle de sport, la biblioth\u00e8que, les cadeaux d'anniversaire, les salons professionnels, les conf\u00e9rences, les cadeaux de No\u00ebl, les mariages et divers autres \u00e9v\u00e9nements.<\/p>\n<h4 class=\"a-spacing-mini\">Grande capacit\u00e9<\/h4>\n<p>Le sac peut contenir environ 20 litres et supporter plus de 50 livres. La longue et large poign\u00e9e est un excellent moyen de soulager les douleurs musculaires, et vous serez \u00e0 l'aise en le tenant dans votre main ou sur votre \u00e9paule.Les sangles peuvent \u00eatre personnalis\u00e9es selon vos propres demandes, la taille normale est de 75CM de long.<\/p>\n<h4 class=\"a-spacing-mini\">Excellente production<\/h4>\n<p>Avec plus de 10 ans d'exp\u00e9rience dans la couture, nous pouvons contr\u00f4ler la tol\u00e9rance de taille de +\/-1\u2033, l'excellente \u00e9quipe de gestion assurera un contr\u00f4le strict et un suivi tout au long du processus.Chaque sac sera strictement inspect\u00e9 avant l'exp\u00e9dition, qu'il soit petit ou grand.Nous nous engageons \u00e0 apporter \u00e0 nos clients les meilleurs sacs fourre-tout en toile.<\/p>\n<h4 class=\"a-spacing-mini\">Avis de lavage<\/h4>\n<p>il est recommand\u00e9 de laver \u00e0 la main \u00e0 l'eau froide ou en machine, et de repasser \u00e0 haute temp\u00e9rature apr\u00e8s s\u00e9chage naturel.<\/p>\n<p><strong>Remarques : Pour les tissus en coton, il y aura un l\u00e9ger r\u00e9tr\u00e9cissement apr\u00e8s le lavage.<\/strong><\/p>\n<p>&nbsp;<\/p>","protected":false},"excerpt":{"rendered":"<p>Sac fourre-tout \u00e9l\u00e9gant en toile avec une poche ext\u00e9rieure, facile \u00e0 ranger pour les petites choses.Fermeture \u00e0 glissi\u00e8re sur le dessus pour assurer votre s\u00e9curit\u00e9.Le fond est dot\u00e9 d'un soufflet pour le rendre plus spacieux.Forme populaire et fabrication exquise.Facile \u00e0 personnaliser avec des logos ou des motifs.<\/p>","protected":false},"featured_media":7567,"comment_status":"open","ping_status":"closed","template":"","meta":{"_seopress_robots_primary_cat":"none","_seopress_titles_title":"Custom Canvas Tote Bag With Pockets - Fast Proof-Free Sample","_seopress_titles_desc":"Canvas Tote Bag with pockets outside and reinforced straps,Durable and eco friendly.10+ years experience make the neat sewing and reputed quality.","_seopress_robots_index":""},"product_brand":[],"product_cat":[29,102,108,110],"product_tag":[],"class_list":{"0":"post-7561","1":"product","2":"type-product","3":"status-publish","4":"has-post-thumbnail","6":"product_cat-tote-bag","7":"product_cat-cotton-canvas-bag","8":"product_cat-work-school","9":"product_cat-travel","11":"first","12":"instock","13":"taxable","14":"shipping-taxable","15":"product-type-simple"},"_links":{"self":[{"href":"https:\/\/avecobaggie.com\/fr\/wp-json\/wp\/v2\/product\/7561","targetHints":{"allow":["GET"]}}],"collection":[{"href":"https:\/\/avecobaggie.com\/fr\/wp-json\/wp\/v2\/product"}],"about":[{"href":"https:\/\/avecobaggie.com\/fr\/wp-json\/wp\/v2\/types\/product"}],"replies":[{"embeddable":true,"href":"https:\/\/avecobaggie.com\/fr\/wp-json\/wp\/v2\/comments?post=7561"}],"wp:featuredmedia":[{"embeddable":true,"href":"https:\/\/avecobaggie.com\/fr\/wp-json\/wp\/v2\/media\/7567"}],"wp:attachment":[{"href":"https:\/\/avecobaggie.com\/fr\/wp-json\/wp\/v2\/media?parent=7561"}],"wp:term":[{"taxonomy":"product_brand","embeddable":true,"href":"https:\/\/avecobaggie.com\/fr\/wp-json\/wp\/v2\/product_brand?post=7561"},{"taxonomy":"product_cat","embeddable":true,"href":"https:\/\/avecobaggie.com\/fr\/wp-json\/wp\/v2\/product_cat?post=7561"},{"taxonomy":"product_tag","embeddable":true,"href":"https:\/\/avecobaggie.com\/fr\/wp-json\/wp\/v2\/product_tag?post=7561"}],"curies":[{"name":"wp","href":"https:\/\/api.w.org\/{rel}","templated":true}]}}