{"id":9026,"date":"2025-03-18T16:08:23","date_gmt":"2025-03-18T08:08:23","guid":{"rendered":"https:\/\/avecobaggie.com\/?post_type=product&#038;p=9026"},"modified":"2025-03-19T11:48:32","modified_gmt":"2025-03-19T03:48:32","slug":"blue-jute-patchwork-tote-with-a-elastic-closure","status":"publish","type":"product","link":"https:\/\/avecobaggie.com\/fr\/produit\/blue-jute-patchwork-tote-with-a-elastic-closure\/","title":{"rendered":"Blue Jute Patchwork Tote with a elastic closure"},"content":{"rendered":"<h2 class=\"wp-block-heading has-text-align-center\">Product Features for Blue Jute Patchwork Tote<\/h2>\n\n\n\n<p><strong>1. Striking Patchwork Design:<\/strong><br>Combines <strong>blue and natural jute fabrics<\/strong> for a <strong>unique, eco-chic look<\/strong>. Les <strong>front and back<\/strong> sont <strong>jute naturel<\/strong>, while the <strong>sides and base<\/strong> sont <strong>blue jute<\/strong>.<\/p>\n\n\n\n<p><strong>2. Durable Blue Handles:<\/strong><br>Caract\u00e9ristiques <strong>interwoven blue webbed handles<\/strong> for <strong>comfort and strength<\/strong>, ideal for heavy loads.<\/p>\n\n\n\n<p><strong>3. Waterproof Lining:<\/strong><br>Includes a <strong>PE film lining<\/strong> for <strong>moisture protection<\/strong>, perfect for groceries, beach essentials, or outdoor use.<\/p>\n\n\n\n<p><strong>4. Elastic Snap Closure:<\/strong><br>Equipped with a <strong>blue elastic snap button<\/strong> for <strong>secure and stylish closure<\/strong>.<\/p>\n\n\n\n<p><strong>5. Spacious &amp; Practical:<\/strong><br>Measures <strong>35x32x15cm<\/strong>, offering <strong>vaste espace<\/strong> for shopping, travel, or everyday use.<\/p>\n\n\n\n<p><strong>6. Eco-Friendly &amp; Brandable:<\/strong><br>Fabriqu\u00e9 \u00e0 partir de <strong>natural and blue jute<\/strong>, it\u2019s <strong>biodegradable, reusable, and customizable<\/strong> for branding.<\/p>\n\n\n\n<p><strong>7. Des cas d'utilisation polyvalents :<\/strong><br>This tote bag is perfect for:<\/p>\n\n\n\n<ul class=\"wp-block-list\">\n<li><strong>La strat\u00e9gie de marque des d\u00e9taillants :<\/strong>\u00a0A\u00a0<strong>unique and eco-friendly packaging solution<\/strong>\u00a0for\u00a0<strong>boutiques, gift shops, or sustainable fashion brands<\/strong>.<\/li>\n\n\n\n<li><strong>\u00c9v\u00e9nements promotionnels :<\/strong>\u00a0Id\u00e9al pour\u00a0<strong>giveaways, trade shows<\/strong>, or\u00a0<strong>corporate events<\/strong>\u00a0where you want to make a lasting impression.<\/li>\n\n\n\n<li><strong>L'essentiel au quotidien :<\/strong>\u00a0Great for\u00a0<strong>shopping, beach trips, or work<\/strong>, offrant une\u00a0<strong>stylish and practical reusable bag<\/strong>.<\/li>\n<\/ul>\n\n\n\n<hr class=\"wp-block-separator has-alpha-channel-opacity\"\/>\n\n\n\n<p><\/p>\n\n\n\n<h4 class=\"wp-block-heading has-text-align-center\"><strong>Options de personnalisation :<\/strong><\/h4>\n\n\n\n<p>Bien que cette <strong>Blue &amp; Jute Patchwork Tote<\/strong> is a standout choice, we offer <strong>conceptions personnalis\u00e9es<\/strong> en <strong>sizes, colors, and branding<\/strong> to match your needs.<\/p>\n\n\n\n<p><strong>Contactez-nous d\u00e8s aujourd'hui<\/strong> to create <strong>sacs fourre-tout \u00e9cologiques et de marque<\/strong> that elevate your brand.<\/p>\n\n\n\n<p><\/p>\n\n\n\n<figure class=\"wp-block-image size-large\"><img fetchpriority=\"high\" width=\"1024\" height=\"816\" src=\"https:\/\/avecobaggie.com\/wp-content\/uploads\/2025\/03\/Handle-Style-1024x816.jpg\" alt=\"\" class=\"wp-image-8939\" srcset=\"https:\/\/avecobaggie.com\/wp-content\/uploads\/2025\/03\/Handle-Style-1024x816.jpg 1024w, https:\/\/avecobaggie.com\/wp-content\/uploads\/2025\/03\/Handle-Style-300x239.jpg 300w, https:\/\/avecobaggie.com\/wp-content\/uploads\/2025\/03\/Handle-Style-768x612.jpg 768w, https:\/\/avecobaggie.com\/wp-content\/uploads\/2025\/03\/Handle-Style-600x478.jpg 600w, https:\/\/avecobaggie.com\/wp-content\/uploads\/2025\/03\/Handle-Style.jpg 1444w\" sizes=\"(max-width: 1024px) 100vw, 1024px\" \/><\/figure>\n\n\n\n<figure class=\"wp-block-table\"><table><tbody><tr><td>Mat\u00e9riau<\/td><td>Jute, lin, faux-jute<\/td><\/tr><tr><td>Couleur<\/td><td>Choisissez parmi notre stock de tissus disponibles ou personnalisez-les en les teignant pour qu'ils correspondent \u00e0 des couleurs Pantone sp\u00e9cifiques.<\/td><\/tr><tr><td>\u00c9paisseur du tissu<\/td><td>200-450 g\/m\u00b2.<\/td><\/tr><tr><td>Impression<\/td><td>S\u00e9rigraphie, impression par transfert thermique, impression num\u00e9rique, gaufrage<\/td><\/tr><tr><td>Type de poign\u00e9e<\/td><td>Jute, lin, coton, cuir, sangle, bambou<\/td><\/tr><tr><td>Accessoires<\/td><td>Poche int\u00e9rieure, poche ext\u00e9rieure, fermeture \u00e0 glissi\u00e8re, bouton-pression, bouton magn\u00e9tique, velcro, cordon de serrage, soufflet inf\u00e9rieur, soufflet lat\u00e9ral, anneau en D, boucles, \u0153illet, s\u00e9parateurs, \u00e9tiquette, label.<\/td><\/tr><tr><td>Utilisation<\/td><td>Shopping, Cadeaux, Promotion, Emballage, Sacs de plage, Portage personnel quotidien<\/td><\/tr><tr><td rowspan=\"4\">Production d'\u00e9chantillons<\/td><td>D\u00e9lai de livraison : 3-7 jours.<\/td><\/tr><tr><td>Co\u00fbt : 30USD-80USD Varie en fonction des d\u00e9tails du produit.<\/td><\/tr><tr><td>Politique de remboursement : Enti\u00e8rement remboursable pour une commande de 1000 pi\u00e8ces ou plus.<\/td><\/tr><tr><td>Les \u00e9chantillons standard sont gratuits. Seuls les frais d'exp\u00e9dition sont \u00e0 votre charge.<\/td><\/tr><tr><td>Emballage<\/td><td>Sac PE + carton (personnalisable)<\/td><\/tr><tr><td>Production de masse<\/td><td>7-30 jours en fonction de la quantit\u00e9<\/td><\/tr><tr><td>Exp\u00e9dition<\/td><td>Par voie express (DHL, UPS, FedEx, TNT, EMS), par voie a\u00e9rienne, par voie maritime<\/td><\/tr><\/tbody><\/table><\/figure>","protected":false},"excerpt":{"rendered":"<p>Eco-Chic | Patchwork Style | Waterproof Lining | Elastic Closure | Brandable<\/p>","protected":false},"featured_media":9027,"comment_status":"open","ping_status":"closed","template":"","meta":{"_seopress_robots_primary_cat":"none","_seopress_titles_title":"%%post_title%% %%sep%% Get Customized Now","_seopress_titles_desc":"Eco-chic, waterproof, and stylish. Features interwoven blue handles, elastic closure, and custom branding options. Custom your Jute bag Now!","_seopress_robots_index":""},"product_brand":[],"product_cat":[187,29],"product_tag":[126],"class_list":{"0":"post-9026","1":"product","2":"type-product","3":"status-publish","4":"has-post-thumbnail","6":"product_cat-custom-jute-bag","7":"product_cat-tote-bag","8":"product_tag-grocery-bag","10":"first","11":"instock","12":"taxable","13":"shipping-taxable","14":"product-type-simple"},"_links":{"self":[{"href":"https:\/\/avecobaggie.com\/fr\/wp-json\/wp\/v2\/product\/9026","targetHints":{"allow":["GET"]}}],"collection":[{"href":"https:\/\/avecobaggie.com\/fr\/wp-json\/wp\/v2\/product"}],"about":[{"href":"https:\/\/avecobaggie.com\/fr\/wp-json\/wp\/v2\/types\/product"}],"replies":[{"embeddable":true,"href":"https:\/\/avecobaggie.com\/fr\/wp-json\/wp\/v2\/comments?post=9026"}],"wp:featuredmedia":[{"embeddable":true,"href":"https:\/\/avecobaggie.com\/fr\/wp-json\/wp\/v2\/media\/9027"}],"wp:attachment":[{"href":"https:\/\/avecobaggie.com\/fr\/wp-json\/wp\/v2\/media?parent=9026"}],"wp:term":[{"taxonomy":"product_brand","embeddable":true,"href":"https:\/\/avecobaggie.com\/fr\/wp-json\/wp\/v2\/product_brand?post=9026"},{"taxonomy":"product_cat","embeddable":true,"href":"https:\/\/avecobaggie.com\/fr\/wp-json\/wp\/v2\/product_cat?post=9026"},{"taxonomy":"product_tag","embeddable":true,"href":"https:\/\/avecobaggie.com\/fr\/wp-json\/wp\/v2\/product_tag?post=9026"}],"curies":[{"name":"wp","href":"https:\/\/api.w.org\/{rel}","templated":true}]}}