{"id":9054,"date":"2025-03-18T17:35:47","date_gmt":"2025-03-18T09:35:47","guid":{"rendered":"https:\/\/avecobaggie.com\/?post_type=product&#038;p=9054"},"modified":"2025-03-19T10:35:49","modified_gmt":"2025-03-19T02:35:49","slug":"red-waterproof-jute-tote-bag","status":"publish","type":"product","link":"https:\/\/avecobaggie.com\/fr\/produit\/red-waterproof-jute-tote-bag\/","title":{"rendered":"Sac fourre-tout en jute imperm\u00e9able rouge"},"content":{"rendered":"<h2 class=\"wp-block-heading has-text-align-center\">Caract\u00e9ristiques du produit pour le sac fourre-tout en jute imperm\u00e9able rouge<\/h2>\n\n\n\n<ol class=\"wp-block-list\">\n<li><strong>Jute de premi\u00e8re qualit\u00e9 Mat\u00e9riau :<\/strong><\/li>\n<\/ol>\n\n\n\n<p>Fabriqu\u00e9 en jute naturel rouge 100%, ce sac fourre-tout allie respect de l'environnement et attrait rustique et vibrant. Le mat\u00e9riau est solide et durable, ce qui en fait un excellent choix pour les marques qui accordent de l'importance \u00e0 la responsabilit\u00e9 environnementale.<\/p>\n\n\n\n<ol start=\"2\" class=\"wp-block-list\">\n<li><strong>Imperm\u00e9able et fonctionnel :<\/strong><\/li>\n<\/ol>\n\n\n\n<p>L'int\u00e9rieur pr\u00e9sente les caract\u00e9ristiques suivantes <strong>une doublure protectrice imperm\u00e9able,<\/strong> garantissant que vos affaires restent en s\u00e9curit\u00e9 et au sec par tous les temps. Qu'il s'agisse de pluie ou d'\u00e9claboussures, ce sac est con\u00e7u pour tout affronter.<\/p>\n\n\n\n<ol start=\"3\" class=\"wp-block-list\">\n<li><strong>Design compact et spacieux :<\/strong><\/li>\n<\/ol>\n\n\n\n<p>Mesurant 30x29x10cm, ce sac offre un \u00e9quilibre parfait entre compacit\u00e9 et capacit\u00e9. Il comprend <strong>une base et des c\u00f4t\u00e9s<\/strong>La pochette de rangement permet de ranger de mani\u00e8re structur\u00e9e les produits de premi\u00e8re n\u00e9cessit\u00e9, les produits d'\u00e9picerie ou les articles promotionnels.<\/p>\n\n\n\n<ol start=\"4\" class=\"wp-block-list\">\n<li><strong>L'image de marque en toute simplicit\u00e9 :<\/strong><\/li>\n<\/ol>\n\n\n\n<p>Le sac est livr\u00e9 avec un <strong>logo et motif jaunes personnalisables<\/strong> imprim\u00e9e dans un<strong> s\u00e9rigraphie monochrome<\/strong>. Cette fonction permet aux marques d'int\u00e9grer de mani\u00e8re transparente leur identit\u00e9 dans le design, cr\u00e9ant ainsi un produit m\u00e9morable et professionnel.<\/p>\n\n\n\n<ol start=\"5\" class=\"wp-block-list\">\n<li><strong>Poign\u00e9es en jute durable :<\/strong><\/li>\n<\/ol>\n\n\n\n<p>Les poign\u00e9es en jute sont non seulement robustes, mais aussi confortables \u00e0 porter, m\u00eame avec des charges plus lourdes. Elles sont respectueuses de l'environnement et compl\u00e8tent l'esth\u00e9tique naturelle du sac.<\/p>\n\n\n\n<ol start=\"6\" class=\"wp-block-list\">\n<li><strong>Cas d'utilisation polyvalents :<\/strong><\/li>\n<\/ol>\n\n\n\n<p>Ce sac fourre-tout est id\u00e9al pour :<\/p>\n\n\n\n<p><strong>La strat\u00e9gie de marque des d\u00e9taillants : <\/strong>Parfait pour les boutiques, les magasins de cadeaux ou les marques soucieuses de l'environnement qui recherchent une solution d'emballage \u00e9l\u00e9gante et durable.<br><strong>\u00c9v\u00e9nements promotionnels :<\/strong> Un cadeau pratique et accrocheur pour les salons professionnels, les festivals ou les r\u00e9unions d'entreprise.<br><strong>Utilisation quotidienne :<\/strong> Id\u00e9al pour les courses, les pique-niques ou les voyages, il constitue une alternative r\u00e9utilisable et \u00e9cologique aux sacs en plastique.<\/p>\n\n\n\n<p><br>Options de personnalisation :<br>Bien que cette <strong>Sac fourre-tout en jute imperm\u00e9able rouge<\/strong> est un excellent choix, nous nous sp\u00e9cialisons dans les conceptions personnalis\u00e9es pour r\u00e9pondre \u00e0 vos besoins uniques. De diff\u00e9rents <strong>des tailles, des couleurs et des mat\u00e9riaux aux motifs exclusifs et aux options de marquage, <\/strong>nous pouvons cr\u00e9er un produit qui correspond parfaitement \u00e0 la vision de votre marque.<\/p>\n\n\n\n<p>Contactez-nous d\u00e8s aujourd'hui pour savoir comment nous pouvons vous aider \u00e0 concevoir des sacs de marque respectueux de l'environnement qui laisseront une impression durable \u00e0 vos clients.<\/p>\n\n\n\n<h3 class=\"wp-block-heading has-text-align-center\">Solutions sur mesure<\/h3>\n\n\n\n<figure class=\"wp-block-image size-large\"><img fetchpriority=\"high\" width=\"1024\" height=\"816\" src=\"https:\/\/avecobaggie.com\/wp-content\/uploads\/2025\/03\/Handle-Style-1024x816.jpg\" alt=\"\" class=\"wp-image-8939\" srcset=\"https:\/\/avecobaggie.com\/wp-content\/uploads\/2025\/03\/Handle-Style-1024x816.jpg 1024w, https:\/\/avecobaggie.com\/wp-content\/uploads\/2025\/03\/Handle-Style-300x239.jpg 300w, https:\/\/avecobaggie.com\/wp-content\/uploads\/2025\/03\/Handle-Style-768x612.jpg 768w, https:\/\/avecobaggie.com\/wp-content\/uploads\/2025\/03\/Handle-Style-600x478.jpg 600w, https:\/\/avecobaggie.com\/wp-content\/uploads\/2025\/03\/Handle-Style.jpg 1444w\" sizes=\"(max-width: 1024px) 100vw, 1024px\" \/><\/figure>\n\n\n\n<figure class=\"wp-block-table\"><table><tbody><tr><td>Mat\u00e9riau<\/td><td>Jute, lin, faux-jute<\/td><\/tr><tr><td>Couleur<\/td><td>Choisissez parmi notre stock de tissus disponibles ou personnalisez-les en les teignant pour qu'ils correspondent \u00e0 des couleurs Pantone sp\u00e9cifiques.<\/td><\/tr><tr><td>\u00c9paisseur du tissu<\/td><td>200-450 g\/m\u00b2.<\/td><\/tr><tr><td>Impression<\/td><td>S\u00e9rigraphie, impression par transfert thermique, impression num\u00e9rique, gaufrage<\/td><\/tr><tr><td>Type de poign\u00e9e<\/td><td>Jute, lin, coton, cuir, sangle, bambou<\/td><\/tr><tr><td>Accessoires<\/td><td>Poche int\u00e9rieure, poche ext\u00e9rieure, fermeture \u00e0 glissi\u00e8re, bouton-pression, bouton magn\u00e9tique, velcro, cordon de serrage, soufflet inf\u00e9rieur, soufflet lat\u00e9ral, anneau en D, boucles, \u0153illet, s\u00e9parateurs, \u00e9tiquette, label.<\/td><\/tr><tr><td>Utilisation<\/td><td>Shopping, Cadeaux, Promotion, Emballage, Sacs de plage, Portage personnel quotidien<\/td><\/tr><tr><td rowspan=\"4\">Production d'\u00e9chantillons<\/td><td>D\u00e9lai de livraison : 3-7 jours.<\/td><\/tr><tr><td>Co\u00fbt : 30USD-80USD Varie en fonction des d\u00e9tails du produit.<\/td><\/tr><tr><td>Politique de remboursement : Enti\u00e8rement remboursable pour une commande de 1000 pi\u00e8ces ou plus.<\/td><\/tr><tr><td>Les \u00e9chantillons standard sont gratuits. Seuls les frais d'exp\u00e9dition sont \u00e0 votre charge.<\/td><\/tr><tr><td>Emballage<\/td><td>Sac PE + carton (personnalisable)<\/td><\/tr><tr><td>Production de masse<\/td><td>7-30 jours en fonction de la quantit\u00e9<\/td><\/tr><tr><td>Exp\u00e9dition<\/td><td>Par voie express (DHL, UPS, FedEx, TNT, EMS), par voie a\u00e9rienne, par voie maritime<\/td><\/tr><\/tbody><\/table><\/figure>","protected":false},"excerpt":{"rendered":"<p>R\u00e9sistant aux intemp\u00e9ries | Compact | Poign\u00e9es durables<\/p>","protected":false},"featured_media":9055,"comment_status":"open","ping_status":"closed","template":"","meta":{"_seopress_robots_primary_cat":"none","_seopress_titles_title":"%%post_title%% %%sep%% Get Customized Now","_seopress_titles_desc":"Red Waterproof Jute Tote Bag\u2014eco-friendly, durable, and perfect for branding! Customizable logo, waterproof lining, and compact design. Request Now","_seopress_robots_index":""},"product_brand":[],"product_cat":[187,29],"product_tag":[],"class_list":{"0":"post-9054","1":"product","2":"type-product","3":"status-publish","4":"has-post-thumbnail","6":"product_cat-custom-jute-bag","7":"product_cat-tote-bag","9":"first","10":"instock","11":"taxable","12":"shipping-taxable","13":"product-type-simple"},"_links":{"self":[{"href":"https:\/\/avecobaggie.com\/fr\/wp-json\/wp\/v2\/product\/9054","targetHints":{"allow":["GET"]}}],"collection":[{"href":"https:\/\/avecobaggie.com\/fr\/wp-json\/wp\/v2\/product"}],"about":[{"href":"https:\/\/avecobaggie.com\/fr\/wp-json\/wp\/v2\/types\/product"}],"replies":[{"embeddable":true,"href":"https:\/\/avecobaggie.com\/fr\/wp-json\/wp\/v2\/comments?post=9054"}],"wp:featuredmedia":[{"embeddable":true,"href":"https:\/\/avecobaggie.com\/fr\/wp-json\/wp\/v2\/media\/9055"}],"wp:attachment":[{"href":"https:\/\/avecobaggie.com\/fr\/wp-json\/wp\/v2\/media?parent=9054"}],"wp:term":[{"taxonomy":"product_brand","embeddable":true,"href":"https:\/\/avecobaggie.com\/fr\/wp-json\/wp\/v2\/product_brand?post=9054"},{"taxonomy":"product_cat","embeddable":true,"href":"https:\/\/avecobaggie.com\/fr\/wp-json\/wp\/v2\/product_cat?post=9054"},{"taxonomy":"product_tag","embeddable":true,"href":"https:\/\/avecobaggie.com\/fr\/wp-json\/wp\/v2\/product_tag?post=9054"}],"curies":[{"name":"wp","href":"https:\/\/api.w.org\/{rel}","templated":true}]}}