{"id":9068,"date":"2025-03-19T11:47:15","date_gmt":"2025-03-19T03:47:15","guid":{"rendered":"https:\/\/avecobaggie.com\/?post_type=product&#038;p=9068"},"modified":"2025-03-19T12:55:12","modified_gmt":"2025-03-19T04:55:12","slug":"natural-jute-tote-with-reinforced-handle","status":"publish","type":"product","link":"https:\/\/avecobaggie.com\/fr\/produit\/natural-jute-tote-with-reinforced-handle\/","title":{"rendered":"Fourre-tout en jute naturel avec poign\u00e9e renforc\u00e9e"},"content":{"rendered":"<h2 class=\"wp-block-heading has-text-align-center\">Caract\u00e9ristiques du produit Fourre-tout en jute naturel avec poign\u00e9e renforc\u00e9e<\/h2>\n\n\n\n<p><strong>1. Poign\u00e9es uniques renforc\u00e9es :<\/strong><br>Le pr\u00e9sent <strong>sac fourre-tout en toile de jute<\/strong> comprend un <strong>un design unique<\/strong> avec <strong>poign\u00e9es en toile qui s'\u00e9tendent jusqu'\u00e0 la base<\/strong>, fournissant <strong>une durabilit\u00e9 accrue<\/strong> et un <strong>aspect distinctif<\/strong>.<\/p>\n\n\n\n<p><strong>2. Impression de logos personnalisables :<\/strong><br>Le <strong>poign\u00e9es en toile blanche<\/strong> sont <strong>pr\u00eat pour le marquage<\/strong>, offrant une <strong>espace de premier plan<\/strong> pour votre logo ou votre dessin, ce qui le rend id\u00e9al pour <strong>usage promotionnel ou de vente au d\u00e9tail<\/strong>.<\/p>\n\n\n\n<p><strong>3. Base et c\u00f4t\u00e9s structur\u00e9s :<\/strong><br>Avec un <strong>base et c\u00f4t\u00e9s structur\u00e9s<\/strong>Ce sac conserve sa forme, ce qui lui permet de s'adapter \u00e0 toutes les situations. <strong>emballage facile<\/strong> et <strong>utilisation durable<\/strong>.<\/p>\n\n\n\n<p><strong>4. Taille g\u00e9n\u00e9reuse :<\/strong><br>Mesure <strong>34x32x20cm<\/strong>Ce fourre-tout offre <strong>vaste espace<\/strong> pour :<\/p>\n\n\n\n<ul class=\"wp-block-list\">\n<li><strong>Faire les courses :<\/strong>\u00a0A\u00a0<strong>alternative r\u00e9utilisable et respectueuse de l'environnement<\/strong>\u00a0aux sacs en plastique.<\/li>\n\n\n\n<li><strong>Excursions \u00e0 la plage ou pique-nique :<\/strong>\u00a0Parfait pour le transport\u00a0<strong>des serviettes, des en-cas et des produits de premi\u00e8re n\u00e9cessit\u00e9<\/strong>.<\/li>\n\n\n\n<li><strong>La strat\u00e9gie de marque des d\u00e9taillants :<\/strong>\u00a0A\u00a0<strong>une solution d'emballage \u00e9l\u00e9gante<\/strong>\u00a0pour les entreprises qui souhaitent\u00a0<strong>am\u00e9liorer leur image de marque<\/strong>.<\/li>\n\n\n\n<li><strong>Cadeaux d'entreprise :<\/strong>\u00a0A\u00a0<strong>un cadeau pratique et durable<\/strong>\u00a0pour les clients ou les employ\u00e9s.<\/li>\n<\/ul>\n\n\n\n<p><strong>5. Mat\u00e9riau \u00e9cologique en jute :<\/strong><br>Fabriqu\u00e9 \u00e0 partir de <strong>jute naturel<\/strong>Ce sac est <strong>biod\u00e9gradable, r\u00e9utilisable et respectueux de l'environnement<\/strong>La Commission europ\u00e9enne a d\u00e9cid\u00e9 de mettre en place un syst\u00e8me de gestion de l'information, qui s'aligne sur la demande croissante en mati\u00e8re d'information. <strong>produits durables<\/strong>.<\/p>\n\n\n\n<p><strong>6. Durable et fonctionnel :<\/strong><br>Le <strong>poign\u00e9es renforc\u00e9es et construction robuste<\/strong> faire ce sac <strong>parfait pour les charges lourdes<\/strong>que vous transportiez des livres, des provisions ou du mat\u00e9riel promotionnel.<\/p>\n\n\n\n<p><strong>7. Des cas d'utilisation polyvalents :<\/strong><br>Au-del\u00e0 de son aspect pratique, ce fourre-tout est une <strong>un investissement polyvalent<\/strong> pour :<\/p>\n\n\n\n<ul class=\"wp-block-list\">\n<li><strong>March\u00e9s de producteurs :<\/strong>\u00a0Une option chic et spacieuse pour les produits frais ou les marchandises.<\/li>\n\n\n\n<li><strong>\u00c9v\u00e9nements et campagnes :<\/strong>\u00a0A\u00a0<strong>cadeau personnalisable<\/strong>\u00a0pour les salons professionnels ou les promotions.<\/li>\n\n\n\n<li><strong>Utilisation quotidienne :<\/strong>\u00a0A\u00a0<strong>un accessoire \u00e9l\u00e9gant et fonctionnel<\/strong>\u00a0pour le travail, l'\u00e9cole ou les voyages.<\/li>\n<\/ul>\n\n\n\n<hr class=\"wp-block-separator has-alpha-channel-opacity\"\/>\n\n\n\n<h4 class=\"wp-block-heading has-text-align-center\"><strong>Options de personnalisation :<\/strong><\/h4>\n\n\n\n<p>Bien que cette <strong>Sac fourre-tout en jute avec poign\u00e9es uniques<\/strong> est un choix exceptionnel, nous sommes sp\u00e9cialis\u00e9s dans les domaines suivants <strong>conceptions personnalis\u00e9es<\/strong> adapt\u00e9s aux besoins de votre marque. Qu'il s'agisse <strong>des couleurs ou des motifs diff\u00e9rents, ou une marque exclusive<\/strong>Nous pouvons cr\u00e9er un produit qui <strong>repr\u00e9sente parfaitement votre identit\u00e9<\/strong>.<\/p>\n\n\n\n<p><strong>Contactez-nous d\u00e8s aujourd'hui<\/strong> pour d\u00e9couvrir comment nous pouvons vous aider \u00e0 concevoir <strong>sacs fourre-tout \u00e9cologiques et de marque<\/strong> qui font progresser votre entreprise et trouvent un \u00e9cho aupr\u00e8s de vos clients.<\/p>\n\n\n\n<figure class=\"wp-block-image size-large\"><img fetchpriority=\"high\" width=\"1024\" height=\"816\" src=\"https:\/\/avecobaggie.com\/wp-content\/uploads\/2025\/03\/Handle-Style-1024x816.jpg\" alt=\"\" class=\"wp-image-8939\" srcset=\"https:\/\/avecobaggie.com\/wp-content\/uploads\/2025\/03\/Handle-Style-1024x816.jpg 1024w, https:\/\/avecobaggie.com\/wp-content\/uploads\/2025\/03\/Handle-Style-300x239.jpg 300w, https:\/\/avecobaggie.com\/wp-content\/uploads\/2025\/03\/Handle-Style-768x612.jpg 768w, https:\/\/avecobaggie.com\/wp-content\/uploads\/2025\/03\/Handle-Style-600x478.jpg 600w, https:\/\/avecobaggie.com\/wp-content\/uploads\/2025\/03\/Handle-Style.jpg 1444w\" sizes=\"(max-width: 1024px) 100vw, 1024px\" \/><\/figure>\n\n\n\n<figure class=\"wp-block-table\"><table><tbody><tr><td>Mat\u00e9riau<\/td><td>Jute, lin, faux-jute<\/td><\/tr><tr><td>Couleur<\/td><td>Choisissez parmi notre stock de tissus disponibles ou personnalisez-les en les teignant pour qu'ils correspondent \u00e0 des couleurs Pantone sp\u00e9cifiques.<\/td><\/tr><tr><td>\u00c9paisseur du tissu<\/td><td>200-450 g\/m\u00b2.<\/td><\/tr><tr><td>Impression<\/td><td>S\u00e9rigraphie, impression par transfert thermique, impression num\u00e9rique, gaufrage<\/td><\/tr><tr><td>Type de poign\u00e9e<\/td><td>Jute, lin, coton, cuir, sangle, bambou<\/td><\/tr><tr><td>Accessoires<\/td><td>Poche int\u00e9rieure, poche ext\u00e9rieure, fermeture \u00e0 glissi\u00e8re, bouton-pression, bouton magn\u00e9tique, velcro, cordon de serrage, soufflet inf\u00e9rieur, soufflet lat\u00e9ral, anneau en D, boucles, \u0153illet, s\u00e9parateurs, \u00e9tiquette, label.<\/td><\/tr><tr><td>Utilisation<\/td><td>Shopping, Cadeaux, Promotion, Emballage, Sacs de plage, Portage personnel quotidien<\/td><\/tr><tr><td rowspan=\"4\">Production d'\u00e9chantillons<\/td><td>D\u00e9lai de livraison : 3-7 jours.<\/td><\/tr><tr><td>Co\u00fbt : 30USD-80USD Varie en fonction des d\u00e9tails du produit.<\/td><\/tr><tr><td>Politique de remboursement : Enti\u00e8rement remboursable pour une commande de 1000 pi\u00e8ces ou plus.<\/td><\/tr><tr><td>Les \u00e9chantillons standard sont gratuits. Seuls les frais d'exp\u00e9dition sont \u00e0 votre charge.<\/td><\/tr><tr><td>Emballage<\/td><td>Sac PE + carton (personnalisable)<\/td><\/tr><tr><td>Production de masse<\/td><td>7-30 jours en fonction de la quantit\u00e9<\/td><\/tr><tr><td>Exp\u00e9dition<\/td><td>Par voie express (DHL, UPS, FedEx, TNT, EMS), par voie a\u00e9rienne, par voie maritime<\/td><\/tr><\/tbody><\/table><\/figure>","protected":false},"excerpt":{"rendered":"<p>Jute naturel | Design unique | Sangles d\u00e9coratives | Capacit\u00e9 15kg\u00a0<\/p>","protected":false},"featured_media":9069,"comment_status":"open","ping_status":"closed","template":"","meta":{"_seopress_robots_primary_cat":"none","_seopress_titles_title":"%%post_title%% %%sep%% Get Customized Now","_seopress_titles_desc":"Discover our Jute Tote Bag with Unique Handles\u2014customizable logo, eco-friendly, and durable. Perfect for retail, events, or daily use.Send a Request Now!","_seopress_robots_index":""},"product_brand":[],"product_cat":[187,29],"product_tag":[],"class_list":{"0":"post-9068","1":"product","2":"type-product","3":"status-publish","4":"has-post-thumbnail","6":"product_cat-custom-jute-bag","7":"product_cat-tote-bag","9":"first","10":"instock","11":"taxable","12":"shipping-taxable","13":"product-type-simple"},"_links":{"self":[{"href":"https:\/\/avecobaggie.com\/fr\/wp-json\/wp\/v2\/product\/9068","targetHints":{"allow":["GET"]}}],"collection":[{"href":"https:\/\/avecobaggie.com\/fr\/wp-json\/wp\/v2\/product"}],"about":[{"href":"https:\/\/avecobaggie.com\/fr\/wp-json\/wp\/v2\/types\/product"}],"replies":[{"embeddable":true,"href":"https:\/\/avecobaggie.com\/fr\/wp-json\/wp\/v2\/comments?post=9068"}],"wp:featuredmedia":[{"embeddable":true,"href":"https:\/\/avecobaggie.com\/fr\/wp-json\/wp\/v2\/media\/9069"}],"wp:attachment":[{"href":"https:\/\/avecobaggie.com\/fr\/wp-json\/wp\/v2\/media?parent=9068"}],"wp:term":[{"taxonomy":"product_brand","embeddable":true,"href":"https:\/\/avecobaggie.com\/fr\/wp-json\/wp\/v2\/product_brand?post=9068"},{"taxonomy":"product_cat","embeddable":true,"href":"https:\/\/avecobaggie.com\/fr\/wp-json\/wp\/v2\/product_cat?post=9068"},{"taxonomy":"product_tag","embeddable":true,"href":"https:\/\/avecobaggie.com\/fr\/wp-json\/wp\/v2\/product_tag?post=9068"}],"curies":[{"name":"wp","href":"https:\/\/api.w.org\/{rel}","templated":true}]}}