{"id":9135,"date":"2025-03-21T13:41:44","date_gmt":"2025-03-21T05:41:44","guid":{"rendered":"https:\/\/avecobaggie.com\/?post_type=product&#038;p=9135"},"modified":"2025-03-21T16:20:49","modified_gmt":"2025-03-21T08:20:49","slug":"lace-drawstring-burlap-favor-bag","status":"publish","type":"product","link":"https:\/\/avecobaggie.com\/fr\/produit\/lace-drawstring-burlap-favor-bag\/","title":{"rendered":"Pochette de faveur en toile de jute avec cordon de serrage en dentelle"},"content":{"rendered":"<h2 class=\"wp-block-heading has-text-align-center\">Caract\u00e9ristiques du produit pour le sac de faveur en toile de jute avec cordon de serrage en dentelle<\/h2>\n\n\n\n<p><strong>1. Design \u00e9l\u00e9gant en toile de jute et dentelle :<\/strong><br>Le pr\u00e9sent <strong>sac en toile de jute avec cordon de serrage et garniture en dentelle<\/strong> combine <strong>charme rustique et \u00e9l\u00e9gance d\u00e9licate<\/strong>, ce qui en fait <strong>parfait pour les mariages et les \u00e9v\u00e9nements sp\u00e9ciaux<\/strong>. Les <strong>toile de jute naturelle<\/strong> et <strong>d\u00e9tails en dentelle<\/strong> cr\u00e9er un <strong>esth\u00e9tique intemporelle<\/strong> qui compl\u00e8te <strong>diff\u00e9rents th\u00e8mes de mariage<\/strong>.<\/p>\n\n\n\n<p><strong>2. Parfait pour les cadeaux de mariage :<\/strong><br>Mesure <strong>10x15cm<\/strong>Ce sac est <strong>id\u00e9al pour tenir<\/strong>:<\/p>\n\n\n\n<ul class=\"wp-block-list\">\n<li><strong>Bonbons et sucreries :<\/strong>\u00a0A\u00a0<strong>chic et fonctionnel<\/strong>\u00a0pour distribuer des friandises aux invit\u00e9s.<\/li>\n\n\n\n<li><strong>Petits cadeaux :<\/strong>\u00a0Parfait pour\u00a0<strong>des articles de toilette de voyage, des mini-bougies ou des bijoux<\/strong>.<\/li>\n\n\n\n<li><strong>Des souvenirs \u00e9cologiques :<\/strong>\u00a0A\u00a0<strong>option r\u00e9utilisable et durable<\/strong>\u00a0pour les invit\u00e9s.<\/li>\n<\/ul>\n\n\n\n<p><strong>3. Personnalisable pour votre \u00e9v\u00e9nement :<\/strong><br>Le <strong>haut du sac<\/strong> est <strong>pr\u00eat \u00e0 imprimer<\/strong>, ce qui permet de <strong>personnalisation<\/strong> par exemple :<\/p>\n\n\n\n<ul class=\"wp-block-list\">\n<li><strong>D\u00e9tails du mariage :<\/strong>\u00a0Ajouter le nom du couple\u00a0<strong>noms, date du mariage ou monogramme<\/strong>.<\/li>\n\n\n\n<li><strong>L'image de marque d'un \u00e9v\u00e9nement :<\/strong>\u00a0Inclure\u00a0<strong>les logos ou slogans<\/strong>\u00a0pour les mariages organis\u00e9s par les entreprises.<\/li>\n\n\n\n<li><strong>Motifs culturels :<\/strong>\u00a0Incorporer des motifs culturels pour les \u00e9v\u00e9nements \u00e0 th\u00e8me.<\/li>\n<\/ul>\n\n\n\n<p><strong>4. Cr\u00e9ez un ensemble de cadeaux coordonn\u00e9s :<\/strong><br>Jumeler cette <strong>sac en toile de jute \u00e0 cordon<\/strong> avec notre <strong>sacs fourre-tout en jute<\/strong> pour cr\u00e9er un <strong>combinaison de faveurs de mariage de premi\u00e8re qualit\u00e9<\/strong>. Par exemple :<\/p>\n\n\n\n<ul class=\"wp-block-list\">\n<li><strong>Coffrets \u00e0 th\u00e8me :<\/strong>\u00a0Utiliser le\u00a0<strong>sac en toile de jute<\/strong>\u00a0pour les sucreries et le\u00a0<strong>fourre-tout en toile de jute<\/strong>\u00a0pour les dons plus importants, en cr\u00e9ant un\u00a0<strong>une exp\u00e9rience coh\u00e9rente et m\u00e9morable pour les clients<\/strong>.<\/li>\n\n\n\n<li><strong>Mariages \u00e0 destination :<\/strong>\u00a0Fournir le\u00a0<strong>sac en toile de jute<\/strong>\u00a0pour les friandises dans les chambres et le\u00a0<strong>fourre-tout en toile de jute<\/strong>\u00a0pour les articles de plage.<\/li>\n\n\n\n<li><strong>Les f\u00eates nuptiales :<\/strong>\u00a0Offrir un\u00a0<strong>mini sac en toile de jute<\/strong>\u00a0pour les petites faveurs et un\u00a0<strong>fourre-tout en toile de jute<\/strong>\u00a0pour le don principal.<\/li>\n<\/ul>\n\n\n\n<p><strong>5. Des cas d'utilisation polyvalents au-del\u00e0 des mariages :<\/strong><br>Le pr\u00e9sent <strong>sac en toile de jute chic<\/strong> est parfait pour :<\/p>\n\n\n\n<ul class=\"wp-block-list\">\n<li><strong>Les f\u00eates nuptiales :<\/strong>\u00a0A\u00a0<strong>sac de faveur \u00e9l\u00e9gant et fonctionnel<\/strong>\u00a0pour les invit\u00e9s.<\/li>\n\n\n\n<li><strong>Cadeaux pour b\u00e9b\u00e9s :<\/strong>\u00a0A\u00a0<strong>sac cadeau r\u00e9utilisable<\/strong>\u00a0pour les friandises ou les petits objets.<\/li>\n\n\n\n<li><strong>\u00c9v\u00e9nements d'entreprise :<\/strong>\u00a0A\u00a0<strong>cadeau de marque et \u00e9cologique<\/strong>\u00a0pour les clients ou les employ\u00e9s.<\/li>\n\n\n\n<li><strong>March\u00e9s des vacances :<\/strong>\u00a0A\u00a0<strong>solution d'emballage saisonnier<\/strong>\u00a0pour les petits travaux manuels ou les friandises.<\/li>\n<\/ul>\n\n\n\n<p><strong>6. \u00c9cologique et r\u00e9utilisable :<\/strong><br>Fabriqu\u00e9 \u00e0 partir de <strong>toile de jute naturelle<\/strong>Ce sac est <strong>biod\u00e9gradable, durable<\/strong>La Commission europ\u00e9enne a d\u00e9cid\u00e9 de mettre en place un syst\u00e8me de gestion de l'information, qui s'aligne sur la demande croissante en mati\u00e8re d'information. <strong>produits respectueux de l'environnement<\/strong>.<\/p>\n\n\n\n<p><strong>7. Attirer les organisateurs d'\u00e9v\u00e9nements et les d\u00e9taillants :<\/strong><br>Ce sac est un <strong>solution polyvalente<\/strong> pour :<\/p>\n\n\n\n<ul class=\"wp-block-list\">\n<li><strong>Organisateurs de mariage :<\/strong>\u00a0A\u00a0<strong>sac de faveur personnalisable et r\u00e9utilisable<\/strong>\u00a0qui am\u00e9liore l'exp\u00e9rience du client.<br>196*Coordonnateurs d'\u00e9v\u00e9nements:** A\u00a0<strong>option durable et chic<\/strong>\u00a0pour les mariages, les f\u00eates de fin d'ann\u00e9e ou les \u00e9v\u00e9nements d'entreprise.<\/li>\n\n\n\n<li><strong>D\u00e9taillants :<\/strong>\u00a0A\u00a0<strong>sachet de faveurs pr\u00eat \u00e0 vendre<\/strong>\u00a0pour les couples qui organisent des \u00e9v\u00e9nements DIY.<\/li>\n<\/ul>\n\n\n\n<p><\/p>\n\n\n\n<hr class=\"wp-block-separator has-alpha-channel-opacity\"\/>\n\n\n\n<h4 class=\"wp-block-heading has-text-align-center\"><strong>Options de personnalisation :<\/strong><\/h4>\n\n\n\n<p>Bien que cette <strong>Sac en toile de jute \u00e0 cordon de dentelle<\/strong> est un <strong>solution pr\u00eate \u00e0 l'emploi<\/strong>Nous sommes sp\u00e9cialis\u00e9s dans <strong>conceptions personnalis\u00e9es<\/strong> adapt\u00e9s \u00e0 vos besoins. Qu'il s'agisse <strong>l'ajout de th\u00e8mes d'\u00e9v\u00e9nements, l'ajustement des styles de dentelle ou la modification des tailles<\/strong>Nous pouvons cr\u00e9er des produits qui <strong>repr\u00e9senter parfaitement votre vision<\/strong>.<\/p>\n\n\n\n<p><strong>Contactez-nous d\u00e8s aujourd'hui<\/strong> pour d\u00e9couvrir comment nous pouvons vous aider \u00e0 concevoir <strong>sacs de faveur \u00e9cologiques et \u00e9l\u00e9gants<\/strong> qui rehaussent votre \u00e9v\u00e9nement et ravissent vos invit\u00e9s.<\/p>\n\n\n\n<figure class=\"wp-block-table\"><table><tbody><tr><td>Mat\u00e9riau<\/td><td>Jute, lin, faux-jute<\/td><\/tr><tr><td>Couleur<\/td><td>Choisissez parmi notre stock de tissus disponibles ou personnalisez-les en les teignant pour qu'ils correspondent \u00e0 des couleurs Pantone sp\u00e9cifiques.<\/td><\/tr><tr><td>\u00c9paisseur du tissu<\/td><td>200-450 g\/m\u00b2.<\/td><\/tr><tr><td>Impression<\/td><td>S\u00e9rigraphie, impression par transfert thermique, impression num\u00e9rique, gaufrage<\/td><\/tr><tr><td>Type de poign\u00e9e<\/td><td>Jute, lin, coton, cuir, sangle, bambou<\/td><\/tr><tr><td>Accessoires<\/td><td>Poche int\u00e9rieure, poche ext\u00e9rieure, fermeture \u00e0 glissi\u00e8re, bouton-pression, bouton magn\u00e9tique, velcro, cordon de serrage, soufflet inf\u00e9rieur, soufflet lat\u00e9ral, anneau en D, boucles, \u0153illet, s\u00e9parateurs, \u00e9tiquette, label.<\/td><\/tr><tr><td>Utilisation<\/td><td>Shopping, Cadeaux, Promotion, Emballage, Sacs de plage, Portage personnel quotidien<\/td><\/tr><tr><td rowspan=\"4\">Production d'\u00e9chantillons<\/td><td>D\u00e9lai de livraison : 3-7 jours.<\/td><\/tr><tr><td>Co\u00fbt : 30USD-80USD Varie en fonction des d\u00e9tails du produit.<\/td><\/tr><tr><td>Politique de remboursement : Enti\u00e8rement remboursable pour une commande de 1000 pi\u00e8ces ou plus.<\/td><\/tr><tr><td>Les \u00e9chantillons standard sont gratuits. Seuls les frais d'exp\u00e9dition sont \u00e0 votre charge.<\/td><\/tr><tr><td>Emballage<\/td><td>Sac PE + carton (personnalisable)<\/td><\/tr><tr><td>Production de masse<\/td><td>7-30 jours en fonction de la quantit\u00e9<\/td><\/tr><tr><td>Exp\u00e9dition<\/td><td>Par voie express (DHL, UPS, FedEx, TNT, EMS), par voie a\u00e9rienne, par voie maritime<\/td><\/tr><\/tbody><\/table><\/figure>\n\n\n\n<p><\/p>","protected":false},"excerpt":{"rendered":"<p>Toile de jute et dentelle | Favori de mariage | Fait \u00e0 la main | Utilisation polyvalente<\/p>","protected":false},"featured_media":9136,"comment_status":"open","ping_status":"closed","template":"","meta":{"_seopress_robots_primary_cat":"none","_seopress_titles_title":"%%post_title%% %%sep%% Get Customized Now","_seopress_titles_desc":"Lace Drawstring Burlap Bag\u2014customizable, eco-friendly, and chic. Perfect for weddings, showers, or corporate events.","_seopress_robots_index":""},"product_brand":[185],"product_cat":[187,92],"product_tag":[119],"class_list":{"0":"post-9135","1":"product","2":"type-product","3":"status-publish","4":"has-post-thumbnail","6":"product_brand-avecobaggie","7":"product_cat-custom-jute-bag","8":"product_cat-drawstring-bag","9":"product_tag-jute-bag","11":"first","12":"instock","13":"taxable","14":"shipping-taxable","15":"product-type-simple"},"_links":{"self":[{"href":"https:\/\/avecobaggie.com\/fr\/wp-json\/wp\/v2\/product\/9135","targetHints":{"allow":["GET"]}}],"collection":[{"href":"https:\/\/avecobaggie.com\/fr\/wp-json\/wp\/v2\/product"}],"about":[{"href":"https:\/\/avecobaggie.com\/fr\/wp-json\/wp\/v2\/types\/product"}],"replies":[{"embeddable":true,"href":"https:\/\/avecobaggie.com\/fr\/wp-json\/wp\/v2\/comments?post=9135"}],"wp:featuredmedia":[{"embeddable":true,"href":"https:\/\/avecobaggie.com\/fr\/wp-json\/wp\/v2\/media\/9136"}],"wp:attachment":[{"href":"https:\/\/avecobaggie.com\/fr\/wp-json\/wp\/v2\/media?parent=9135"}],"wp:term":[{"taxonomy":"product_brand","embeddable":true,"href":"https:\/\/avecobaggie.com\/fr\/wp-json\/wp\/v2\/product_brand?post=9135"},{"taxonomy":"product_cat","embeddable":true,"href":"https:\/\/avecobaggie.com\/fr\/wp-json\/wp\/v2\/product_cat?post=9135"},{"taxonomy":"product_tag","embeddable":true,"href":"https:\/\/avecobaggie.com\/fr\/wp-json\/wp\/v2\/product_tag?post=9135"}],"curies":[{"name":"wp","href":"https:\/\/api.w.org\/{rel}","templated":true}]}}