{"id":9219,"date":"2025-03-24T17:39:29","date_gmt":"2025-03-24T09:39:29","guid":{"rendered":"https:\/\/avecobaggie.com\/?post_type=product&#038;p=9219"},"modified":"2025-03-26T11:37:19","modified_gmt":"2025-03-26T03:37:19","slug":"insulated-tyvek-lunch-bag-with-thermal-lining","status":"publish","type":"product","link":"https:\/\/avecobaggie.com\/fr\/produit\/insulated-tyvek-lunch-bag-with-thermal-lining\/","title":{"rendered":"Sac \u00e0 lunch isol\u00e9 en Tyvek avec doublure thermique"},"content":{"rendered":"<h2 class=\"wp-block-heading has-text-align-center\">Caract\u00e9ristiques du produit Lunch Tote en Tyvek\u00ae isol\u00e9 avec doublure thermique et logo personnalis\u00e9<\/h2>\n\n\n\n<ol start=\"1\" class=\"wp-block-list\">\n<li><strong>Performance thermique de premier ordre<\/strong>\n<ul class=\"wp-block-list\">\n<li><strong>Doublure isol\u00e9e en coton perl\u00e9<\/strong>\u00a0avec une feuille d'aluminium maintient la temp\u00e9rature pendant\u00a0<strong>4+ heures<\/strong>\u00a0(0\u00b0C \u00e0 60\u00b0C), id\u00e9al pour les\u00a0<strong>les d\u00e9jeuners de bureau ou les livraisons de nourriture<\/strong>.<\/li>\n\n\n\n<li><strong>Ext\u00e9rieur imperm\u00e9able en Dupont\u2122 Tyvek\u00ae.<\/strong>&nbsp;- l\u00e9ger mais r\u00e9sistant aux d\u00e9chirures pour une utilisation quotidienne.<\/li>\n<\/ul>\n<\/li>\n\n\n\n<li><strong>Conception fonctionnelle et compacte<\/strong>\n<ul class=\"wp-block-list\">\n<li><strong>25x17x18cm<\/strong>&nbsp;- s'adapte&nbsp;<strong>2-3 r\u00e9cipients de repas standard<\/strong>&nbsp;ou des plats familiaux.<\/li>\n\n\n\n<li><strong>Poign\u00e9es brunes renforc\u00e9es<\/strong>&nbsp;- test\u00e9 pour&nbsp;<strong>Capacit\u00e9 de charge de 8 kg<\/strong>&nbsp;avec poign\u00e9e antid\u00e9rapante.<\/li>\n<\/ul>\n<\/li>\n\n\n\n<li><strong>D\u00e9tails esth\u00e9tiques sophistiqu\u00e9s<\/strong>\n<ul class=\"wp-block-list\">\n<li><strong>Fermeture \u00e0 glissi\u00e8re YKK marron<\/strong>&nbsp;avec&nbsp;<strong>tirettes en laiton antique<\/strong>&nbsp;- ajoute une \u00e9l\u00e9gance rustique pour une image de marque de qualit\u00e9.<\/li>\n\n\n\n<li><strong>Finition kraft neutre<\/strong>&nbsp;- s'inscrit dans une esth\u00e9tique minimaliste, organique ou luxueuse.<\/li>\n<\/ul>\n<\/li>\n\n\n\n<li><strong>Une image de marque \u00e0 fort impact<\/strong>\n<ul class=\"wp-block-list\">\n<li><strong>S\u00e9rigraphie du logo en une seule couleur<\/strong>&nbsp;- L'encre r\u00e9sistante aux UV garantit&nbsp;<strong>visibilit\u00e9 \u00e0 l'\u00e9preuve de la d\u00e9coloration<\/strong>.<\/li>\n\n\n\n<li><strong>MOQ 500pcs<\/strong>&nbsp;avec&nbsp;<strong>Production de 20 jours<\/strong>&nbsp;- modulable pour les cadeaux d'entreprise ou les campagnes saisonni\u00e8res.<\/li>\n<\/ul>\n<\/li>\n<\/ol>\n\n\n\n<p><\/p>\n\n\n\n<hr class=\"wp-block-separator has-alpha-channel-opacity\"\/>\n\n\n\n<h4 class=\"wp-block-heading has-text-align-center\"><strong><a href=\"https:\/\/avecobaggie.com\/fr\/custom-tyvek-bag-manufacturer\/\" data-type=\"page\" data-id=\"8777\"><\/a><strong><a href=\"https:\/\/avecobaggie.com\/fr\/custom-tyvek-bag-manufacturer\/\" data-type=\"page\" data-id=\"8777\"><strong><strong><strong><\/strong><\/strong><\/strong><\/a><strong><strong><strong><a href=\"https:\/\/avecobaggie.com\/fr\/custom-tyvek-bag-manufacturer\/\" data-type=\"page\" data-id=\"8777\"><strong><strong>Solutions sur mesure<\/strong><\/strong><\/a><\/strong><\/strong><\/strong><\/strong><\/strong><\/h4>\n\n\n\n<ul class=\"wp-block-list\">\n<li><strong>R\u00e9tention thermique prolong\u00e9e<\/strong>&nbsp;(6+ heures avec les doublures am\u00e9lior\u00e9es).<\/li>\n\n\n\n<li><strong>Logos assortis aux couleurs pantone<\/strong>&nbsp;ou&nbsp;<strong>marquage au fer rouge<\/strong>.<\/li>\n\n\n\n<li><strong>Dimensions sur mesure<\/strong>&nbsp;pour les bo\u00eetes \u00e0 bento ou les porte-boissons.<br><strong>Demande d'\u00e9chantillons gratuits<\/strong>&nbsp;- la qualit\u00e9 des tests et la performance thermique !<\/li>\n<\/ul>\n\n\n\n<figure class=\"wp-block-image size-large\"><img fetchpriority=\"high\" width=\"1024\" height=\"752\" src=\"https:\/\/avecobaggie.com\/wp-content\/uploads\/2025\/03\/Handling-process-selection-3-1024x752.jpg\" alt=\"Accessoires pour sac en tyvek\" class=\"wp-image-9131\" srcset=\"https:\/\/avecobaggie.com\/wp-content\/uploads\/2025\/03\/Handling-process-selection-3-1024x752.jpg 1024w, https:\/\/avecobaggie.com\/wp-content\/uploads\/2025\/03\/Handling-process-selection-3-300x220.jpg 300w, https:\/\/avecobaggie.com\/wp-content\/uploads\/2025\/03\/Handling-process-selection-3-768x564.jpg 768w, https:\/\/avecobaggie.com\/wp-content\/uploads\/2025\/03\/Handling-process-selection-3-600x441.jpg 600w, https:\/\/avecobaggie.com\/wp-content\/uploads\/2025\/03\/Handling-process-selection-3.jpg 1140w\" sizes=\"(max-width: 1024px) 100vw, 1024px\" \/><\/figure>\n\n\n\n<figure class=\"wp-block-image size-large\"><img width=\"929\" height=\"1024\" src=\"https:\/\/avecobaggie.com\/wp-content\/uploads\/2025\/03\/Handling-process-selection-4-929x1024.jpg\" alt=\"Option de poign\u00e9e pour la fabrication de sacs en tyvek\" class=\"wp-image-9132\" srcset=\"https:\/\/avecobaggie.com\/wp-content\/uploads\/2025\/03\/Handling-process-selection-4-929x1024.jpg 929w, https:\/\/avecobaggie.com\/wp-content\/uploads\/2025\/03\/Handling-process-selection-4-272x300.jpg 272w, https:\/\/avecobaggie.com\/wp-content\/uploads\/2025\/03\/Handling-process-selection-4-768x846.jpg 768w, https:\/\/avecobaggie.com\/wp-content\/uploads\/2025\/03\/Handling-process-selection-4-600x661.jpg 600w, https:\/\/avecobaggie.com\/wp-content\/uploads\/2025\/03\/Handling-process-selection-4.jpg 1140w\" sizes=\"(max-width: 929px) 100vw, 929px\" \/><\/figure>\n\n\n\n<figure class=\"wp-block-table\"><table><tbody><tr><td>Mat\u00e9riau<\/td><td>Papier DuPont Tyvek<\/td><\/tr><tr><td>Couleur<\/td><td>Choisissez parmi notre stock de tissus disponibles ou personnalisez-les en les teignant pour qu'ils correspondent \u00e0 des couleurs Pantone sp\u00e9cifiques.<\/td><\/tr><tr><td>\u00c9paisseur du tissu<\/td><td>35-105 g\/m\u00b2.<\/td><\/tr><tr><td>Taille<\/td><td>Personnalisable<\/td><\/tr><tr><td>Impression<\/td><td>Impression num\u00e9rique, s\u00e9rigraphie, impression par transfert thermique, flexographie<\/td><\/tr><tr><td>Type de poign\u00e9e<\/td><td>Tyvek, cuir, coton, nylon<\/td><\/tr><tr><td>Accessoires<\/td><td>Poche int\u00e9rieure, poche ext\u00e9rieure, fermeture \u00e0 glissi\u00e8re, bouton-pression, bouton magn\u00e9tique, velcro, cordon de serrage, soufflet inf\u00e9rieur, soufflet lat\u00e9ral, anneau en D, boucles, \u0153illet, s\u00e9parateurs, \u00e9tiquette, label.<\/td><\/tr><tr><td>Caract\u00e9ristiques<\/td><td>L\u00e9ger mais durable, r\u00e9sistant \u00e0 l'eau, r\u00e9sistant \u00e0 la d\u00e9chirure, respirant, \u00e9cologique et recyclable, texture et aspect uniques, facilement personnalisable.<\/td><\/tr><tr><td>Utilisation<\/td><td>Ev\u00e9nements promotionnels, Shopping, Voyages, Conf\u00e9rences, Expositions, Sorties \u00e0 la plage, Pique-niques, Usage quotidien<\/td><\/tr><tr><td>Qualit\u00e9<\/td><td>Mat\u00e9riaux de premi\u00e8re qualit\u00e9 et qualit\u00e9 de fabrication sup\u00e9rieure garantis<\/td><\/tr><tr><td>OEM\/ODM<\/td><td>Acceptable<\/td><\/tr><tr><td rowspan=\"4\">Production d'\u00e9chantillons<\/td><td>D\u00e9lai de livraison : 3-7 jours.<\/td><\/tr><tr><td>Co\u00fbt : 30USD-80USD Varie en fonction des d\u00e9tails du produit.<\/td><\/tr><tr><td>Politique de remboursement : Enti\u00e8rement remboursable pour une commande de 1000 pi\u00e8ces ou plus.<\/td><\/tr><tr><td>Les \u00e9chantillons standard sont gratuits. Seuls les frais d'exp\u00e9dition sont \u00e0 votre charge.<\/td><\/tr><tr><td>Emballage<\/td><td>Sac PE + carton (personnalisable)<\/td><\/tr><tr><td>Production de masse<\/td><td>7-30 jours en fonction de la quantit\u00e9<\/td><\/tr><tr><td>Exp\u00e9dition<\/td><td>Par voie express (DHL, UPS, FedEx, TNT, EMS), par voie a\u00e9rienne, par voie maritime<\/td><\/tr><\/tbody><\/table><\/figure>","protected":false},"excerpt":{"rendered":"<p>Kraft Tyvek | R\u00e9tention de la chaleur pendant 4 heures | Poign\u00e9es brunes<\/p>","protected":false},"featured_media":9220,"comment_status":"open","ping_status":"closed","template":"","meta":{"_seopress_robots_primary_cat":"none","_seopress_titles_title":"%%post_title%% %%sep%% Get Customized Now","_seopress_titles_desc":"Insulated Tyvek lunch tote \u2013 25x17x18cm, 4-hour heat retention, custom logo, bulk orders.","_seopress_robots_index":""},"product_brand":[185],"product_cat":[189,30,108],"product_tag":[136],"class_list":{"0":"post-9219","1":"product","2":"type-product","3":"status-publish","4":"has-post-thumbnail","6":"product_brand-avecobaggie","7":"product_cat-custom-tyvek-bag","8":"product_cat-cooler-bag","9":"product_cat-work-school","10":"product_tag-dupont-bag","12":"first","13":"instock","14":"taxable","15":"shipping-taxable","16":"product-type-simple"},"_links":{"self":[{"href":"https:\/\/avecobaggie.com\/fr\/wp-json\/wp\/v2\/product\/9219","targetHints":{"allow":["GET"]}}],"collection":[{"href":"https:\/\/avecobaggie.com\/fr\/wp-json\/wp\/v2\/product"}],"about":[{"href":"https:\/\/avecobaggie.com\/fr\/wp-json\/wp\/v2\/types\/product"}],"replies":[{"embeddable":true,"href":"https:\/\/avecobaggie.com\/fr\/wp-json\/wp\/v2\/comments?post=9219"}],"wp:featuredmedia":[{"embeddable":true,"href":"https:\/\/avecobaggie.com\/fr\/wp-json\/wp\/v2\/media\/9220"}],"wp:attachment":[{"href":"https:\/\/avecobaggie.com\/fr\/wp-json\/wp\/v2\/media?parent=9219"}],"wp:term":[{"taxonomy":"product_brand","embeddable":true,"href":"https:\/\/avecobaggie.com\/fr\/wp-json\/wp\/v2\/product_brand?post=9219"},{"taxonomy":"product_cat","embeddable":true,"href":"https:\/\/avecobaggie.com\/fr\/wp-json\/wp\/v2\/product_cat?post=9219"},{"taxonomy":"product_tag","embeddable":true,"href":"https:\/\/avecobaggie.com\/fr\/wp-json\/wp\/v2\/product_tag?post=9219"}],"curies":[{"name":"wp","href":"https:\/\/api.w.org\/{rel}","templated":true}]}}