{"id":9229,"date":"2025-03-25T09:37:14","date_gmt":"2025-03-25T01:37:14","guid":{"rendered":"https:\/\/avecobaggie.com\/?post_type=product&#038;p=9229"},"modified":"2025-03-26T14:10:43","modified_gmt":"2025-03-26T06:10:43","slug":"tyvek-men-backpack-with-magnetic-closure","status":"publish","type":"product","link":"https:\/\/avecobaggie.com\/fr\/produit\/tyvek-men-backpack-with-magnetic-closure\/","title":{"rendered":"Sac \u00e0 dos Tyvek pour hommes avec fermeture magn\u00e9tique"},"content":{"rendered":"<h2 class=\"wp-block-heading has-text-align-center\">Caract\u00e9ristiques du produit Tyvek\u00ae Sac \u00e0 dos pour homme avec fermeture magn\u00e9tique, bretelles d\u00e9tachables et accents en cuir<\/h2>\n\n\n\n<ol start=\"1\" class=\"wp-block-list\">\n<li><strong>Durabilit\u00e9 de niveau industriel<\/strong>\n<ul class=\"wp-block-list\">\n<li>Fabriqu\u00e9 \u00e0 partir de&nbsp;<strong>imperm\u00e9able et r\u00e9sistant \u00e0 la d\u00e9chirure Dupont\u2122 Tyvek\u00ae.<\/strong>&nbsp;-&nbsp;<strong>5 fois plus l\u00e9ger que la toile<\/strong>&nbsp;mais r\u00e9siste \u00e0 plus de deux ans d'utilisation quotidienne.<\/li>\n\n\n\n<li><strong>Poign\u00e9es renforc\u00e9es en nylon noir + sangles de sac \u00e0 dos r\u00e9glables<\/strong>&nbsp;- test\u00e9 pour&nbsp;<strong>Capacit\u00e9 de charge de 12 kg<\/strong>.<\/li>\n<\/ul>\n<\/li>\n\n\n\n<li><strong>Conception s\u00e9curis\u00e9e et fonctionnelle<\/strong>\n<ul class=\"wp-block-list\">\n<li><strong>Fermeture \u00e0 bouton-pression magn\u00e9tique<\/strong>\u00a0+\u00a0<strong>bande d'\u00e9tanch\u00e9it\u00e9 Tyvek\u00ae orange<\/strong>\u00a0- La bande peut \u00eatre imprim\u00e9e avec votre marque ou votre logo.<\/li>\n\n\n\n<li><strong>32x36x12cm int\u00e9rieur spacieux<\/strong>&nbsp;- convient aux ordinateurs portables de 15 pouces, aux dossiers A4 ou \u00e0 l'\u00e9quipement de sport.<\/li>\n<\/ul>\n<\/li>\n\n\n\n<li><strong>D\u00e9tails esth\u00e9tiques de premi\u00e8re qualit\u00e9<\/strong>\n<ul class=\"wp-block-list\">\n<li><strong>Coutures contrast\u00e9es<\/strong>\u00a0+\u00a0<strong>panneau d'accentuation en cuir<\/strong>\u00a0- \u00e9l\u00e8ve l'image de marque pour les\u00a0<strong>la vente au d\u00e9tail de produits de luxe ou les cadeaux d'entreprise<\/strong>.<\/li>\n\n\n\n<li><strong>Kraft Tyvek\u00ae ext\u00e9rieur<\/strong>&nbsp;- Le ton neutre convient aux marques minimalistes, urbaines ou soucieuses de l'environnement.<\/li>\n<\/ul>\n<\/li>\n\n\n\n<li><strong>Valeur centr\u00e9e sur le B2B<\/strong>\n<ul class=\"wp-block-list\">\n<li><strong>MOQ 500pcs<\/strong>&nbsp;avec&nbsp;<strong>Production de 20 jours<\/strong>&nbsp;- id\u00e9al pour les campagnes \u00e0 rotation rapide.<\/li>\n\n\n\n<li><strong>Exp\u00e9dition DDP<\/strong>&nbsp;vers plus de 30 pays - sans tracas douaniers ni frais cach\u00e9s.<\/li>\n\n\n\n<li><strong>Impressions assorties aux pantones<\/strong>\u00a0sur du Tyvek ou du cuir pour assurer la coh\u00e9rence de la marque.<\/li>\n<\/ul>\n<\/li>\n<\/ol>\n\n\n\n<p><\/p>\n\n\n\n<hr class=\"wp-block-separator has-alpha-channel-opacity\"\/>\n\n\n\n<h4 class=\"wp-block-heading has-text-align-center\"><strong><a href=\"https:\/\/avecobaggie.com\/fr\/custom-tyvek-bag-manufacturer\/\" data-type=\"page\" data-id=\"8777\"><\/a><strong><a href=\"https:\/\/avecobaggie.com\/fr\/custom-tyvek-bag-manufacturer\/\" data-type=\"page\" data-id=\"8777\"><\/a><strong><strong><strong><a href=\"https:\/\/avecobaggie.com\/fr\/custom-tyvek-bag-manufacturer\/\" data-type=\"page\" data-id=\"8777\"><strong><strong><strong><strong><strong><strong><strong><\/strong><\/strong><\/strong><\/strong><\/strong><\/strong><\/strong><\/a><strong><strong><strong><a href=\"https:\/\/avecobaggie.com\/fr\/custom-tyvek-bag-manufacturer\/\" data-type=\"page\" data-id=\"8777\"><strong><strong><strong>Flexibilit\u00e9 de la personnalisation<\/strong><\/strong><\/strong><\/a><\/strong><\/strong><\/strong><\/strong><\/strong><\/strong><\/strong><\/strong><\/h4>\n\n\n\n<ul class=\"wp-block-list\">\n<li><strong>Am\u00e9lioration de la sangle r\u00e9glable<\/strong>&nbsp;(rembourr\u00e9 ou r\u00e9fl\u00e9chissant pour la s\u00e9curit\u00e9).<\/li>\n\n\n\n<li><strong>Fermetures \u00e9clair \u00e9tanches<\/strong>&nbsp;ou&nbsp;<strong>poches int\u00e9rieures suppl\u00e9mentaires<\/strong>.<\/li>\n\n\n\n<li><strong>Options de papier biod\u00e9gradable et lavable<\/strong>\u00a0ou\u00a0<strong>sangles en nylon recycl\u00e9<\/strong>.<br><strong>Demande d'\u00e9chantillons rapides<\/strong>\u00a0- tester la durabilit\u00e9 et l'impact de la marque sans risque !<\/li>\n<\/ul>\n\n\n\n<p><\/p>\n\n\n\n<figure class=\"wp-block-image size-large\"><img fetchpriority=\"high\" width=\"1024\" height=\"752\" src=\"https:\/\/avecobaggie.com\/wp-content\/uploads\/2025\/03\/Handling-process-selection-3-1024x752.jpg\" alt=\"Accessoires pour sac en tyvek\" class=\"wp-image-9131\" srcset=\"https:\/\/avecobaggie.com\/wp-content\/uploads\/2025\/03\/Handling-process-selection-3-1024x752.jpg 1024w, https:\/\/avecobaggie.com\/wp-content\/uploads\/2025\/03\/Handling-process-selection-3-300x220.jpg 300w, https:\/\/avecobaggie.com\/wp-content\/uploads\/2025\/03\/Handling-process-selection-3-768x564.jpg 768w, https:\/\/avecobaggie.com\/wp-content\/uploads\/2025\/03\/Handling-process-selection-3-600x441.jpg 600w, https:\/\/avecobaggie.com\/wp-content\/uploads\/2025\/03\/Handling-process-selection-3.jpg 1140w\" sizes=\"(max-width: 1024px) 100vw, 1024px\" \/><\/figure>\n\n\n\n<figure class=\"wp-block-image size-large\"><img width=\"929\" height=\"1024\" src=\"https:\/\/avecobaggie.com\/wp-content\/uploads\/2025\/03\/Handling-process-selection-4-929x1024.jpg\" alt=\"Option de poign\u00e9e pour la fabrication de sacs en tyvek\" class=\"wp-image-9132\" srcset=\"https:\/\/avecobaggie.com\/wp-content\/uploads\/2025\/03\/Handling-process-selection-4-929x1024.jpg 929w, https:\/\/avecobaggie.com\/wp-content\/uploads\/2025\/03\/Handling-process-selection-4-272x300.jpg 272w, https:\/\/avecobaggie.com\/wp-content\/uploads\/2025\/03\/Handling-process-selection-4-768x846.jpg 768w, https:\/\/avecobaggie.com\/wp-content\/uploads\/2025\/03\/Handling-process-selection-4-600x661.jpg 600w, https:\/\/avecobaggie.com\/wp-content\/uploads\/2025\/03\/Handling-process-selection-4.jpg 1140w\" sizes=\"(max-width: 929px) 100vw, 929px\" \/><\/figure>\n\n\n\n<figure class=\"wp-block-table\"><table><tbody><tr><td>Mat\u00e9riau<\/td><td>Papier DuPont Tyvek<\/td><\/tr><tr><td>Couleur<\/td><td>Choisissez parmi notre stock de tissus disponibles ou personnalisez-les en les teignant pour qu'ils correspondent \u00e0 des couleurs Pantone sp\u00e9cifiques.<\/td><\/tr><tr><td>\u00c9paisseur du tissu<\/td><td>35-105 g\/m\u00b2.<\/td><\/tr><tr><td>Taille<\/td><td>Personnalisable<\/td><\/tr><tr><td>Impression<\/td><td>Impression num\u00e9rique, s\u00e9rigraphie, impression par transfert thermique, flexographie<\/td><\/tr><tr><td>Type de poign\u00e9e<\/td><td>Tyvek, cuir, coton, nylon<\/td><\/tr><tr><td>Accessoires<\/td><td>Poche int\u00e9rieure, poche ext\u00e9rieure, fermeture \u00e0 glissi\u00e8re, bouton-pression, bouton magn\u00e9tique, velcro, cordon de serrage, soufflet inf\u00e9rieur, soufflet lat\u00e9ral, anneau en D, boucles, \u0153illet, s\u00e9parateurs, \u00e9tiquette, label.<\/td><\/tr><tr><td>Caract\u00e9ristiques<\/td><td>L\u00e9ger mais durable, r\u00e9sistant \u00e0 l'eau, r\u00e9sistant \u00e0 la d\u00e9chirure, respirant, \u00e9cologique et recyclable, texture et aspect uniques, facilement personnalisable.<\/td><\/tr><tr><td>Utilisation<\/td><td>Ev\u00e9nements promotionnels, Shopping, Voyages, Conf\u00e9rences, Expositions, Sorties \u00e0 la plage, Pique-niques, Usage quotidien<\/td><\/tr><tr><td>Qualit\u00e9<\/td><td>Mat\u00e9riaux de premi\u00e8re qualit\u00e9 et qualit\u00e9 de fabrication sup\u00e9rieure garantis<\/td><\/tr><tr><td>OEM\/ODM<\/td><td>Acceptable<\/td><\/tr><tr><td rowspan=\"4\">Production d'\u00e9chantillons<\/td><td>D\u00e9lai de livraison : 3-7 jours.<\/td><\/tr><tr><td>Co\u00fbt : 30USD-80USD Varie en fonction des d\u00e9tails du produit.<\/td><\/tr><tr><td>Politique de remboursement : Enti\u00e8rement remboursable pour une commande de 1000 pi\u00e8ces ou plus.<\/td><\/tr><tr><td>Les \u00e9chantillons standard sont gratuits. Seuls les frais d'exp\u00e9dition sont \u00e0 votre charge.<\/td><\/tr><tr><td>Emballage<\/td><td>Sac PE + carton (personnalisable)<\/td><\/tr><tr><td>Production de masse<\/td><td>7-30 jours en fonction de la quantit\u00e9<\/td><\/tr><tr><td>Exp\u00e9dition<\/td><td>Par voie express (DHL, UPS, FedEx, TNT, EMS), par voie a\u00e9rienne, par voie maritime<\/td><\/tr><\/tbody><\/table><\/figure>","protected":false},"excerpt":{"rendered":"<p>Daily Chic | Spacieux | Sceau magn\u00e9tique | Bordure orange\u00a0<\/p>","protected":false},"featured_media":9287,"comment_status":"open","ping_status":"closed","template":"","meta":{"_seopress_robots_primary_cat":"none","_seopress_titles_title":"%%post_title%% %%sep%% Get Customized Now","_seopress_titles_desc":"Tyvek\u00ae backpack \u2013 32x36x12cm, magnetic closure, leather accent, bulk custom.","_seopress_robots_index":""},"product_brand":[185],"product_cat":[189,98,108,109],"product_tag":[136],"class_list":{"0":"post-9229","1":"product","2":"type-product","3":"status-publish","4":"has-post-thumbnail","6":"product_brand-avecobaggie","7":"product_cat-custom-tyvek-bag","8":"product_cat-backpack-bag","9":"product_cat-work-school","10":"product_cat-everyday","11":"product_tag-dupont-bag","13":"first","14":"instock","15":"taxable","16":"shipping-taxable","17":"product-type-simple"},"_links":{"self":[{"href":"https:\/\/avecobaggie.com\/fr\/wp-json\/wp\/v2\/product\/9229","targetHints":{"allow":["GET"]}}],"collection":[{"href":"https:\/\/avecobaggie.com\/fr\/wp-json\/wp\/v2\/product"}],"about":[{"href":"https:\/\/avecobaggie.com\/fr\/wp-json\/wp\/v2\/types\/product"}],"replies":[{"embeddable":true,"href":"https:\/\/avecobaggie.com\/fr\/wp-json\/wp\/v2\/comments?post=9229"}],"wp:featuredmedia":[{"embeddable":true,"href":"https:\/\/avecobaggie.com\/fr\/wp-json\/wp\/v2\/media\/9287"}],"wp:attachment":[{"href":"https:\/\/avecobaggie.com\/fr\/wp-json\/wp\/v2\/media?parent=9229"}],"wp:term":[{"taxonomy":"product_brand","embeddable":true,"href":"https:\/\/avecobaggie.com\/fr\/wp-json\/wp\/v2\/product_brand?post=9229"},{"taxonomy":"product_cat","embeddable":true,"href":"https:\/\/avecobaggie.com\/fr\/wp-json\/wp\/v2\/product_cat?post=9229"},{"taxonomy":"product_tag","embeddable":true,"href":"https:\/\/avecobaggie.com\/fr\/wp-json\/wp\/v2\/product_tag?post=9229"}],"curies":[{"name":"wp","href":"https:\/\/api.w.org\/{rel}","templated":true}]}}