{"id":9298,"date":"2025-03-26T16:03:02","date_gmt":"2025-03-26T08:03:02","guid":{"rendered":"https:\/\/avecobaggie.com\/?post_type=product&#038;p=9298"},"modified":"2025-04-03T17:05:43","modified_gmt":"2025-04-03T09:05:43","slug":"customize-tyvek-open-top-thermal-insulation-cooler-tote","status":"publish","type":"product","link":"https:\/\/avecobaggie.com\/fr\/produit\/customize-tyvek-open-top-thermal-insulation-cooler-tote\/","title":{"rendered":"Personnaliser le sac isotherme en Tyvek \u00e0 couvercle ouvert avec isolation thermique"},"content":{"rendered":"<h2 class=\"wp-block-heading has-text-align-center\">Caract\u00e9ristiques du produit<\/h2>\n\n\n\n<ol start=\"1\" class=\"wp-block-list\">\n<li><strong>Construction durable \u00e0 double couche<\/strong>\n<ul class=\"wp-block-list\">\n<li>Fabriqu\u00e9 \u00e0 partir de&nbsp;<strong>double couche Dupont\u2122 Tyvek\u00ae<\/strong>&nbsp;-&nbsp;<strong>r\u00e9sistant \u00e0 la d\u00e9chirure, imperm\u00e9able \u00e0 l'eau<\/strong>et 100% recyclable pour les marques soucieuses de l'environnement.<\/li>\n\n\n\n<li><strong>Coutures renforc\u00e9es<\/strong>&nbsp;aux points de tension assure&nbsp;<strong>3+ ans d'utilisation intensive<\/strong>&nbsp;dans le commerce de d\u00e9tail, les \u00e9v\u00e9nements ou les trajets quotidiens.<\/li>\n<\/ul>\n<\/li>\n\n\n\n<li><strong>Esth\u00e9tique minimaliste et \u00e9pur\u00e9e<\/strong>\n<ul class=\"wp-block-list\">\n<li><strong>Poign\u00e9es d\u00e9coup\u00e9es au laser<\/strong>&nbsp;- conception ergonomique avec&nbsp;<strong>pas de bords effiloch\u00e9s<\/strong>test\u00e9 pour&nbsp;<strong>Capacit\u00e9 de charge de 8 kg<\/strong>.<\/li>\n\n\n\n<li><strong>Logo blanc centr\u00e9<\/strong>&nbsp;- une image de marque \u00e0 la fois subtile et audacieuse pour&nbsp;<strong>les industries du luxe, de la technologie ou de l'art de vivre<\/strong>.<\/li>\n<\/ul>\n<\/li>\n\n\n\n<li><strong>Utilit\u00e9 spacieuse et fonctionnelle<\/strong>\n<ul class=\"wp-block-list\">\n<li><strong>35x35x8cm dimensions<\/strong>\u00a0- permet de conserver des aliments chauds ou froids lors d'un voyage ou d'un pique-nique<\/li>\n\n\n\n<li><strong>Conception \u00e0 toit ouvert<\/strong>&nbsp;- un acc\u00e8s rapide pour les professionnels occup\u00e9s ou les organisateurs d'\u00e9v\u00e9nements.<\/li>\n<\/ul>\n<\/li>\n\n\n\n<li><strong>Les avantages du B2B<\/strong>\n<ul class=\"wp-block-list\">\n<li><strong>MOQ 500pcs<\/strong>&nbsp;- le plus bas de l'industrie pour les campagnes en petits lots.<\/li>\n\n\n\n<li><strong>Production de 20 jours<\/strong>\u00a0+\u00a0<strong>flat-pack DDP shipping<\/strong>\u00a0.<\/li>\n\n\n\n<li><strong>\u00c9preuves num\u00e9riques gratuites<\/strong>&nbsp;- approuver la conception de votre logo dans les 12 heures.<\/li>\n<\/ul>\n<\/li>\n<\/ol>\n\n\n\n<hr class=\"wp-block-separator has-alpha-channel-opacity\"\/>\n\n\n\n<h4 class=\"wp-block-heading has-text-align-center\"><strong><a href=\"https:\/\/avecobaggie.com\/fr\/custom-tyvek-bag-manufacturer\/\" data-type=\"page\" data-id=\"8777\"><\/a><strong><a href=\"https:\/\/avecobaggie.com\/fr\/custom-tyvek-bag-manufacturer\/\" data-type=\"page\" data-id=\"8777\"><\/a><strong><strong><strong><a href=\"https:\/\/avecobaggie.com\/fr\/custom-tyvek-bag-manufacturer\/\" data-type=\"page\" data-id=\"8777\"><strong><strong><strong><strong><strong><strong><strong><\/strong><\/strong><\/strong><\/strong><\/strong><\/strong><\/strong><\/a><strong><strong><strong><a href=\"https:\/\/avecobaggie.com\/fr\/custom-tyvek-bag-manufacturer\/\" data-type=\"page\" data-id=\"8777\"><strong><strong><strong>Flexibilit\u00e9 de la personnalisation<\/strong><\/strong><\/strong><\/a><\/strong><\/strong><\/strong><\/strong><\/strong><\/strong><\/strong><\/strong><\/h4>\n\n\n\n<ul class=\"wp-block-list\">\n<li><strong>Impressions num\u00e9riques sur toute la surface<\/strong>&nbsp;pour une image de marque immersive.<\/li>\n\n\n\n<li><strong>Poign\u00e9es assorties aux couleurs du Pantone<\/strong>&nbsp;ou&nbsp;<strong>accents en cuir<\/strong>.<\/li>\n\n\n\n<li><strong>Fermeture \u00e0 glissi\u00e8re<\/strong>&nbsp;ou&nbsp;<strong>poches int\u00e9rieures<\/strong>&nbsp;pour plus de fonctionnalit\u00e9.<br><strong>Demande d'\u00e9chantillons<\/strong>&nbsp;- tester la durabilit\u00e9 et l'impact de la marque sans risque !<\/li>\n<\/ul>\n\n\n\n<figure class=\"wp-block-image size-large\"><img fetchpriority=\"high\" width=\"1024\" height=\"752\" src=\"https:\/\/avecobaggie.com\/wp-content\/uploads\/2025\/03\/Handling-process-selection-3-1024x752.jpg\" alt=\"Accessoires pour sac en tyvek\" class=\"wp-image-9131\" srcset=\"https:\/\/avecobaggie.com\/wp-content\/uploads\/2025\/03\/Handling-process-selection-3-1024x752.jpg 1024w, https:\/\/avecobaggie.com\/wp-content\/uploads\/2025\/03\/Handling-process-selection-3-300x220.jpg 300w, https:\/\/avecobaggie.com\/wp-content\/uploads\/2025\/03\/Handling-process-selection-3-768x564.jpg 768w, https:\/\/avecobaggie.com\/wp-content\/uploads\/2025\/03\/Handling-process-selection-3-600x441.jpg 600w, https:\/\/avecobaggie.com\/wp-content\/uploads\/2025\/03\/Handling-process-selection-3.jpg 1140w\" sizes=\"(max-width: 1024px) 100vw, 1024px\" \/><\/figure>\n\n\n\n<figure class=\"wp-block-image size-large\"><img width=\"929\" height=\"1024\" src=\"https:\/\/avecobaggie.com\/wp-content\/uploads\/2025\/03\/Handling-process-selection-4-929x1024.jpg\" alt=\"Option de poign\u00e9e pour la fabrication de sacs en tyvek\" class=\"wp-image-9132\" srcset=\"https:\/\/avecobaggie.com\/wp-content\/uploads\/2025\/03\/Handling-process-selection-4-929x1024.jpg 929w, https:\/\/avecobaggie.com\/wp-content\/uploads\/2025\/03\/Handling-process-selection-4-272x300.jpg 272w, https:\/\/avecobaggie.com\/wp-content\/uploads\/2025\/03\/Handling-process-selection-4-768x846.jpg 768w, https:\/\/avecobaggie.com\/wp-content\/uploads\/2025\/03\/Handling-process-selection-4-600x661.jpg 600w, https:\/\/avecobaggie.com\/wp-content\/uploads\/2025\/03\/Handling-process-selection-4.jpg 1140w\" sizes=\"(max-width: 929px) 100vw, 929px\" \/><\/figure>\n\n\n\n<figure class=\"wp-block-table\"><table><tbody><tr><td>Mat\u00e9riau<\/td><td>Papier DuPont Tyvek<\/td><\/tr><tr><td>Couleur<\/td><td>Choisissez parmi notre stock de tissus disponibles ou personnalisez-les en les teignant pour qu'ils correspondent \u00e0 des couleurs Pantone sp\u00e9cifiques.<\/td><\/tr><tr><td>\u00c9paisseur du tissu<\/td><td>35-105 g\/m\u00b2.<\/td><\/tr><tr><td>Taille<\/td><td>Personnalisable<\/td><\/tr><tr><td>Impression<\/td><td>Impression num\u00e9rique, s\u00e9rigraphie, impression par transfert thermique, flexographie<\/td><\/tr><tr><td>Type de poign\u00e9e<\/td><td>Tyvek, cuir, coton, nylon<\/td><\/tr><tr><td>Accessoires<\/td><td>Poche int\u00e9rieure, poche ext\u00e9rieure, fermeture \u00e0 glissi\u00e8re, bouton-pression, bouton magn\u00e9tique, velcro, cordon de serrage, soufflet inf\u00e9rieur, soufflet lat\u00e9ral, anneau en D, boucles, \u0153illet, s\u00e9parateurs, \u00e9tiquette, label.<\/td><\/tr><tr><td>Caract\u00e9ristiques<\/td><td>L\u00e9ger mais durable, r\u00e9sistant \u00e0 l'eau, r\u00e9sistant \u00e0 la d\u00e9chirure, respirant, \u00e9cologique et recyclable, texture et aspect uniques, facilement personnalisable.<\/td><\/tr><tr><td>Utilisation<\/td><td>Ev\u00e9nements promotionnels, Shopping, Voyages, Conf\u00e9rences, Expositions, Sorties \u00e0 la plage, Pique-niques, Usage quotidien<\/td><\/tr><tr><td>Qualit\u00e9<\/td><td>Mat\u00e9riaux de premi\u00e8re qualit\u00e9 et qualit\u00e9 de fabrication sup\u00e9rieure garantis<\/td><\/tr><tr><td>OEM\/ODM<\/td><td>Acceptable<\/td><\/tr><tr><td rowspan=\"4\">Production d'\u00e9chantillons<\/td><td>D\u00e9lai de livraison : 3-7 jours.<\/td><\/tr><tr><td>Co\u00fbt : 30USD-80USD Varie en fonction des d\u00e9tails du produit.<\/td><\/tr><tr><td>Politique de remboursement : Enti\u00e8rement remboursable pour une commande de 1000 pi\u00e8ces ou plus.<\/td><\/tr><tr><td>Les \u00e9chantillons standard sont gratuits. Seuls les frais d'exp\u00e9dition sont \u00e0 votre charge.<\/td><\/tr><tr><td>Emballage<\/td><td>Sac PE + carton (personnalisable)<\/td><\/tr><tr><td>Production de masse<\/td><td>7-30 jours en fonction de la quantit\u00e9<\/td><\/tr><tr><td>Exp\u00e9dition<\/td><td>Par voie express (DHL, UPS, FedEx, TNT, EMS), par voie a\u00e9rienne, par voie maritime<\/td><\/tr><\/tbody><\/table><\/figure>","protected":false},"excerpt":{"rendered":"<p>Tyvek double couche | Poign\u00e9es cr\u00e9atives | Design minimaliste\u00a0<\/p>","protected":false},"featured_media":9299,"comment_status":"open","ping_status":"closed","template":"","meta":{"_seopress_robots_primary_cat":"none","_seopress_titles_title":"Custom Tyvek Open-Top Thermal Insulation Cooler\u00a0Tote Avecobaggie","_seopress_titles_desc":"Tyvek Open-Top Thermal Insulation Cooler\u00a0Tote \u2013 35x35x8cm, double-layer, laser-cut handles, holds\u00a0hot or cold food when you are travelling or having a picnic.","_seopress_robots_index":""},"product_brand":[185],"product_cat":[189,30,109],"product_tag":[136],"class_list":{"0":"post-9298","1":"product","2":"type-product","3":"status-publish","4":"has-post-thumbnail","6":"product_brand-avecobaggie","7":"product_cat-custom-tyvek-bag","8":"product_cat-cooler-bag","9":"product_cat-everyday","10":"product_tag-dupont-bag","12":"first","13":"instock","14":"taxable","15":"shipping-taxable","16":"product-type-simple"},"_links":{"self":[{"href":"https:\/\/avecobaggie.com\/fr\/wp-json\/wp\/v2\/product\/9298","targetHints":{"allow":["GET"]}}],"collection":[{"href":"https:\/\/avecobaggie.com\/fr\/wp-json\/wp\/v2\/product"}],"about":[{"href":"https:\/\/avecobaggie.com\/fr\/wp-json\/wp\/v2\/types\/product"}],"replies":[{"embeddable":true,"href":"https:\/\/avecobaggie.com\/fr\/wp-json\/wp\/v2\/comments?post=9298"}],"wp:featuredmedia":[{"embeddable":true,"href":"https:\/\/avecobaggie.com\/fr\/wp-json\/wp\/v2\/media\/9299"}],"wp:attachment":[{"href":"https:\/\/avecobaggie.com\/fr\/wp-json\/wp\/v2\/media?parent=9298"}],"wp:term":[{"taxonomy":"product_brand","embeddable":true,"href":"https:\/\/avecobaggie.com\/fr\/wp-json\/wp\/v2\/product_brand?post=9298"},{"taxonomy":"product_cat","embeddable":true,"href":"https:\/\/avecobaggie.com\/fr\/wp-json\/wp\/v2\/product_cat?post=9298"},{"taxonomy":"product_tag","embeddable":true,"href":"https:\/\/avecobaggie.com\/fr\/wp-json\/wp\/v2\/product_tag?post=9298"}],"curies":[{"name":"wp","href":"https:\/\/api.w.org\/{rel}","templated":true}]}}