{"id":9303,"date":"2025-03-26T16:24:50","date_gmt":"2025-03-26T08:24:50","guid":{"rendered":"https:\/\/avecobaggie.com\/?post_type=product&#038;p=9303"},"modified":"2025-03-26T17:06:24","modified_gmt":"2025-03-26T09:06:24","slug":"tyvek-dupont-zip-wallet","status":"publish","type":"product","link":"https:\/\/avecobaggie.com\/fr\/produit\/tyvek-dupont-zip-wallet\/","title":{"rendered":"Portefeuille Tyvek Dupont \u00e0 fermeture \u00e9clair"},"content":{"rendered":"<h2 class=\"wp-block-heading has-text-align-center\">Caract\u00e9ristiques du produit Tyvek\u00ae Zip Wallet | Dual Compartments<\/h2>\n\n\n\n<ol start=\"1\" class=\"wp-block-list\">\n<li><strong>Design compact et organis\u00e9<\/strong>\n<ul class=\"wp-block-list\">\n<li><strong>13x10cm profil mince<\/strong>&nbsp;- convient aux cartes, \u00e0 l'argent liquide ou aux badges d'identification.&nbsp;<strong>cadeaux d'entreprise ou articles de voyage essentiels<\/strong>.<\/li>\n\n\n\n<li><strong>Deux compartiments int\u00e9rieurs<\/strong>&nbsp;- s\u00e9parer facilement les billets, les pi\u00e8ces de monnaie ou les cartes de fid\u00e9lit\u00e9.<\/li>\n<\/ul>\n<\/li>\n\n\n\n<li><strong>Mat\u00e9riau hybride durable<\/strong>\n<ul class=\"wp-block-list\">\n<li><strong>Kraft Tyvek\u00ae ext\u00e9rieur<\/strong>&nbsp;-&nbsp;<strong>imperm\u00e9able, r\u00e9sistant \u00e0 la d\u00e9chirure<\/strong>et 100% recyclable.<\/li>\n\n\n\n<li><strong>Doublure int\u00e9rieure en nylon<\/strong>&nbsp;- prot\u00e8ge le contenu des rayures tout en ajoutant une rigidit\u00e9 structurelle.<\/li>\n<\/ul>\n<\/li>\n\n\n\n<li><strong>Une image de marque subtile mais percutante<\/strong>\n<ul class=\"wp-block-list\">\n<li><strong>Logo imprim\u00e9 en une seule couleur sur les deux faces<\/strong>&nbsp;- l'\u00e9l\u00e9gance discr\u00e8te pour les&nbsp;<strong>les marques de luxe, les h\u00f4tels ou le mat\u00e9riel d'\u00e9v\u00e9nement<\/strong>.<\/li>\n\n\n\n<li><strong>Encre r\u00e9sistante aux UV<\/strong>&nbsp;- garantit que les logos restent nets au fil de l'usure quotidienne.<\/li>\n<\/ul>\n<\/li>\n\n\n\n<li><strong>Efficacit\u00e9 centr\u00e9e sur le B2B<\/strong>\n<ul class=\"wp-block-list\">\n<li><strong>MOQ 500pcs<\/strong>&nbsp;- minimum le plus bas pour les marques de boutique ou les \u00e9ditions limit\u00e9es.<\/li>\n\n\n\n<li><strong>Production en 15 jours<\/strong>\u00a0+\u00a0<strong>exp\u00e9dition d'emballages plats<\/strong>\u00a0- r\u00e9duit les co\u00fbts de transport de 40% par rapport \u00e0 un emballage rigide.<\/li>\n\n\n\n<li><strong>\u00c9preuve de conception gratuite<\/strong>&nbsp;- approuver votre logo dans les 6 heures.<\/li>\n<\/ul>\n<\/li>\n<\/ol>\n\n\n\n<hr class=\"wp-block-separator has-alpha-channel-opacity\"\/>\n\n\n\n<h4 class=\"wp-block-heading has-text-align-center\"><strong><a href=\"https:\/\/avecobaggie.com\/fr\/custom-tyvek-bag-manufacturer\/\" data-type=\"page\" data-id=\"8777\"><\/a><strong><a href=\"https:\/\/avecobaggie.com\/fr\/custom-tyvek-bag-manufacturer\/\" data-type=\"page\" data-id=\"8777\"><\/a><strong><strong><strong><a href=\"https:\/\/avecobaggie.com\/fr\/custom-tyvek-bag-manufacturer\/\" data-type=\"page\" data-id=\"8777\"><strong><strong><strong><strong><strong><strong><strong><\/strong><\/strong><\/strong><\/strong><\/strong><\/strong><\/strong><\/a><strong><strong><strong><a href=\"https:\/\/avecobaggie.com\/fr\/custom-tyvek-bag-manufacturer\/\" data-type=\"page\" data-id=\"8777\"><strong><strong><strong>Flexibilit\u00e9 de la personnalisation<\/strong><\/strong><\/strong><\/a><\/strong><\/strong><\/strong><\/strong><\/strong><\/strong><\/strong><\/strong><\/h4>\n\n\n\n<ul class=\"wp-block-list\">\n<li><strong>Couleurs Tyvek\u00ae assorties aux couleurs Pantone<\/strong>&nbsp;(par exemple, marine, charbon de bois).<\/li>\n\n\n\n<li><strong>diff\u00e9rentes couches<\/strong>\u00a0ou\u00a0<strong>fen\u00eatres d'identification transparentes<\/strong>.<\/li>\n\n\n\n<li><strong>Logos en relief<\/strong>&nbsp;ou&nbsp;<strong>am\u00e9lioration des fermetures \u00e0 glissi\u00e8re de premi\u00e8re qualit\u00e9<\/strong>.<br><strong>Demande d'\u00e9chantillons gratuits<\/strong>&nbsp;- tester les fonctionnalit\u00e9s avec votre \u00e9quipe !<\/li>\n<\/ul>\n\n\n\n<figure class=\"wp-block-image size-large\"><img fetchpriority=\"high\" width=\"1024\" height=\"752\" src=\"https:\/\/avecobaggie.com\/wp-content\/uploads\/2025\/03\/Handling-process-selection-3-1024x752.jpg\" alt=\"Accessoires pour sac en tyvek\" class=\"wp-image-9131\" srcset=\"https:\/\/avecobaggie.com\/wp-content\/uploads\/2025\/03\/Handling-process-selection-3-1024x752.jpg 1024w, https:\/\/avecobaggie.com\/wp-content\/uploads\/2025\/03\/Handling-process-selection-3-300x220.jpg 300w, https:\/\/avecobaggie.com\/wp-content\/uploads\/2025\/03\/Handling-process-selection-3-768x564.jpg 768w, https:\/\/avecobaggie.com\/wp-content\/uploads\/2025\/03\/Handling-process-selection-3-600x441.jpg 600w, https:\/\/avecobaggie.com\/wp-content\/uploads\/2025\/03\/Handling-process-selection-3.jpg 1140w\" sizes=\"(max-width: 1024px) 100vw, 1024px\" \/><\/figure>\n\n\n\n<figure class=\"wp-block-image size-large\"><img width=\"929\" height=\"1024\" src=\"https:\/\/avecobaggie.com\/wp-content\/uploads\/2025\/03\/Handling-process-selection-4-929x1024.jpg\" alt=\"Option de poign\u00e9e pour la fabrication de sacs en tyvek\" class=\"wp-image-9132\" srcset=\"https:\/\/avecobaggie.com\/wp-content\/uploads\/2025\/03\/Handling-process-selection-4-929x1024.jpg 929w, https:\/\/avecobaggie.com\/wp-content\/uploads\/2025\/03\/Handling-process-selection-4-272x300.jpg 272w, https:\/\/avecobaggie.com\/wp-content\/uploads\/2025\/03\/Handling-process-selection-4-768x846.jpg 768w, https:\/\/avecobaggie.com\/wp-content\/uploads\/2025\/03\/Handling-process-selection-4-600x661.jpg 600w, https:\/\/avecobaggie.com\/wp-content\/uploads\/2025\/03\/Handling-process-selection-4.jpg 1140w\" sizes=\"(max-width: 929px) 100vw, 929px\" \/><\/figure>\n\n\n\n<figure class=\"wp-block-table\"><table><tbody><tr><td>Mat\u00e9riau<\/td><td>Papier DuPont Tyvek<\/td><\/tr><tr><td>Couleur<\/td><td>Choisissez parmi notre stock de tissus disponibles ou personnalisez-les en les teignant pour qu'ils correspondent \u00e0 des couleurs Pantone sp\u00e9cifiques.<\/td><\/tr><tr><td>\u00c9paisseur du tissu<\/td><td>35-105 g\/m\u00b2.<\/td><\/tr><tr><td>Taille<\/td><td>Personnalisable<\/td><\/tr><tr><td>Impression<\/td><td>Impression num\u00e9rique, s\u00e9rigraphie, impression par transfert thermique, flexographie<\/td><\/tr><tr><td>Type de poign\u00e9e<\/td><td>Tyvek, cuir, coton, nylon<\/td><\/tr><tr><td>Accessoires<\/td><td>Poche int\u00e9rieure, poche ext\u00e9rieure, fermeture \u00e0 glissi\u00e8re, bouton-pression, bouton magn\u00e9tique, velcro, cordon de serrage, soufflet inf\u00e9rieur, soufflet lat\u00e9ral, anneau en D, boucles, \u0153illet, s\u00e9parateurs, \u00e9tiquette, label.<\/td><\/tr><tr><td>Caract\u00e9ristiques<\/td><td>L\u00e9ger mais durable, r\u00e9sistant \u00e0 l'eau, r\u00e9sistant \u00e0 la d\u00e9chirure, respirant, \u00e9cologique et recyclable, texture et aspect uniques, facilement personnalisable.<\/td><\/tr><tr><td>Utilisation<\/td><td>Ev\u00e9nements promotionnels, Shopping, Voyages, Conf\u00e9rences, Expositions, Sorties \u00e0 la plage, Pique-niques, Usage quotidien<\/td><\/tr><tr><td>Qualit\u00e9<\/td><td>Mat\u00e9riaux de premi\u00e8re qualit\u00e9 et qualit\u00e9 de fabrication sup\u00e9rieure garantis<\/td><\/tr><tr><td>OEM\/ODM<\/td><td>Acceptable<\/td><\/tr><tr><td rowspan=\"4\">Production d'\u00e9chantillons<\/td><td>D\u00e9lai de livraison : 3-7 jours.<\/td><\/tr><tr><td>Co\u00fbt : 30USD-80USD Varie en fonction des d\u00e9tails du produit.<\/td><\/tr><tr><td>Politique de remboursement : Enti\u00e8rement remboursable pour une commande de 1000 pi\u00e8ces ou plus.<\/td><\/tr><tr><td>Les \u00e9chantillons standard sont gratuits. Seuls les frais d'exp\u00e9dition sont \u00e0 votre charge.<\/td><\/tr><tr><td>Emballage<\/td><td>Sac PE + carton (personnalisable)<\/td><\/tr><tr><td>Production de masse<\/td><td>7-30 jours en fonction de la quantit\u00e9<\/td><\/tr><tr><td>Exp\u00e9dition<\/td><td>Par voie express (DHL, UPS, FedEx, TNT, EMS), par voie a\u00e9rienne, par voie maritime<\/td><\/tr><\/tbody><\/table><\/figure>","protected":false},"excerpt":{"rendered":"<p>Dupont Tyvek | Doublure en nylon | Impression recto-verso | Tirette de fermeture \u00e9clair<\/p>","protected":false},"featured_media":9305,"comment_status":"open","ping_status":"closed","template":"","meta":{"_seopress_robots_primary_cat":"none","_seopress_titles_title":"%%post_title%% %%sep%% Dual Compartments,Get Customized Now","_seopress_titles_desc":"Tyvek dupont zip wallet \u2013 13x10cm, dual compartments, custom logo, compact but with ideal space.eco friendly ,Get customized Now!","_seopress_robots_index":""},"product_brand":[185],"product_cat":[189,100,108,109],"product_tag":[136],"class_list":{"0":"post-9303","1":"product","2":"type-product","3":"status-publish","4":"has-post-thumbnail","6":"product_brand-avecobaggie","7":"product_cat-custom-tyvek-bag","8":"product_cat-other-creative-bag","9":"product_cat-work-school","10":"product_cat-everyday","11":"product_tag-dupont-bag","13":"first","14":"instock","15":"taxable","16":"shipping-taxable","17":"product-type-simple"},"_links":{"self":[{"href":"https:\/\/avecobaggie.com\/fr\/wp-json\/wp\/v2\/product\/9303","targetHints":{"allow":["GET"]}}],"collection":[{"href":"https:\/\/avecobaggie.com\/fr\/wp-json\/wp\/v2\/product"}],"about":[{"href":"https:\/\/avecobaggie.com\/fr\/wp-json\/wp\/v2\/types\/product"}],"replies":[{"embeddable":true,"href":"https:\/\/avecobaggie.com\/fr\/wp-json\/wp\/v2\/comments?post=9303"}],"wp:featuredmedia":[{"embeddable":true,"href":"https:\/\/avecobaggie.com\/fr\/wp-json\/wp\/v2\/media\/9305"}],"wp:attachment":[{"href":"https:\/\/avecobaggie.com\/fr\/wp-json\/wp\/v2\/media?parent=9303"}],"wp:term":[{"taxonomy":"product_brand","embeddable":true,"href":"https:\/\/avecobaggie.com\/fr\/wp-json\/wp\/v2\/product_brand?post=9303"},{"taxonomy":"product_cat","embeddable":true,"href":"https:\/\/avecobaggie.com\/fr\/wp-json\/wp\/v2\/product_cat?post=9303"},{"taxonomy":"product_tag","embeddable":true,"href":"https:\/\/avecobaggie.com\/fr\/wp-json\/wp\/v2\/product_tag?post=9303"}],"curies":[{"name":"wp","href":"https:\/\/api.w.org\/{rel}","templated":true}]}}