{"id":9331,"date":"2025-03-28T10:27:01","date_gmt":"2025-03-28T02:27:01","guid":{"rendered":"https:\/\/avecobaggie.com\/?post_type=product&#038;p=9331"},"modified":"2025-04-03T17:19:00","modified_gmt":"2025-04-03T09:19:00","slug":"tyvek-storage-pouch-with-curved-zipper","status":"publish","type":"product","link":"https:\/\/avecobaggie.com\/fr\/produit\/tyvek-storage-pouch-with-curved-zipper\/","title":{"rendered":"Pochette de rangement en Tyvek avec fermeture \u00e0 glissi\u00e8re incurv\u00e9e"},"content":{"rendered":"<h2 class=\"wp-block-heading has-text-align-center\">Caract\u00e9ristiques du produit <\/h2>\n\n\n\n<ol start=\"1\" class=\"wp-block-list\">\n<li><strong>Fermeture \u00e9clair incurv\u00e9e innovante<\/strong>\n<ul class=\"wp-block-list\">\n<li><strong>Grande fermeture \u00e0 glissi\u00e8re arqu\u00e9e \u00e0 double sens<\/strong>&nbsp;sur le front - unique&nbsp;<strong>Acc\u00e8s \u00e0 360<\/strong>&nbsp;pour faciliter l'emballage et le d\u00e9ballage des produits cosm\u00e9tiques, des services \u00e0 th\u00e9 ou des cadeaux d\u00e9licats.<\/li>\n\n\n\n<li><strong>Tirettes en Tyvek\u00ae renforc\u00e9<\/strong>&nbsp;- glisse en douceur, m\u00eame en cas d'utilisation fr\u00e9quente.<\/li>\n<\/ul>\n<\/li>\n\n\n\n<li><strong>Construction hybride durable<\/strong>\n<ul class=\"wp-block-list\">\n<li><strong>Couche ext\u00e9rieure<\/strong>:&nbsp;<strong>Imperm\u00e9able Dupont\u2122 Tyvek\u00ae<\/strong>&nbsp;- r\u00e9sistant aux rayures et 100% recyclable.<\/li>\n\n\n\n<li><strong>Couche int\u00e9rieure<\/strong>:&nbsp;<strong>Doublure en polyester souple<\/strong>&nbsp;- prot\u00e8ge les objets fragiles tels que les bouteilles en verre ou les c\u00e9ramiques.<\/li>\n<\/ul>\n<\/li>\n\n\n\n<li><strong>Utilit\u00e9 ergonomique et fonctionnelle<\/strong>\n<ul class=\"wp-block-list\">\n<li><strong>26x18x12cm taille compacte<\/strong>&nbsp;- convient aux carnets A5, aux sets de soins pour la peau ou aux paquets de th\u00e9 en vrac de 250 g.<\/li>\n\n\n\n<li><strong>Poign\u00e9e en Tyvek\u00ae int\u00e9gr\u00e9e<\/strong>&nbsp;- transport l\u00e9ger (450 g) pour les march\u00e9s, les voyages ou les pr\u00e9sentoirs de vente au d\u00e9tail.<\/li>\n<\/ul>\n<\/li>\n\n\n\n<li><strong>Marque et polyvalence B2B<\/strong>\n<ul class=\"wp-block-list\">\n<li><strong>Impression de logos sur l'ext\u00e9rieur du Tyvek<\/strong>&nbsp;- L'encre r\u00e9sistante aux UV garantit&nbsp;<strong>visibilit\u00e9 \u00e0 l'\u00e9preuve de la d\u00e9coloration<\/strong>.<\/li>\n\n\n\n<li>Id\u00e9al pour :\n<ul class=\"wp-block-list\">\n<li><strong>Marques de beaut\u00e9<\/strong>: Kits d'\u00e9chantillons ou emballages cadeaux VIP.<\/li>\n\n\n\n<li><strong>Magasins de th\u00e9<\/strong>: Sachets r\u00e9utilisables pour les m\u00e9langes de qualit\u00e9 sup\u00e9rieure.<\/li>\n\n\n\n<li><strong>Cadeaux d'entreprise<\/strong>: Impressions personnalis\u00e9es pour les kits de bien-\u00eatre des employ\u00e9s.<\/li>\n<\/ul>\n<\/li>\n<\/ul>\n<\/li>\n<\/ol>\n\n\n\n<hr class=\"wp-block-separator has-alpha-channel-opacity\"\/>\n\n\n\n<h4 class=\"wp-block-heading has-text-align-center\"><strong><a href=\"https:\/\/avecobaggie.com\/fr\/custom-tyvek-bag-manufacturer\/\" data-type=\"page\" data-id=\"8777\"><\/a><strong><a href=\"https:\/\/avecobaggie.com\/fr\/custom-tyvek-bag-manufacturer\/\" data-type=\"page\" data-id=\"8777\"><\/a><strong><strong><strong><a href=\"https:\/\/avecobaggie.com\/fr\/custom-tyvek-bag-manufacturer\/\" data-type=\"page\" data-id=\"8777\"><strong><strong><strong><strong><strong><strong><strong><\/strong><\/strong><\/strong><\/strong><\/strong><\/strong><\/strong><\/a><strong><strong><strong><a href=\"https:\/\/avecobaggie.com\/fr\/custom-tyvek-bag-manufacturer\/\" data-type=\"page\" data-id=\"8777\"><strong><strong><strong>Flexibilit\u00e9 de la personnalisation<\/strong><\/strong><\/strong><\/a><\/strong><\/strong><\/strong><\/strong><\/strong><\/strong><\/strong><\/strong><\/h4>\n\n\n\n<ul class=\"wp-block-list\">\n<li><strong>Couleurs Tyvek\u00ae assorties aux couleurs Pantone<\/strong>&nbsp;(par exemple, gris ardoise, vert olive).<\/li>\n\n\n\n<li><strong>Logos en relief<\/strong>&nbsp;ou&nbsp;<strong>accents m\u00e9talliques<\/strong>&nbsp;pour l'image de marque du luxe.<\/li>\n\n\n\n<li><strong>S\u00e9parations int\u00e9rieures r\u00e9glables<\/strong>\u00a0ou\u00a0<strong>am\u00e9lioration des fermetures \u00e0 glissi\u00e8re \u00e9tanches<\/strong>.<br><strong>Demande d'\u00e9chantillons personnalis\u00e9s<\/strong>\u00a0- testez la fonctionnalit\u00e9 de vos produits !<\/li>\n<\/ul>\n\n\n\n<figure class=\"wp-block-image size-large is-resized\"><img fetchpriority=\"high\" width=\"1024\" height=\"752\" src=\"https:\/\/avecobaggie.com\/wp-content\/uploads\/2025\/03\/Handling-process-selection-3-1024x752.jpg\" alt=\"Accessoires pour sac en tyvek\" class=\"wp-image-9131\" style=\"object-fit:cover;width:1140px;height:837px\" srcset=\"https:\/\/avecobaggie.com\/wp-content\/uploads\/2025\/03\/Handling-process-selection-3-1024x752.jpg 1024w, https:\/\/avecobaggie.com\/wp-content\/uploads\/2025\/03\/Handling-process-selection-3-300x220.jpg 300w, https:\/\/avecobaggie.com\/wp-content\/uploads\/2025\/03\/Handling-process-selection-3-768x564.jpg 768w, https:\/\/avecobaggie.com\/wp-content\/uploads\/2025\/03\/Handling-process-selection-3-600x441.jpg 600w, https:\/\/avecobaggie.com\/wp-content\/uploads\/2025\/03\/Handling-process-selection-3.jpg 1140w\" sizes=\"(max-width: 1024px) 100vw, 1024px\" \/><\/figure>\n\n\n\n<figure class=\"wp-block-image size-large is-resized\"><img width=\"929\" height=\"1024\" src=\"https:\/\/avecobaggie.com\/wp-content\/uploads\/2025\/03\/Handling-process-selection-4-929x1024.jpg\" alt=\"Option de poign\u00e9e pour la fabrication de sacs en tyvek\" class=\"wp-image-9132\" style=\"object-fit:cover;width:1140px;height:1256px\" srcset=\"https:\/\/avecobaggie.com\/wp-content\/uploads\/2025\/03\/Handling-process-selection-4-929x1024.jpg 929w, https:\/\/avecobaggie.com\/wp-content\/uploads\/2025\/03\/Handling-process-selection-4-272x300.jpg 272w, https:\/\/avecobaggie.com\/wp-content\/uploads\/2025\/03\/Handling-process-selection-4-768x846.jpg 768w, https:\/\/avecobaggie.com\/wp-content\/uploads\/2025\/03\/Handling-process-selection-4-600x661.jpg 600w, https:\/\/avecobaggie.com\/wp-content\/uploads\/2025\/03\/Handling-process-selection-4.jpg 1140w\" sizes=\"(max-width: 929px) 100vw, 929px\" \/><\/figure>\n\n\n\n<figure class=\"wp-block-table\"><table><tbody><tr><td>Mat\u00e9riau<\/td><td>Papier DuPont Tyvek<\/td><\/tr><tr><td>Couleur<\/td><td>Choisissez parmi notre stock de tissus disponibles ou personnalisez-les en les teignant pour qu'ils correspondent \u00e0 des couleurs Pantone sp\u00e9cifiques.<\/td><\/tr><tr><td>\u00c9paisseur du tissu<\/td><td>35-105 g\/m\u00b2.<\/td><\/tr><tr><td>Taille<\/td><td>Personnalisable<\/td><\/tr><tr><td>Impression<\/td><td>Impression num\u00e9rique, s\u00e9rigraphie, impression par transfert thermique, flexographie<\/td><\/tr><tr><td>Type de poign\u00e9e<\/td><td>Tyvek, cuir, coton, nylon<\/td><\/tr><tr><td>Accessoires<\/td><td>Poche int\u00e9rieure, poche ext\u00e9rieure, fermeture \u00e0 glissi\u00e8re, bouton-pression, bouton magn\u00e9tique, velcro, cordon de serrage, soufflet inf\u00e9rieur, soufflet lat\u00e9ral, anneau en D, boucles, \u0153illet, s\u00e9parateurs, \u00e9tiquette, label.<\/td><\/tr><tr><td>Caract\u00e9ristiques<\/td><td>L\u00e9ger mais durable, r\u00e9sistant \u00e0 l'eau, r\u00e9sistant \u00e0 la d\u00e9chirure, respirant, \u00e9cologique et recyclable, texture et aspect uniques, facilement personnalisable.<\/td><\/tr><tr><td>Utilisation<\/td><td>Ev\u00e9nements promotionnels, Shopping, Voyages, Conf\u00e9rences, Expositions, Sorties \u00e0 la plage, Pique-niques, Usage quotidien<\/td><\/tr><tr><td>Qualit\u00e9<\/td><td>Mat\u00e9riaux de premi\u00e8re qualit\u00e9 et qualit\u00e9 de fabrication sup\u00e9rieure garantis<\/td><\/tr><tr><td>OEM\/ODM<\/td><td>Acceptable<\/td><\/tr><tr><td rowspan=\"4\">Production d'\u00e9chantillons<\/td><td>D\u00e9lai de livraison : 3-7 jours.<\/td><\/tr><tr><td>Co\u00fbt : 30USD-80USD Varie en fonction des d\u00e9tails du produit.<\/td><\/tr><tr><td>Politique de remboursement : Enti\u00e8rement remboursable pour une commande de 1000 pi\u00e8ces ou plus.<\/td><\/tr><tr><td>Les \u00e9chantillons standard sont gratuits. Seuls les frais d'exp\u00e9dition sont \u00e0 votre charge.<\/td><\/tr><tr><td>Emballage<\/td><td>Sac PE + carton (personnalisable)<\/td><\/tr><tr><td>Production de masse<\/td><td>7-30 jours en fonction de la quantit\u00e9<\/td><\/tr><tr><td>Exp\u00e9dition<\/td><td>Par voie express (DHL, UPS, FedEx, TNT, EMS), par voie a\u00e9rienne, par voie maritime<\/td><\/tr><\/tbody><\/table><\/figure>","protected":false},"excerpt":{"rendered":"<p>Kraft Tyvek | Doublure en polyester | Fermeture \u00e0 glissi\u00e8re double | Multi-usage<\/p>","protected":false},"featured_media":9332,"comment_status":"open","ping_status":"closed","template":"","meta":{"_seopress_robots_primary_cat":"none","_seopress_titles_title":"%%post_title%% %%sep%% Get Customized Now","_seopress_titles_desc":"Tyvek\u00ae storage pouch \u2013 26x18x12cm, curved two-way zipper, multi-use, bulk custom.","_seopress_robots_index":""},"product_brand":[185],"product_cat":[189],"product_tag":[136],"class_list":{"0":"post-9331","1":"product","2":"type-product","3":"status-publish","4":"has-post-thumbnail","6":"product_brand-avecobaggie","7":"product_cat-custom-tyvek-bag","8":"product_tag-dupont-bag","10":"first","11":"instock","12":"taxable","13":"shipping-taxable","14":"product-type-simple"},"_links":{"self":[{"href":"https:\/\/avecobaggie.com\/fr\/wp-json\/wp\/v2\/product\/9331","targetHints":{"allow":["GET"]}}],"collection":[{"href":"https:\/\/avecobaggie.com\/fr\/wp-json\/wp\/v2\/product"}],"about":[{"href":"https:\/\/avecobaggie.com\/fr\/wp-json\/wp\/v2\/types\/product"}],"replies":[{"embeddable":true,"href":"https:\/\/avecobaggie.com\/fr\/wp-json\/wp\/v2\/comments?post=9331"}],"wp:featuredmedia":[{"embeddable":true,"href":"https:\/\/avecobaggie.com\/fr\/wp-json\/wp\/v2\/media\/9332"}],"wp:attachment":[{"href":"https:\/\/avecobaggie.com\/fr\/wp-json\/wp\/v2\/media?parent=9331"}],"wp:term":[{"taxonomy":"product_brand","embeddable":true,"href":"https:\/\/avecobaggie.com\/fr\/wp-json\/wp\/v2\/product_brand?post=9331"},{"taxonomy":"product_cat","embeddable":true,"href":"https:\/\/avecobaggie.com\/fr\/wp-json\/wp\/v2\/product_cat?post=9331"},{"taxonomy":"product_tag","embeddable":true,"href":"https:\/\/avecobaggie.com\/fr\/wp-json\/wp\/v2\/product_tag?post=9331"}],"curies":[{"name":"wp","href":"https:\/\/api.w.org\/{rel}","templated":true}]}}