{"id":9341,"date":"2025-03-28T13:38:03","date_gmt":"2025-03-28T05:38:03","guid":{"rendered":"https:\/\/avecobaggie.com\/?post_type=product&#038;p=9341"},"modified":"2025-04-03T11:00:10","modified_gmt":"2025-04-03T03:00:10","slug":"tyvek-small-coin-purse-pouch-change-bag","status":"publish","type":"product","link":"https:\/\/avecobaggie.com\/fr\/produit\/tyvek-small-coin-purse-pouch-change-bag\/","title":{"rendered":"Tyvek Small Coin Purse Pouch Change Bag"},"content":{"rendered":"<h2 class=\"wp-block-heading has-text-align-center\">Caract\u00e9ristiques du produit Petit sac \u00e0 monnaie moderne et minimaliste en Tyvek | Sac \u00e0 monnaie avec fermeture \u00e0 glissi\u00e8re en m\u00e9tal | Esth\u00e9tique<\/h2>\n\n\n\n<ol start=\"1\" class=\"wp-block-list\">\n<li><strong>Durabilit\u00e9 des hybrides de premi\u00e8re qualit\u00e9<\/strong>\n<ul class=\"wp-block-list\">\n<li><strong>Construction double couche<\/strong>:&nbsp;<strong>Ext\u00e9rieur en Tyvek\u00ae imperm\u00e9able<\/strong>&nbsp;+&nbsp;<strong>doublure en polyester souple<\/strong>&nbsp;- r\u00e9sistant aux rayures pour&nbsp;<strong>3+ ans d'utilisation quotidienne<\/strong>.<\/li>\n\n\n\n<li><strong>Fermeture \u00e0 glissi\u00e8re en m\u00e9tal robuste<\/strong>&nbsp;- glissement en douceur, m\u00eame en cas d'ouverture\/fermeture fr\u00e9quente.<\/li>\n<\/ul>\n<\/li>\n\n\n\n<li><strong>Un design \u00e9pur\u00e9 digne d'Instagram<\/strong>\n<ul class=\"wp-block-list\">\n<li><strong>Finition Tyvek\u00ae kraft mat<\/strong>&nbsp;- Les tons neutres s'harmonisent avec l'esth\u00e9tique minimaliste, boh\u00e8me ou urbaine.<\/li>\n\n\n\n<li><strong>Logo noir discret<\/strong>&nbsp;imprim\u00e9 dans le coin inf\u00e9rieur droit - un marquage subtil pour le&nbsp;<strong>boutiques de luxe ou collaborations d'influenceurs<\/strong>.<\/li>\n<\/ul>\n<\/li>\n\n\n\n<li><strong>Compact et fonctionnel<\/strong>\n<ul class=\"wp-block-list\">\n<li><strong>Capacit\u00e9 de 17x12x8cm<\/strong>&nbsp;- contient des pi\u00e8ces de monnaie, des cartes, des AirPods ou des bijoux sans \u00eatre encombrant.<\/li>\n\n\n\n<li><strong>L\u00e9ger<\/strong>&nbsp;(180 g) - se glisse facilement dans les sacs \u00e0 main, les poches ou les pochettes.<\/li>\n<\/ul>\n<\/li>\n\n\n\n<li><strong>Valeur<\/strong>\n<ul class=\"wp-block-list\">\n<li><strong>MOQ 500pcs<\/strong>&nbsp;- parfait pour les petites marques de mode ou les pop-up.<\/li>\n\n\n\n<li><strong>Production en 15 jours<\/strong>\u00a0+\u00a0<strong>flat-pack DDP shipping<\/strong>\u00a0- r\u00e9duit les co\u00fbts logistiques de 35%.<\/li>\n\n\n\n<li><strong>Maquettes num\u00e9riques gratuites<\/strong>&nbsp;- approuver le design de votre logo en 6 heures.<\/li>\n<\/ul>\n<\/li>\n<\/ol>\n\n\n\n<hr class=\"wp-block-separator has-alpha-channel-opacity\"\/>\n\n\n\n<h4 class=\"wp-block-heading has-text-align-center\"><strong><a href=\"https:\/\/avecobaggie.com\/fr\/custom-tyvek-bag-manufacturer\/\" data-type=\"page\" data-id=\"8777\"><\/a><strong><a href=\"https:\/\/avecobaggie.com\/fr\/custom-tyvek-bag-manufacturer\/\" data-type=\"page\" data-id=\"8777\"><\/a><strong><strong><strong><a href=\"https:\/\/avecobaggie.com\/fr\/custom-tyvek-bag-manufacturer\/\" data-type=\"page\" data-id=\"8777\"><strong><strong><strong><strong><strong><strong><strong><\/strong><\/strong><\/strong><\/strong><\/strong><\/strong><\/strong><\/a><strong><strong><strong><a href=\"https:\/\/avecobaggie.com\/fr\/custom-tyvek-bag-manufacturer\/\" data-type=\"page\" data-id=\"8777\"><strong><strong><strong>Flexibilit\u00e9 de la personnalisation<\/strong><\/strong><\/strong><\/a><\/strong><\/strong><\/strong><\/strong><\/strong><\/strong><\/strong><\/strong><\/h4>\n\n\n\n<ul class=\"wp-block-list\">\n<li><strong>Logos assortis aux couleurs pantone<\/strong>&nbsp;(feuille d'or, d'argent ou holographique).<\/li>\n\n\n\n<li><strong>Tirettes de fermeture \u00e9clair en cuir<\/strong>&nbsp;ou&nbsp;<strong>breloques en m\u00e9tal grav\u00e9<\/strong>.<\/li>\n\n\n\n<li><strong>Doublures parfum\u00e9es<\/strong>\u00a0(par exemple, vanille, c\u00e8dre) pour un marquage multisensoriel.<br><strong>Demande d'\u00e9chantillons<\/strong>\u00a0- testez comment il renforce l'attrait luxueux de votre marque !<\/li>\n<\/ul>\n\n\n\n<figure class=\"wp-block-image size-large is-resized\"><img fetchpriority=\"high\" width=\"1024\" height=\"752\" src=\"https:\/\/avecobaggie.com\/wp-content\/uploads\/2025\/03\/Handling-process-selection-3-1024x752.jpg\" alt=\"Accessoires pour sac en tyvek\" class=\"wp-image-9131\" style=\"object-fit:cover;width:1140px;height:837px\" srcset=\"https:\/\/avecobaggie.com\/wp-content\/uploads\/2025\/03\/Handling-process-selection-3-1024x752.jpg 1024w, https:\/\/avecobaggie.com\/wp-content\/uploads\/2025\/03\/Handling-process-selection-3-300x220.jpg 300w, https:\/\/avecobaggie.com\/wp-content\/uploads\/2025\/03\/Handling-process-selection-3-768x564.jpg 768w, https:\/\/avecobaggie.com\/wp-content\/uploads\/2025\/03\/Handling-process-selection-3-600x441.jpg 600w, https:\/\/avecobaggie.com\/wp-content\/uploads\/2025\/03\/Handling-process-selection-3.jpg 1140w\" sizes=\"(max-width: 1024px) 100vw, 1024px\" \/><\/figure>\n\n\n\n<figure class=\"wp-block-image size-large is-resized\"><img width=\"929\" height=\"1024\" src=\"https:\/\/avecobaggie.com\/wp-content\/uploads\/2025\/03\/Handling-process-selection-4-929x1024.jpg\" alt=\"Option de poign\u00e9e pour la fabrication de sacs en tyvek\" class=\"wp-image-9132\" style=\"object-fit:cover;width:1140px;height:1256px\" srcset=\"https:\/\/avecobaggie.com\/wp-content\/uploads\/2025\/03\/Handling-process-selection-4-929x1024.jpg 929w, https:\/\/avecobaggie.com\/wp-content\/uploads\/2025\/03\/Handling-process-selection-4-272x300.jpg 272w, https:\/\/avecobaggie.com\/wp-content\/uploads\/2025\/03\/Handling-process-selection-4-768x846.jpg 768w, https:\/\/avecobaggie.com\/wp-content\/uploads\/2025\/03\/Handling-process-selection-4-600x661.jpg 600w, https:\/\/avecobaggie.com\/wp-content\/uploads\/2025\/03\/Handling-process-selection-4.jpg 1140w\" sizes=\"(max-width: 929px) 100vw, 929px\" \/><\/figure>\n\n\n\n<figure class=\"wp-block-table\"><table><tbody><tr><td>Mat\u00e9riau<\/td><td>Papier DuPont Tyvek<\/td><\/tr><tr><td>Couleur<\/td><td>Choisissez parmi notre stock de tissus disponibles ou personnalisez-les en les teignant pour qu'ils correspondent \u00e0 des couleurs Pantone sp\u00e9cifiques.<\/td><\/tr><tr><td>\u00c9paisseur du tissu<\/td><td>35-105 g\/m\u00b2.<\/td><\/tr><tr><td>Taille<\/td><td>Personnalisable<\/td><\/tr><tr><td>Impression<\/td><td>Impression num\u00e9rique, s\u00e9rigraphie, impression par transfert thermique, flexographie<\/td><\/tr><tr><td>Type de poign\u00e9e<\/td><td>Tyvek, cuir, coton, nylon<\/td><\/tr><tr><td>Accessoires<\/td><td>Poche int\u00e9rieure, poche ext\u00e9rieure, fermeture \u00e0 glissi\u00e8re, bouton-pression, bouton magn\u00e9tique, velcro, cordon de serrage, soufflet inf\u00e9rieur, soufflet lat\u00e9ral, anneau en D, boucles, \u0153illet, s\u00e9parateurs, \u00e9tiquette, label.<\/td><\/tr><tr><td>Caract\u00e9ristiques<\/td><td>L\u00e9ger mais durable, r\u00e9sistant \u00e0 l'eau, r\u00e9sistant \u00e0 la d\u00e9chirure, respirant, \u00e9cologique et recyclable, texture et aspect uniques, facilement personnalisable.<\/td><\/tr><tr><td>Utilisation<\/td><td>Ev\u00e9nements promotionnels, Shopping, Voyages, Conf\u00e9rences, Expositions, Sorties \u00e0 la plage, Pique-niques, Usage quotidien<\/td><\/tr><tr><td>Qualit\u00e9<\/td><td>Mat\u00e9riaux de premi\u00e8re qualit\u00e9 et qualit\u00e9 de fabrication sup\u00e9rieure garantis<\/td><\/tr><tr><td>OEM\/ODM<\/td><td>Acceptable<\/td><\/tr><tr><td rowspan=\"4\">Production d'\u00e9chantillons<\/td><td>D\u00e9lai de livraison : 3-7 jours.<\/td><\/tr><tr><td>Co\u00fbt : 30USD-80USD Varie en fonction des d\u00e9tails du produit.<\/td><\/tr><tr><td>Politique de remboursement : Enti\u00e8rement remboursable pour une commande de 1000 pi\u00e8ces ou plus.<\/td><\/tr><tr><td>Les \u00e9chantillons standard sont gratuits. Seuls les frais d'exp\u00e9dition sont \u00e0 votre charge.<\/td><\/tr><tr><td>Emballage<\/td><td>Sac PE + carton (personnalisable)<\/td><\/tr><tr><td>Production de masse<\/td><td>7-30 jours en fonction de la quantit\u00e9<\/td><\/tr><tr><td>Exp\u00e9dition<\/td><td>Par voie express (DHL, UPS, FedEx, TNT, EMS), par voie a\u00e9rienne, par voie maritime<\/td><\/tr><\/tbody><\/table><\/figure>","protected":false},"excerpt":{"rendered":"<p>Mignon et compact | Doublure en polyester | Logo subtil\u00a0<\/p>","protected":false},"featured_media":9342,"comment_status":"open","ping_status":"closed","template":"","meta":{"_seopress_robots_primary_cat":"none","_seopress_titles_title":"%%post_title%% %%sep%% Get Customized Now","_seopress_titles_desc":"Tyvek mini coin purse \u2013 17x12x8cm, metal zipper, minimalist design, bulk orders.Cute design, Send and enquiry now!","_seopress_robots_index":""},"product_brand":[185],"product_cat":[189],"product_tag":[136],"class_list":{"0":"post-9341","1":"product","2":"type-product","3":"status-publish","4":"has-post-thumbnail","6":"product_brand-avecobaggie","7":"product_cat-custom-tyvek-bag","8":"product_tag-dupont-bag","10":"first","11":"instock","12":"taxable","13":"shipping-taxable","14":"product-type-simple"},"_links":{"self":[{"href":"https:\/\/avecobaggie.com\/fr\/wp-json\/wp\/v2\/product\/9341","targetHints":{"allow":["GET"]}}],"collection":[{"href":"https:\/\/avecobaggie.com\/fr\/wp-json\/wp\/v2\/product"}],"about":[{"href":"https:\/\/avecobaggie.com\/fr\/wp-json\/wp\/v2\/types\/product"}],"replies":[{"embeddable":true,"href":"https:\/\/avecobaggie.com\/fr\/wp-json\/wp\/v2\/comments?post=9341"}],"wp:featuredmedia":[{"embeddable":true,"href":"https:\/\/avecobaggie.com\/fr\/wp-json\/wp\/v2\/media\/9342"}],"wp:attachment":[{"href":"https:\/\/avecobaggie.com\/fr\/wp-json\/wp\/v2\/media?parent=9341"}],"wp:term":[{"taxonomy":"product_brand","embeddable":true,"href":"https:\/\/avecobaggie.com\/fr\/wp-json\/wp\/v2\/product_brand?post=9341"},{"taxonomy":"product_cat","embeddable":true,"href":"https:\/\/avecobaggie.com\/fr\/wp-json\/wp\/v2\/product_cat?post=9341"},{"taxonomy":"product_tag","embeddable":true,"href":"https:\/\/avecobaggie.com\/fr\/wp-json\/wp\/v2\/product_tag?post=9341"}],"curies":[{"name":"wp","href":"https:\/\/api.w.org\/{rel}","templated":true}]}}