{"id":9377,"date":"2025-03-28T17:44:03","date_gmt":"2025-03-28T09:44:03","guid":{"rendered":"https:\/\/avecobaggie.com\/?post_type=product&#038;p=9377"},"modified":"2025-04-03T11:56:31","modified_gmt":"2025-04-03T03:56:31","slug":"pastel-tyvek-convertible-backpack-tote-for-travel","status":"publish","type":"product","link":"https:\/\/avecobaggie.com\/fr\/produit\/pastel-tyvek-convertible-backpack-tote-for-travel\/","title":{"rendered":"Sac \u00e0 dos convertible en Tyvek pastel pour le voyage"},"content":{"rendered":"<h2 class=\"wp-block-heading has-text-align-center\">Caract\u00e9ristiques du produit Pastel Tyvek Convertible Backpack Tote for Travel | Durable Nylon Straps<\/h2>\n\n\n\n<ol start=\"1\" class=\"wp-block-list\">\n<li><strong>Esth\u00e9tique douce et construction robuste<\/strong>\n<ul class=\"wp-block-list\">\n<li><strong>Tyvek vison<\/strong>\u00a0avec\u00a0<strong>subtils accents gris<\/strong>\u00a0- soldes\u00a0<strong>des teintes adapt\u00e9es aux mill\u00e9naires<\/strong>\u00a0avec le minimalisme urbain.<\/li>\n\n\n\n<li><strong>Doublure en toile renforc\u00e9e<\/strong>&nbsp;- ne s'affaisse pas, m\u00eame avec des manuels scolaires ou des \u00e9quipements de travail lourds.<\/li>\n<\/ul>\n<\/li>\n\n\n\n<li><strong>Confort ergonomique pour une utilisation quotidienne<\/strong>\n<ul class=\"wp-block-list\">\n<li><strong>Bretelles en nylon rembourr\u00e9es<\/strong>&nbsp;- r\u00e9glable pour&nbsp;<strong>confort tout au long de la journ\u00e9e<\/strong>&nbsp;(test\u00e9 pour&nbsp;<strong>Capacit\u00e9 de charge de 12 kg<\/strong>).<\/li>\n\n\n\n<li><strong>33x37x12cm int\u00e9rieur spacieux<\/strong>&nbsp;- convient aux ordinateurs portables de 15 pouces, aux bo\u00eetes \u00e0 lunch, aux v\u00eatements de sport ou aux dossiers A4.<\/li>\n<\/ul>\n<\/li>\n\n\n\n<li><strong>Durabilit\u00e9 de niveau commercial<\/strong>\n<ul class=\"wp-block-list\">\n<li><strong>Points de tension doublement cousus<\/strong>&nbsp;- r\u00e9siste \u00e0 plus de 3 ans de trajets quotidiens ou de vie sur le campus.<\/li>\n\n\n\n<li><strong>Ext\u00e9rieur en Tyvek imperm\u00e9able<\/strong>\u00a0- prot\u00e8ge contre la pluie, les \u00e9claboussures de caf\u00e9 ou les chutes accidentelles.<\/li>\n<\/ul>\n<\/li>\n\n\n\n<li><strong>Valeur centr\u00e9e sur le B2B<\/strong>\n<ul class=\"wp-block-list\">\n<li><strong>MOQ 500pcs<\/strong>&nbsp;- id\u00e9al pour les \u00e9coles, les startups ou les programmes de bien-\u00eatre en entreprise.<\/li>\n\n\n\n<li><strong>Production en 25 jours<\/strong>\u00a0+\u00a0<strong>Exp\u00e9dition DDP<\/strong>\u00a0- r\u00e9duit les co\u00fbts logistiques gr\u00e2ce \u00e0 une conception en paquets plats.<\/li>\n\n\n\n<li><strong>\u00c9preuves num\u00e9riques gratuites<\/strong>&nbsp;- approuver les impressions\/couleurs personnalis\u00e9es dans les 24 heures.<\/li>\n<\/ul>\n<\/li>\n<\/ol>\n\n\n\n<hr class=\"wp-block-separator has-alpha-channel-opacity\"\/>\n\n\n\n<h4 class=\"wp-block-heading has-text-align-center\"><strong><a href=\"https:\/\/avecobaggie.com\/fr\/custom-tyvek-bag-manufacturer\/\" data-type=\"page\" data-id=\"8777\"><\/a><strong><a href=\"https:\/\/avecobaggie.com\/fr\/custom-tyvek-bag-manufacturer\/\" data-type=\"page\" data-id=\"8777\"><\/a><strong><strong><strong><a href=\"https:\/\/avecobaggie.com\/fr\/custom-tyvek-bag-manufacturer\/\" data-type=\"page\" data-id=\"8777\"><strong><strong><strong><strong><strong><strong><strong><\/strong><\/strong><\/strong><\/strong><\/strong><\/strong><\/strong><\/a><strong><strong><strong><a href=\"https:\/\/avecobaggie.com\/fr\/custom-tyvek-bag-manufacturer\/\" data-type=\"page\" data-id=\"8777\"><strong><strong><strong>Flexibilit\u00e9 de la personnalisation<\/strong><\/strong><\/strong><\/a><\/strong><\/strong><\/strong><\/strong><\/strong><\/strong><\/strong><\/strong><\/h4>\n\n\n\n<ul class=\"wp-block-list\">\n<li><strong>Combinaisons de couleurs Tyvek \u00e9clatantes<\/strong>\u00a0(par exemple, lavande\/cr\u00e8me, sauge\/blanc).<\/li>\n\n\n\n<li><strong>Am\u00e9lioration du bracelet en cuir<\/strong>&nbsp;ou&nbsp;<strong>Int\u00e9gration d'un code QR<\/strong>.<\/li>\n\n\n\n<li><strong>Compartiments suppl\u00e9mentaires<\/strong>\u00a0(pochettes pour vessies d'hydratation, poches cach\u00e9es).<\/li>\n\n\n\n<li>Con\u00e7u pour r\u00e9pondre aux besoins d'un sac multifonction ou d'un sac \u00e0 langer<br><strong>Demande d'\u00e9chantillons personnalis\u00e9s<\/strong>\u00a0- testez la fa\u00e7on dont il captive votre public cible !<\/li>\n<\/ul>\n\n\n\n<figure class=\"wp-block-image size-large is-resized\"><img fetchpriority=\"high\" width=\"1024\" height=\"752\" src=\"https:\/\/avecobaggie.com\/wp-content\/uploads\/2025\/03\/Handling-process-selection-3-1024x752.jpg\" alt=\"Accessoires pour sac en tyvek\" class=\"wp-image-9131\" style=\"object-fit:cover;width:1140px;height:837px\" srcset=\"https:\/\/avecobaggie.com\/wp-content\/uploads\/2025\/03\/Handling-process-selection-3-1024x752.jpg 1024w, https:\/\/avecobaggie.com\/wp-content\/uploads\/2025\/03\/Handling-process-selection-3-300x220.jpg 300w, https:\/\/avecobaggie.com\/wp-content\/uploads\/2025\/03\/Handling-process-selection-3-768x564.jpg 768w, https:\/\/avecobaggie.com\/wp-content\/uploads\/2025\/03\/Handling-process-selection-3-600x441.jpg 600w, https:\/\/avecobaggie.com\/wp-content\/uploads\/2025\/03\/Handling-process-selection-3.jpg 1140w\" sizes=\"(max-width: 1024px) 100vw, 1024px\" \/><\/figure>\n\n\n\n<figure class=\"wp-block-image size-large is-resized\"><img width=\"929\" height=\"1024\" src=\"https:\/\/avecobaggie.com\/wp-content\/uploads\/2025\/03\/Handling-process-selection-4-929x1024.jpg\" alt=\"Option de poign\u00e9e pour la fabrication de sacs en tyvek\" class=\"wp-image-9132\" style=\"object-fit:cover;width:1140px;height:1256px\" srcset=\"https:\/\/avecobaggie.com\/wp-content\/uploads\/2025\/03\/Handling-process-selection-4-929x1024.jpg 929w, https:\/\/avecobaggie.com\/wp-content\/uploads\/2025\/03\/Handling-process-selection-4-272x300.jpg 272w, https:\/\/avecobaggie.com\/wp-content\/uploads\/2025\/03\/Handling-process-selection-4-768x846.jpg 768w, https:\/\/avecobaggie.com\/wp-content\/uploads\/2025\/03\/Handling-process-selection-4-600x661.jpg 600w, https:\/\/avecobaggie.com\/wp-content\/uploads\/2025\/03\/Handling-process-selection-4.jpg 1140w\" sizes=\"(max-width: 929px) 100vw, 929px\" \/><\/figure>\n\n\n\n<figure class=\"wp-block-table\"><table><tbody><tr><td>Mat\u00e9riau<\/td><td>Papier DuPont Tyvek<\/td><\/tr><tr><td>Couleur<\/td><td>Choisissez parmi notre stock de tissus disponibles ou personnalisez-les en les teignant pour qu'ils correspondent \u00e0 des couleurs Pantone sp\u00e9cifiques.<\/td><\/tr><tr><td>\u00c9paisseur du tissu<\/td><td>35-105 g\/m\u00b2.<\/td><\/tr><tr><td>Taille<\/td><td>Personnalisable<\/td><\/tr><tr><td>Impression<\/td><td>Impression num\u00e9rique, s\u00e9rigraphie, impression par transfert thermique, flexographie<\/td><\/tr><tr><td>Type de poign\u00e9e<\/td><td>Tyvek, cuir, coton, nylon<\/td><\/tr><tr><td>Accessoires<\/td><td>Poche int\u00e9rieure, poche ext\u00e9rieure, fermeture \u00e0 glissi\u00e8re, bouton-pression, bouton magn\u00e9tique, velcro, cordon de serrage, soufflet inf\u00e9rieur, soufflet lat\u00e9ral, anneau en D, boucles, \u0153illet, s\u00e9parateurs, \u00e9tiquette, label.<\/td><\/tr><tr><td>Caract\u00e9ristiques<\/td><td>L\u00e9ger mais durable, r\u00e9sistant \u00e0 l'eau, r\u00e9sistant \u00e0 la d\u00e9chirure, respirant, \u00e9cologique et recyclable, texture et aspect uniques, facilement personnalisable.<\/td><\/tr><tr><td>Utilisation<\/td><td>Ev\u00e9nements promotionnels, Shopping, Voyages, Conf\u00e9rences, Expositions, Sorties \u00e0 la plage, Pique-niques, Usage quotidien<\/td><\/tr><tr><td>Qualit\u00e9<\/td><td>Mat\u00e9riaux de premi\u00e8re qualit\u00e9 et qualit\u00e9 de fabrication sup\u00e9rieure garantis<\/td><\/tr><tr><td>OEM\/ODM<\/td><td>Acceptable<\/td><\/tr><tr><td rowspan=\"4\">Production d'\u00e9chantillons<\/td><td>D\u00e9lai de livraison : 3-7 jours.<\/td><\/tr><tr><td>Co\u00fbt : 30USD-80USD Varie en fonction des d\u00e9tails du produit.<\/td><\/tr><tr><td>Politique de remboursement : Enti\u00e8rement remboursable pour une commande de 1000 pi\u00e8ces ou plus.<\/td><\/tr><tr><td>Les \u00e9chantillons standard sont gratuits. Seuls les frais d'exp\u00e9dition sont \u00e0 votre charge.<\/td><\/tr><tr><td>Emballage<\/td><td>Sac PE + carton (personnalisable)<\/td><\/tr><tr><td>Production de masse<\/td><td>7-30 jours en fonction de la quantit\u00e9<\/td><\/tr><tr><td>Exp\u00e9dition<\/td><td>Par voie express (DHL, UPS, FedEx, TNT, EMS), par voie a\u00e9rienne, par voie maritime<\/td><\/tr><\/tbody><\/table><\/figure>","protected":false},"excerpt":{"rendered":"<p>Vison\/Gris Tyvek| Doublure en toile | Convient aux voyages<\/p>","protected":false},"featured_media":9378,"comment_status":"open","ping_status":"closed","template":"","meta":{"_seopress_robots_primary_cat":"none","_seopress_titles_title":"Custom Pastel Tyvek Convertible Backpack Tote for Travel","_seopress_titles_desc":"Tyvek backpack tote \u2013 33x37x12cm, two-tone design, student or office use, or travel with a light bag,more compartments .Get customized Now","_seopress_robots_index":""},"product_brand":[185],"product_cat":[189,98],"product_tag":[136],"class_list":{"0":"post-9377","1":"product","2":"type-product","3":"status-publish","4":"has-post-thumbnail","6":"product_brand-avecobaggie","7":"product_cat-custom-tyvek-bag","8":"product_cat-backpack-bag","9":"product_tag-dupont-bag","11":"first","12":"instock","13":"taxable","14":"shipping-taxable","15":"product-type-simple"},"_links":{"self":[{"href":"https:\/\/avecobaggie.com\/fr\/wp-json\/wp\/v2\/product\/9377","targetHints":{"allow":["GET"]}}],"collection":[{"href":"https:\/\/avecobaggie.com\/fr\/wp-json\/wp\/v2\/product"}],"about":[{"href":"https:\/\/avecobaggie.com\/fr\/wp-json\/wp\/v2\/types\/product"}],"replies":[{"embeddable":true,"href":"https:\/\/avecobaggie.com\/fr\/wp-json\/wp\/v2\/comments?post=9377"}],"wp:featuredmedia":[{"embeddable":true,"href":"https:\/\/avecobaggie.com\/fr\/wp-json\/wp\/v2\/media\/9378"}],"wp:attachment":[{"href":"https:\/\/avecobaggie.com\/fr\/wp-json\/wp\/v2\/media?parent=9377"}],"wp:term":[{"taxonomy":"product_brand","embeddable":true,"href":"https:\/\/avecobaggie.com\/fr\/wp-json\/wp\/v2\/product_brand?post=9377"},{"taxonomy":"product_cat","embeddable":true,"href":"https:\/\/avecobaggie.com\/fr\/wp-json\/wp\/v2\/product_cat?post=9377"},{"taxonomy":"product_tag","embeddable":true,"href":"https:\/\/avecobaggie.com\/fr\/wp-json\/wp\/v2\/product_tag?post=9377"}],"curies":[{"name":"wp","href":"https:\/\/api.w.org\/{rel}","templated":true}]}}