{"id":9419,"date":"2025-03-31T17:22:44","date_gmt":"2025-03-31T09:22:44","guid":{"rendered":"https:\/\/avecobaggie.com\/?post_type=product&#038;p=9419"},"modified":"2025-04-03T13:43:21","modified_gmt":"2025-04-03T05:43:21","slug":"cute-green-tyvek-pencil-case-pouch-for-school","status":"publish","type":"product","link":"https:\/\/avecobaggie.com\/fr\/produit\/cute-green-tyvek-pencil-case-pouch-for-school\/","title":{"rendered":"Mignonne trousse en Tyvek vert pour l'\u00e9cole"},"content":{"rendered":"<figure class=\"wp-block-image\"><img src=\"https:\/\/avecobaggie.com\/wp-content\/uploads\/2025\/03\/Handling-process-selection-3-1024x752.jpg\" alt=\"Accessoires pour sac en tyvek\"\/><\/figure>\n\n\n\n<h2 class=\"wp-block-heading has-text-align-center\">Caract\u00e9ristiques du produit Cute Green Tyvek Pencil Case Pouch pour l'\u00e9cole <\/h2>\n\n\n\n<ol start=\"1\" class=\"wp-block-list\">\n<li><strong>Design ludique et durable<\/strong>\n<ul class=\"wp-block-list\">\n<li><strong>Adorables imprim\u00e9s Ins-style<\/strong>&nbsp;- des motifs fantaisistes (\u00e9toiles, nuages, gribouillis, etc.) pour&nbsp;<strong>Les \u00e9tudiants de la g\u00e9n\u00e9ration Z ou les marques de papeterie<\/strong>.<\/li>\n\n\n\n<li><strong>Ext\u00e9rieur en Tyvek\u00ae imperm\u00e9able<\/strong>&nbsp;- survit au chaos du sac \u00e0 dos, aux d\u00e9versements et \u00e0 l'usure quotidienne de la salle de classe.<\/li>\n<\/ul>\n<\/li>\n\n\n\n<li><strong>Stockage compact et fonctionnel<\/strong>\n<ul class=\"wp-block-list\">\n<li><strong>20x7x5,5cm profil mince<\/strong>&nbsp;- cale&nbsp;<strong>Plus de 10 stylos, surligneurs ou pinceaux de maquillage<\/strong>&nbsp;sans encombrement.<\/li>\n\n\n\n<li><strong>Fermeture \u00e9clair en m\u00e9tal lisse<\/strong>&nbsp;- glissement sans accroc pour un acc\u00e8s rapide pendant les cours ou les sessions d'\u00e9tude.<\/li>\n<\/ul>\n<\/li>\n\n\n\n<li><strong>Les avantages du B2B<\/strong>\n<ul class=\"wp-block-list\">\n<li><strong>MOQ 500pcs<\/strong>&nbsp;- seuil le plus bas pour les petites marques de papeterie ou les collectes de fonds dans les \u00e9coles.<\/li>\n\n\n\n<li><strong>Production en 7 jours<\/strong>&nbsp;+&nbsp;<strong>flat-pack DDP shipping<\/strong>&nbsp;- 40% logistique moins co\u00fbteuse que les bo\u00eetes rigides.<\/li>\n\n\n\n<li><strong>\u00c9preuves de conception gratuites<\/strong>&nbsp;- approuver l'\u0153uvre d'art en 6 heures (id\u00e9al pour les collections saisonni\u00e8res).<\/li>\n<\/ul>\n<\/li>\n\n\n\n<li><strong>Polyvalence commerciale<\/strong>\n<ul class=\"wp-block-list\">\n<li><strong>Kits de rentr\u00e9e scolaire<\/strong>: Associez-les \u00e0 des carnets ou \u00e0 des agendas pour cr\u00e9er des ensembles th\u00e9matiques.<\/li>\n\n\n\n<li><strong>Co-marquage<\/strong>: Collaborer avec des influenceurs pour des impressions en \u00e9dition limit\u00e9e.<\/li>\n\n\n\n<li><strong>Cadeaux d'entreprise<\/strong>: Ajouter des logos pour les packs de bienvenue des stagiaires ou les conf\u00e9rences.<\/li>\n<\/ul>\n<\/li>\n<\/ol>\n\n\n\n<p><\/p>\n\n\n\n<hr class=\"wp-block-separator has-alpha-channel-opacity\"\/>\n\n\n\n<h4 class=\"wp-block-heading has-text-align-center\"><strong><a href=\"https:\/\/avecobaggie.com\/fr\/custom-tyvek-bag-manufacturer\/\" data-type=\"page\" data-id=\"8777\"><\/a><strong><a href=\"https:\/\/avecobaggie.com\/fr\/custom-tyvek-bag-manufacturer\/\" data-type=\"page\" data-id=\"8777\"><\/a><strong><strong><strong><a href=\"https:\/\/avecobaggie.com\/fr\/custom-tyvek-bag-manufacturer\/\" data-type=\"page\" data-id=\"8777\"><strong><strong><strong><strong><strong><strong><strong><\/strong><\/strong><\/strong><\/strong><\/strong><\/strong><\/strong><\/a><strong><strong><strong><a href=\"https:\/\/avecobaggie.com\/fr\/custom-tyvek-bag-manufacturer\/\" data-type=\"page\" data-id=\"8777\"><strong><strong><strong>Flexibilit\u00e9 de la personnalisation<\/strong><\/strong><\/strong><\/a><\/strong><\/strong><\/strong><\/strong><\/strong><\/strong><\/strong><\/strong><\/h4>\n\n\n\n<ul class=\"wp-block-list\">\n<li><strong>Fermetures \u00e9clair phosphorescentes<\/strong>&nbsp;ou&nbsp;<strong>imprim\u00e9s Pantone pastel<\/strong>.<\/li>\n\n\n\n<li><strong>Pochettes assorties<\/strong>&nbsp;(par exemple, pour les calculatrices, les AirPods).<\/li>\n\n\n\n<li><strong>Noms en relief<\/strong>&nbsp;ou&nbsp;<strong>\u00c9tiquettes de code QR<\/strong>&nbsp;pour un marquage personnalis\u00e9.<br><strong>Demande d'\u00e9chantillons personnalis\u00e9s<\/strong>&nbsp;- testez le charme de sa salle de classe !<\/li>\n<\/ul>\n\n\n\n<figure class=\"wp-block-image size-large is-resized\"><img fetchpriority=\"high\" width=\"1024\" height=\"752\" src=\"https:\/\/avecobaggie.com\/wp-content\/uploads\/2025\/03\/Handling-process-selection-3-1024x752.jpg\" alt=\"Accessoires pour sac en tyvek\" class=\"wp-image-9131\" style=\"object-fit:cover;width:1140px;height:837px\" srcset=\"https:\/\/avecobaggie.com\/wp-content\/uploads\/2025\/03\/Handling-process-selection-3-1024x752.jpg 1024w, https:\/\/avecobaggie.com\/wp-content\/uploads\/2025\/03\/Handling-process-selection-3-300x220.jpg 300w, https:\/\/avecobaggie.com\/wp-content\/uploads\/2025\/03\/Handling-process-selection-3-768x564.jpg 768w, https:\/\/avecobaggie.com\/wp-content\/uploads\/2025\/03\/Handling-process-selection-3-600x441.jpg 600w, https:\/\/avecobaggie.com\/wp-content\/uploads\/2025\/03\/Handling-process-selection-3.jpg 1140w\" sizes=\"(max-width: 1024px) 100vw, 1024px\" \/><\/figure>\n\n\n\n<figure class=\"wp-block-image size-large is-resized\"><img width=\"929\" height=\"1024\" src=\"https:\/\/avecobaggie.com\/wp-content\/uploads\/2025\/03\/Handling-process-selection-4-929x1024.jpg\" alt=\"Option de poign\u00e9e pour la fabrication de sacs en tyvek\" class=\"wp-image-9132\" style=\"object-fit:cover;width:1140px;height:1256px\" srcset=\"https:\/\/avecobaggie.com\/wp-content\/uploads\/2025\/03\/Handling-process-selection-4-929x1024.jpg 929w, https:\/\/avecobaggie.com\/wp-content\/uploads\/2025\/03\/Handling-process-selection-4-272x300.jpg 272w, https:\/\/avecobaggie.com\/wp-content\/uploads\/2025\/03\/Handling-process-selection-4-768x846.jpg 768w, https:\/\/avecobaggie.com\/wp-content\/uploads\/2025\/03\/Handling-process-selection-4-600x661.jpg 600w, https:\/\/avecobaggie.com\/wp-content\/uploads\/2025\/03\/Handling-process-selection-4.jpg 1140w\" sizes=\"(max-width: 929px) 100vw, 929px\" \/><\/figure>\n\n\n\n<figure class=\"wp-block-table\"><table><tbody><tr><td>Mat\u00e9riau<\/td><td>Papier DuPont Tyvek<\/td><\/tr><tr><td>Couleur<\/td><td>Choisissez parmi notre stock de tissus disponibles ou personnalisez-les en les teignant pour qu'ils correspondent \u00e0 des couleurs Pantone sp\u00e9cifiques.<\/td><\/tr><tr><td>\u00c9paisseur du tissu<\/td><td>35-105 g\/m\u00b2.<\/td><\/tr><tr><td>Taille<\/td><td>Personnalisable<\/td><\/tr><tr><td>Impression<\/td><td>Impression num\u00e9rique, s\u00e9rigraphie, impression par transfert thermique, flexographie<\/td><\/tr><tr><td>Type de poign\u00e9e<\/td><td>Tyvek, cuir, coton, nylon<\/td><\/tr><tr><td>Accessoires<\/td><td>Poche int\u00e9rieure, poche ext\u00e9rieure, fermeture \u00e0 glissi\u00e8re, bouton-pression, bouton magn\u00e9tique, velcro, cordon de serrage, soufflet inf\u00e9rieur, soufflet lat\u00e9ral, anneau en D, boucles, \u0153illet, s\u00e9parateurs, \u00e9tiquette, label.<\/td><\/tr><tr><td>Caract\u00e9ristiques<\/td><td>L\u00e9ger mais durable, r\u00e9sistant \u00e0 l'eau, r\u00e9sistant \u00e0 la d\u00e9chirure, respirant, \u00e9cologique et recyclable, texture et aspect uniques, facilement personnalisable.<\/td><\/tr><tr><td>Utilisation<\/td><td>Ev\u00e9nements promotionnels, Shopping, Voyages, Conf\u00e9rences, Expositions, Sorties \u00e0 la plage, Pique-niques, Usage quotidien<\/td><\/tr><tr><td>Qualit\u00e9<\/td><td>Mat\u00e9riaux de premi\u00e8re qualit\u00e9 et qualit\u00e9 de fabrication sup\u00e9rieure garantis<\/td><\/tr><tr><td>OEM\/ODM<\/td><td>Acceptable<\/td><\/tr><tr><td rowspan=\"4\">Production d'\u00e9chantillons<\/td><td>D\u00e9lai de livraison : 3-7 jours.<\/td><\/tr><tr><td>Co\u00fbt : 30USD-80USD Varie en fonction des d\u00e9tails du produit.<\/td><\/tr><tr><td>Politique de remboursement : Enti\u00e8rement remboursable pour une commande de 1000 pi\u00e8ces ou plus.<\/td><\/tr><tr><td>Les \u00e9chantillons standard sont gratuits. Seuls les frais d'exp\u00e9dition sont \u00e0 votre charge.<\/td><\/tr><tr><td>Emballage<\/td><td>Sac PE + carton (personnalisable)<\/td><\/tr><tr><td>Production de masse<\/td><td>7-30 jours en fonction de la quantit\u00e9<\/td><\/tr><tr><td>Exp\u00e9dition<\/td><td>Par voie express (DHL, UPS, FedEx, TNT, EMS), par voie a\u00e9rienne, par voie maritime<\/td><\/tr><\/tbody><\/table><\/figure>","protected":false},"excerpt":{"rendered":"<p>Tyvek et fermeture \u00e9clair en m\u00e9tal | Student Essentials | Bulk Custom<\/p>","protected":false},"featured_media":9420,"comment_status":"open","ping_status":"closed","template":"","meta":{"_seopress_robots_primary_cat":"none","_seopress_titles_title":"Custom %%post_title%% %%sep%%","_seopress_titles_desc":"Tyvek pencil case pouch \u2013 20x7x5.5cm, cute prints, student stationery, with metal zipper ,custom friendly,Request a sample Now.","_seopress_robots_index":""},"product_brand":[185],"product_cat":[189],"product_tag":[136],"class_list":{"0":"post-9419","1":"product","2":"type-product","3":"status-publish","4":"has-post-thumbnail","6":"product_brand-avecobaggie","7":"product_cat-custom-tyvek-bag","8":"product_tag-dupont-bag","10":"first","11":"instock","12":"taxable","13":"shipping-taxable","14":"product-type-simple"},"_links":{"self":[{"href":"https:\/\/avecobaggie.com\/fr\/wp-json\/wp\/v2\/product\/9419","targetHints":{"allow":["GET"]}}],"collection":[{"href":"https:\/\/avecobaggie.com\/fr\/wp-json\/wp\/v2\/product"}],"about":[{"href":"https:\/\/avecobaggie.com\/fr\/wp-json\/wp\/v2\/types\/product"}],"replies":[{"embeddable":true,"href":"https:\/\/avecobaggie.com\/fr\/wp-json\/wp\/v2\/comments?post=9419"}],"wp:featuredmedia":[{"embeddable":true,"href":"https:\/\/avecobaggie.com\/fr\/wp-json\/wp\/v2\/media\/9420"}],"wp:attachment":[{"href":"https:\/\/avecobaggie.com\/fr\/wp-json\/wp\/v2\/media?parent=9419"}],"wp:term":[{"taxonomy":"product_brand","embeddable":true,"href":"https:\/\/avecobaggie.com\/fr\/wp-json\/wp\/v2\/product_brand?post=9419"},{"taxonomy":"product_cat","embeddable":true,"href":"https:\/\/avecobaggie.com\/fr\/wp-json\/wp\/v2\/product_cat?post=9419"},{"taxonomy":"product_tag","embeddable":true,"href":"https:\/\/avecobaggie.com\/fr\/wp-json\/wp\/v2\/product_tag?post=9419"}],"curies":[{"name":"wp","href":"https:\/\/api.w.org\/{rel}","templated":true}]}}