{"id":9647,"date":"2025-04-14T11:05:21","date_gmt":"2025-04-14T03:05:21","guid":{"rendered":"https:\/\/avecobaggie.com\/?post_type=product&#038;p=9647"},"modified":"2025-04-23T21:24:06","modified_gmt":"2025-04-23T13:24:06","slug":"drawstring-non-woven-goodie-pouches-wholesale","status":"publish","type":"product","link":"https:\/\/avecobaggie.com\/fr\/produit\/drawstring-non-woven-goodie-pouches-wholesale\/","title":{"rendered":"Pochettes non tiss\u00e9es \u00e0 cordon de serrage pour goodies Wholesale"},"content":{"rendered":"<h2 class=\"wp-block-heading has-text-align-center\">Caract\u00e9ristiques du produit<\/h2>\n\n\n\n<p><strong>Technologie d'\u00e9tanch\u00e9it\u00e9 de pr\u00e9cision<\/strong><br> \u00a0<strong>Bords d\u00e9coup\u00e9s au laser<\/strong>\u00a0- Les coutures thermocompress\u00e9es de 0,3 mm \u00e9vitent l'effilochage et ont une dur\u00e9e de vie deux fois sup\u00e9rieure \u00e0 celle des coutures.<br> \u00a0<strong>Cordons en nylon assortis<\/strong>\u00a0- 3mm d'\u00e9paisseur, couleur coordonn\u00e9e \u00e0 la pochette.<\/p>\n\n\n\n<p><strong>Utilit\u00e9 multi-\u00e9chelle<\/strong><br> &nbsp;<strong>8 Tailles strat\u00e9giques<\/strong>:<br>- Mini (10x19cm) : Bijoux\/oreilles<br>- Compact (15x20cm) : Maquillage\/produits de toilette de voyage<br>- Grand (30x40cm) : Baskets\/jouets pour tout-petits<br>- Jumbo (35x45cm) : Couvertures\/papeterie en vrac<\/p>\n\n\n\n<p><strong>Le pouvoir de la marque<\/strong><br> \u00a0<strong>Impression sur toute la surface<\/strong>\u00a0- Graphiques CMYK bord \u00e0 bord.<br> \u00a0<strong>10 couleurs standard<\/strong>\u00a0- Du rose n\u00e9on au bleu marine, assortiment Pantone disponible.<\/p>\n\n\n\n<p><strong>Solutions sp\u00e9cifiques \u00e0 l'industrie<\/strong><br> &nbsp;<strong>Marques de beaut\u00e9<\/strong>: 12x15cm avec doublure en velours pour les \u00e9chantillons de qualit\u00e9 sup\u00e9rieure.<br> &nbsp;<strong>D\u00e9taillants de chaussures<\/strong>Le plateau est de 25x35 cm et sa base est renforc\u00e9e pour le rangement des chaussures.<br> &nbsp;<strong>Bo\u00eetes d'abonnement<\/strong>Les \u00e9tiquettes de 20x27 cm sont munies d'un code QR \u00e0 d\u00e9tacher pour faciliter l'ouverture de la bo\u00eete.<\/p>\n\n\n\n<p><strong>Avantages des commandes group\u00e9es<\/strong><br> \u00a0<strong>MOQ 2000pcs<\/strong>\u00a0- M\u00e9langez les tailles\/couleurs (par exemple, 500 pi\u00e8ces x 4 variantes).<br> \u00a0<strong>Production en 10 jours<\/strong>\u00a0- Acc\u00e9l\u00e9ration des lancements de produits et des campagnes saisonni\u00e8res.<br> \u00a0<strong>DDP Global Shipping<\/strong>\u00a0- Livraison \u00e0 domicile avec d\u00e9douanement pr\u00e9alable.<br> \u00a0<strong>\u00c9chantillons de couleurs gratuits<\/strong>\u00a0- \u00c9chantillons physiques de couleurs multi-bases.<\/p>\n\n\n\n<hr class=\"wp-block-separator has-alpha-channel-opacity\"\/>\n\n\n\n<h4 class=\"wp-block-heading has-text-align-center\"><strong><strong><strong><strong><strong><strong><strong><strong><a href=\"https:\/\/avecobaggie.com\/fr\/custom-washable-paper-bag-manufactuer\/\" data-type=\"page\" data-id=\"8845\"><strong><strong><strong>Personnalisation <\/strong><\/strong><\/strong><\/a><strong><strong><strong><a href=\"https:\/\/avecobaggie.com\/fr\/customize-non-woven-bag-manufacturer\/\" data-type=\"page\" data-id=\"8967\">Flexibilit\u00e9<\/a><\/strong><\/strong><\/strong><\/strong><\/strong><\/strong><\/strong><\/strong><\/strong><\/strong><\/strong><\/h4>\n\n\n\n<p>- Ajout d'un rev\u00eatement ext\u00e9rieur en PE pour la protection contre les liquides<br>- Remplacer les cordons par des cordes en coton biologique<br>- Attachez des \u00e9tiquettes \u00e0 suspendre pour une pr\u00e9sentation en rayon<\/p>\n\n\n\n<figure class=\"wp-block-image size-full is-resized\"><img fetchpriority=\"high\" width=\"1530\" height=\"725\" src=\"https:\/\/avecobaggie.com\/wp-content\/uploads\/2025\/04\/Accessories-for-Non-woven-bag.jpg\" alt=\"Accessoires pour sacs non tiss\u00e9s\" class=\"wp-image-9551\" style=\"width:1180px\" srcset=\"https:\/\/avecobaggie.com\/wp-content\/uploads\/2025\/04\/Accessories-for-Non-woven-bag.jpg 1530w, https:\/\/avecobaggie.com\/wp-content\/uploads\/2025\/04\/Accessories-for-Non-woven-bag-300x142.jpg 300w, https:\/\/avecobaggie.com\/wp-content\/uploads\/2025\/04\/Accessories-for-Non-woven-bag-1024x485.jpg 1024w, https:\/\/avecobaggie.com\/wp-content\/uploads\/2025\/04\/Accessories-for-Non-woven-bag-768x364.jpg 768w, https:\/\/avecobaggie.com\/wp-content\/uploads\/2025\/04\/Accessories-for-Non-woven-bag-600x284.jpg 600w\" sizes=\"(max-width: 1530px) 100vw, 1530px\" \/><\/figure>\n\n\n\n<figure class=\"wp-block-image size-full is-resized\"><img width=\"790\" height=\"871\" src=\"https:\/\/avecobaggie.com\/wp-content\/uploads\/2025\/04\/Accessories-for-Non-woven-bag-2.jpg\" alt=\"Accessoires pour sacs non tiss\u00e9s\" class=\"wp-image-9552\" style=\"width:1180px\" srcset=\"https:\/\/avecobaggie.com\/wp-content\/uploads\/2025\/04\/Accessories-for-Non-woven-bag-2.jpg 790w, https:\/\/avecobaggie.com\/wp-content\/uploads\/2025\/04\/Accessories-for-Non-woven-bag-2-272x300.jpg 272w, https:\/\/avecobaggie.com\/wp-content\/uploads\/2025\/04\/Accessories-for-Non-woven-bag-2-768x847.jpg 768w, https:\/\/avecobaggie.com\/wp-content\/uploads\/2025\/04\/Accessories-for-Non-woven-bag-2-600x662.jpg 600w\" sizes=\"(max-width: 790px) 100vw, 790px\" \/><\/figure>\n\n\n\n<p><\/p>","protected":false},"excerpt":{"rendered":"<p>Scell\u00e9 \u00e0 chaud | Plusieurs tailles | Cordon en nylon | Personnalisable<\/p>","protected":false},"featured_media":9652,"comment_status":"open","ping_status":"closed","template":"","meta":{"_seopress_robots_primary_cat":"none","_seopress_titles_title":"Wholesale Drawstring Non-Woven Goodie Bags | 8 Sizes |","_seopress_titles_desc":"Heat-sealed drawstring pouches (10-45cm) in 10+ colors. Custom size\/print\/thickness. MOQ 2000 for cosmetics, travel kits & retail packaging.","_seopress_robots_index":""},"product_brand":[185],"product_cat":[92,105],"product_tag":[139],"class_list":{"0":"post-9647","1":"product","2":"type-product","3":"status-publish","4":"has-post-thumbnail","6":"product_brand-avecobaggie","7":"product_cat-drawstring-bag","8":"product_cat-non-woven-bag","9":"product_tag-non-woven-bag","11":"first","12":"instock","13":"taxable","14":"shipping-taxable","15":"product-type-simple"},"_links":{"self":[{"href":"https:\/\/avecobaggie.com\/fr\/wp-json\/wp\/v2\/product\/9647","targetHints":{"allow":["GET"]}}],"collection":[{"href":"https:\/\/avecobaggie.com\/fr\/wp-json\/wp\/v2\/product"}],"about":[{"href":"https:\/\/avecobaggie.com\/fr\/wp-json\/wp\/v2\/types\/product"}],"replies":[{"embeddable":true,"href":"https:\/\/avecobaggie.com\/fr\/wp-json\/wp\/v2\/comments?post=9647"}],"wp:featuredmedia":[{"embeddable":true,"href":"https:\/\/avecobaggie.com\/fr\/wp-json\/wp\/v2\/media\/9652"}],"wp:attachment":[{"href":"https:\/\/avecobaggie.com\/fr\/wp-json\/wp\/v2\/media?parent=9647"}],"wp:term":[{"taxonomy":"product_brand","embeddable":true,"href":"https:\/\/avecobaggie.com\/fr\/wp-json\/wp\/v2\/product_brand?post=9647"},{"taxonomy":"product_cat","embeddable":true,"href":"https:\/\/avecobaggie.com\/fr\/wp-json\/wp\/v2\/product_cat?post=9647"},{"taxonomy":"product_tag","embeddable":true,"href":"https:\/\/avecobaggie.com\/fr\/wp-json\/wp\/v2\/product_tag?post=9647"}],"curies":[{"name":"wp","href":"https:\/\/api.w.org\/{rel}","templated":true}]}}