{"id":998,"date":"2021-02-09T16:54:12","date_gmt":"2021-02-09T08:54:12","guid":{"rendered":"https:\/\/avecobaggie.com\/?post_type=product&#038;p=998"},"modified":"2021-03-30T11:21:34","modified_gmt":"2021-03-30T03:21:34","slug":"cheap-drawstring-backpack-bag","status":"publish","type":"product","link":"https:\/\/avecobaggie.com\/fr\/produit\/cheap-drawstring-backpack-bag\/","title":{"rendered":"Sac \u00e0 dos \u00e0 cordon bon march\u00e9"},"content":{"rendered":"<p>Aveco fournit principalement des sacs \u00e9cologiques personnalis\u00e9s avec un service de solution \u00e0 guichet unique. Nos sacs sont durables, de haute qualit\u00e9 et abordables pour r\u00e9pondre \u00e0 diff\u00e9rents besoins. Tous les mat\u00e9riaux que nous utilisons sont respectueux de l'environnement, notamment le coton, la toile, le lin, le jute, le feutre, etc. Si vous cherchez \u00e0 fabriquer des sacs pour votre marque priv\u00e9e ou pour des \u00e9v\u00e9nements promotionnels, nous pouvons r\u00e9pondre \u00e0 vos besoins en vrac avec un MOQ assez bas et une livraison rapide.<\/p>\n<p>CARACT\u00c9RISTIQUES DU PRODUIT<\/p>\n<ul>\n<li><strong>Style du sac<\/strong>: Drawstring backpack Bag<\/li>\n<li><strong>Type de mat\u00e9riau<\/strong>: Demin<\/li>\n<li><strong>Mat\u00e9riau Poids<\/strong>: 220gram<\/li>\n<li><strong>Couleur du mat\u00e9riau<\/strong>: dark blue<\/li>\n<li><strong>Taille du sac<\/strong>: 42X35cm\uff08 list with popular size, we accept customized size bag \uff09<\/li>\n<li><strong>Surface d'impression<\/strong>: 1 couleur | 2 couleurs | plus de couleurs| Impression compl\u00e8te, impression d'un c\u00f4t\u00e9 ou de deux c\u00f4t\u00e9s<\/li>\n<li><strong>Fermeture<\/strong>: Cordon de serrage<\/li>\n<li><strong>Instructions d'entretien<\/strong>: Lavage \u00e0 la main recommand\u00e9, lavage en machine possible, s\u00e9chage \u00e0 plat.<\/li>\n<\/ul>\n<p><span class=\"a-list-item\">\u00a0 \u00a0 \u00a0 \u00a0Multi-purpose Bag: Can be used for gym, sport, swimming, cycling, yoga, dance, travel, carry-on, luggage, camping, hiking, team work, training and more! A fabulous gift idea for everyone.<\/span><\/p>","protected":false},"excerpt":{"rendered":"<p>Eco friendly denim drawstring backpack is light weight, easy to carry outside and good for sports events such as marathon, with sponsor logo ,which can expand your brand\u3002<\/p>","protected":false},"featured_media":1014,"comment_status":"closed","ping_status":"closed","template":"","meta":{"_seopress_robots_primary_cat":"none","_seopress_titles_title":"","_seopress_titles_desc":"","_seopress_robots_index":""},"product_brand":[],"product_cat":[98,103,112,110],"product_tag":[129,128],"class_list":{"0":"post-998","1":"product","2":"type-product","3":"status-publish","4":"has-post-thumbnail","6":"product_cat-backpack-bag","7":"product_cat-other-fabric-bag","8":"product_cat-sports","9":"product_cat-travel","10":"product_tag-demin-bag","11":"product_tag-gym-sack","13":"first","14":"instock","15":"taxable","16":"shipping-taxable","17":"product-type-simple"},"_links":{"self":[{"href":"https:\/\/avecobaggie.com\/fr\/wp-json\/wp\/v2\/product\/998","targetHints":{"allow":["GET"]}}],"collection":[{"href":"https:\/\/avecobaggie.com\/fr\/wp-json\/wp\/v2\/product"}],"about":[{"href":"https:\/\/avecobaggie.com\/fr\/wp-json\/wp\/v2\/types\/product"}],"replies":[{"embeddable":true,"href":"https:\/\/avecobaggie.com\/fr\/wp-json\/wp\/v2\/comments?post=998"}],"wp:featuredmedia":[{"embeddable":true,"href":"https:\/\/avecobaggie.com\/fr\/wp-json\/wp\/v2\/media\/1014"}],"wp:attachment":[{"href":"https:\/\/avecobaggie.com\/fr\/wp-json\/wp\/v2\/media?parent=998"}],"wp:term":[{"taxonomy":"product_brand","embeddable":true,"href":"https:\/\/avecobaggie.com\/fr\/wp-json\/wp\/v2\/product_brand?post=998"},{"taxonomy":"product_cat","embeddable":true,"href":"https:\/\/avecobaggie.com\/fr\/wp-json\/wp\/v2\/product_cat?post=998"},{"taxonomy":"product_tag","embeddable":true,"href":"https:\/\/avecobaggie.com\/fr\/wp-json\/wp\/v2\/product_tag?post=998"}],"curies":[{"name":"wp","href":"https:\/\/api.w.org\/{rel}","templated":true}]}}