{"id":2919,"date":"2021-03-25T14:13:34","date_gmt":"2021-03-25T06:13:34","guid":{"rendered":"https:\/\/avecobaggie.com\/?page_id=2919"},"modified":"2022-01-26T09:31:51","modified_gmt":"2022-01-26T01:31:51","slug":"terms-of-service","status":"publish","type":"page","link":"https:\/\/avecobaggie.com\/it\/terms-of-service\/","title":{"rendered":"Terms of Service"},"content":{"rendered":"<div data-elementor-type=\"wp-page\" data-elementor-id=\"2919\" class=\"elementor elementor-2919\" data-elementor-post-type=\"page\">\n\t\t\t\t\t\t<section class=\"elementor-section elementor-top-section elementor-element elementor-element-dbb61f0 elementor-section-boxed elementor-section-height-default elementor-section-height-default\" data-id=\"dbb61f0\" data-element_type=\"section\">\n\t\t\t\t\t\t<div class=\"elementor-container elementor-column-gap-default\">\n\t\t\t\t\t<div class=\"elementor-column elementor-col-100 elementor-top-column elementor-element elementor-element-28acde3\" data-id=\"28acde3\" data-element_type=\"column\">\n\t\t\t<div class=\"elementor-widget-wrap elementor-element-populated\">\n\t\t\t\t\t\t<div class=\"elementor-element elementor-element-09b42ff elementor-widget elementor-widget-heading\" data-id=\"09b42ff\" data-element_type=\"widget\" data-widget_type=\"heading.default\">\n\t\t\t\t<div class=\"elementor-widget-container\">\n\t\t\t\t\t<h1 class=\"elementor-heading-title elementor-size-default\">Condizioni di servizio<\/h1>\t\t\t\t<\/div>\n\t\t\t\t<\/div>\n\t\t\t\t\t<\/div>\n\t\t<\/div>\n\t\t\t\t\t<\/div>\n\t\t<\/section>\n\t\t\t\t<section class=\"elementor-section elementor-top-section elementor-element elementor-element-a493d90 elementor-section-boxed elementor-section-height-default elementor-section-height-default\" data-id=\"a493d90\" data-element_type=\"section\">\n\t\t\t\t\t\t<div class=\"elementor-container elementor-column-gap-default\">\n\t\t\t\t\t<div class=\"elementor-column elementor-col-100 elementor-top-column elementor-element elementor-element-0bdda54\" data-id=\"0bdda54\" data-element_type=\"column\">\n\t\t\t<div class=\"elementor-widget-wrap elementor-element-populated\">\n\t\t\t\t\t\t<div class=\"elementor-element elementor-element-c8579ac elementor-widget elementor-widget-text-editor\" data-id=\"c8579ac\" data-element_type=\"widget\" data-widget_type=\"text-editor.default\">\n\t\t\t\t<div class=\"elementor-widget-container\">\n\t\t\t\t\t\t\t\t\t<h3>1. Termini e condizioni<\/h3><p>Accedendo al sito web all'indirizzo\u00a0<a href=\"https:\/\/avecobaggie.com\/it\/\">https:\/\/avecobaggie.com\/<\/a>L'utente accetta di essere vincolato da questi termini di servizio, da tutte le leggi e i regolamenti applicabili e accetta di essere responsabile del rispetto di tutte le leggi locali applicabili. Se non siete d'accordo con uno qualsiasi di questi termini, vi \u00e8 vietato utilizzare o accedere a questo sito. I materiali contenuti in questo sito sono protetti dalle leggi vigenti in materia di copyright e marchi di fabbrica.<\/p><h3>2. Licenza d'uso<\/h3><ol type=\"a\"><li>\u00c8 concessa l'autorizzazione a scaricare temporaneamente una copia dei materiali (informazioni o software) presenti sul sito web di Avecobaggie solo per uso personale, non commerciale e transitorio. Questa \u00e8 la concessione di una licenza, non un trasferimento di propriet\u00e0, e in base a questa licenza non si pu\u00f2:<ol type=\"i\"><li>modificare o copiare i materiali;<\/li><li>utilizzare i materiali per qualsiasi scopo commerciale o per qualsiasi esposizione pubblica (commerciale o non commerciale);<\/li><li>tentare di decompilare o decodificare qualsiasi software contenuto nel sito web di Avecobaggie;<\/li><li>rimuovere qualsiasi nota di copyright o di altri diritti di propriet\u00e0 dai materiali; oppure<\/li><li>trasferire i materiali a un'altra persona o \"rispecchiare\" i materiali su qualsiasi altro server.<\/li><\/ol><\/li><li>Questa licenza termina automaticamente se l'utente viola una qualsiasi di queste restrizioni e pu\u00f2 essere revocata da Avecobaggie in qualsiasi momento. Al termine della visione di questi materiali o alla cessazione della presente licenza, l'utente dovr\u00e0 distruggere qualsiasi materiale scaricato in suo possesso, sia in formato elettronico che cartaceo.<\/li><\/ol><h3>3. Esclusione di responsabilit\u00e0<\/h3><ol type=\"a\"><li>I materiali presenti sul sito web di Avecobaggie sono forniti \"cos\u00ec come sono\". Avecobaggie non fornisce alcuna garanzia, espressa o implicita, e con la presente esclude e nega tutte le altre garanzie, incluse, senza limitazioni, garanzie implicite o condizioni di commerciabilit\u00e0, idoneit\u00e0 per uno scopo particolare, o non violazione della propriet\u00e0 intellettuale o altre violazioni dei diritti.<\/li><li>Inoltre, Avecobaggie non garantisce n\u00e9 rilascia alcuna dichiarazione in merito all'accuratezza, ai risultati probabili o all'affidabilit\u00e0 dell'uso dei materiali presenti sul proprio sito web o altrimenti relativi a tali materiali o a qualsiasi sito collegato a questo sito.<\/li><\/ol><h3>4. Limitazioni<\/h3><p>In nessun caso Avecobaggie o i suoi fornitori saranno responsabili per eventuali danni (inclusi, senza limitazioni, danni per perdita di dati o profitti, o a causa di interruzione dell'attivit\u00e0) derivanti dall'uso o dall'impossibilit\u00e0 di utilizzare i materiali presenti sul sito web di Avecobaggie, anche se Avecobaggie o un rappresentante autorizzato di Avecobaggie \u00e8 stato informato oralmente o per iscritto della possibilit\u00e0 di tali danni. Poich\u00e9 alcune giurisdizioni non ammettono limitazioni alle garanzie implicite o limitazioni di responsabilit\u00e0 per danni conseguenti o accidentali, tali limitazioni potrebbero non essere applicabili all'utente.<\/p><h3>5. Accuratezza dei materiali<\/h3><p>I materiali presenti sul sito web di Avecobaggie potrebbero includere errori tecnici, tipografici o fotografici. Avecobaggie non garantisce che i materiali presenti sul suo sito web siano accurati, completi o aggiornati. Avecobaggie pu\u00f2 apportare modifiche ai materiali contenuti nel suo sito web in qualsiasi momento senza preavviso. Tuttavia Avecobaggie non si impegna ad aggiornare i materiali.<\/p><h3>6. Collegamenti<\/h3><p>Avecobaggie non ha esaminato tutti i siti collegati al proprio sito web e non \u00e8 responsabile dei contenuti di tali siti collegati. L'inclusione di qualsiasi link non implica l'approvazione del sito da parte di Avecobaggie. L'uso di tali siti collegati \u00e8 a rischio dell'utente.<\/p><h3>7. Modifiche<\/h3><p>Avecobaggie pu\u00f2 rivedere i termini di servizio del proprio sito web in qualsiasi momento e senza preavviso. Utilizzando questo sito web, l'utente accetta di essere vincolato dalla versione pi\u00f9 recente di questi termini di servizio.<\/p><h3>8. Legge applicabile<\/h3><p>I presenti termini e condizioni sono disciplinati e interpretati in conformit\u00e0 alle leggi della Cina e l'utente si sottopone irrevocabilmente alla giurisdizione esclusiva dei tribunali di tale Stato o localit\u00e0.<\/p>\t\t\t\t\t\t\t\t<\/div>\n\t\t\t\t<\/div>\n\t\t\t\t\t<\/div>\n\t\t<\/div>\n\t\t\t\t\t<\/div>\n\t\t<\/section>\n\t\t\t\t<\/div>","protected":false},"excerpt":{"rendered":"<p>Terms Of Sevice 1. Terms By accessing the website at&nbsp;https:\/\/avecobaggie.com\/, you are agreeing to be bound by these terms of service, all applicable laws and regulations, and agree that you are responsible for compliance with any applicable local laws. If you do not agree with any of these terms, you are prohibited from using or [&hellip;]<\/p>","protected":false},"author":1,"featured_media":0,"parent":0,"menu_order":0,"comment_status":"closed","ping_status":"closed","template":"","meta":{"_seopress_robots_primary_cat":"","_seopress_titles_title":"Avecobaggie - Terms Of Service","_seopress_titles_desc":"Terms of Service listed all the service we can provide you by the law.To provide you with protection","_seopress_robots_index":"","footnotes":""},"class_list":["post-2919","page","type-page","status-publish","hentry"],"_links":{"self":[{"href":"https:\/\/avecobaggie.com\/it\/wp-json\/wp\/v2\/pages\/2919","targetHints":{"allow":["GET"]}}],"collection":[{"href":"https:\/\/avecobaggie.com\/it\/wp-json\/wp\/v2\/pages"}],"about":[{"href":"https:\/\/avecobaggie.com\/it\/wp-json\/wp\/v2\/types\/page"}],"author":[{"embeddable":true,"href":"https:\/\/avecobaggie.com\/it\/wp-json\/wp\/v2\/users\/1"}],"replies":[{"embeddable":true,"href":"https:\/\/avecobaggie.com\/it\/wp-json\/wp\/v2\/comments?post=2919"}],"version-history":[{"count":5,"href":"https:\/\/avecobaggie.com\/it\/wp-json\/wp\/v2\/pages\/2919\/revisions"}],"predecessor-version":[{"id":5518,"href":"https:\/\/avecobaggie.com\/it\/wp-json\/wp\/v2\/pages\/2919\/revisions\/5518"}],"wp:attachment":[{"href":"https:\/\/avecobaggie.com\/it\/wp-json\/wp\/v2\/media?parent=2919"}],"curies":[{"name":"wp","href":"https:\/\/api.w.org\/{rel}","templated":true}]}}